{"id":9803,"date":"2022-12-12T17:19:19","date_gmt":"2022-12-12T17:19:19","guid":{"rendered":"https:\/\/naturcleaning.hu\/?post_type=product&#038;p=9803"},"modified":"2026-01-17T09:55:41","modified_gmt":"2026-01-17T09:55:41","slug":"krumpach-erzsebet-a-boseg-kertje-2-tobb-is-megterem","status":"publish","type":"product","link":"https:\/\/naturcleaning.hu\/en\/product\/krumpach-erzsebet-a-boseg-kertje-2-tobb-is-megterem\/","title":{"rendered":"Krumpach Erzs\u00e9bet: A b\u0151s\u00e9g kertje 2 \u2013 T\u00f6bb is megterem"},"content":{"rendered":"<p>T\u00f6bb is megterem \u2013 gabon\u00e1k, feh\u00e9rjeforr\u00e1sok a kiskertekben \u2013 konyhai praktik\u00e1k<\/p>\n<ul>\n<li>t\u00f6bb t\u00e1panyag \u2013 a talajban \u00e9s a n\u00f6v\u00e9nyekben<\/li>\n<li>t\u00f6bb energi\u00e1t ad\u00f3 z\u00f6lds\u00e9g, h\u00fcvelyes \u00e9s gabonaf\u00e9le \u2013 r\u00e9gi \u00faj n\u00f6v\u00e9nyekkel<\/li>\n<li>t\u00f6bb term\u00e9s, nagyobb t\u00f6meg n\u00e9gyzetm\u00e9terenk\u00e9nt<\/li>\n<li>t\u00f6bb vitamin \u00e9s \u00e1sv\u00e1nyi anyag \u2013 konyhai praktik\u00e1immal a gyors, egyszer\u0171, \u00edzletes \u00e9telekhez \u2013 a kertl\u00e1togat\u00f3im k\u00e9r\u00e9s\u00e9re<\/li>\n<li>t\u00f6bb term\u00e9ny\u00a0 \u2013 ha eladni is szeretn\u00e9l \u2013 EXTRA fejezet: Biokertb\u0151l j\u00f6vedelem \u2013 az \u00cdzes Udvar biofarm \u00edzel\u00edt\u0151je Bir\u00f3 M\u00e1ty\u00e1st\u00f3l<\/li>\n<\/ul>\n<p>A b\u0151s\u00e9g kertje 2 \u2013 fejezetek<\/p>\n<p><b>V\u00c1LT\u00c1S:<\/b>\u00a0Hogyan alkalmazkodjunk a megv\u00e1ltozott vil\u00e1ghoz \u00e9letm\u00f3dunkkal, szok\u00e1sainkkal? Milyen v\u00e1ltoztat\u00e1sokkal tudunk t\u00f6bbet kihozni a kert\u00fcnkb\u0151l?<\/p>\n<p><b>INGYEN KERT\u00c9SZKED\u00dcNK<\/b>: \u2013 ahogy a term\u00e9szet is! Vet\u0151mag, t\u00e1panyag, n\u00f6v\u00e9nyv\u00e9delem \u00f6nell\u00e1t\u00e1s, hogy z\u00f6lds\u00e9gekkel teljesen \u00f6nell\u00e1t\u00f3k legy\u00fcnk.<\/p>\n<p><b>MIT\u0150L M\u0170K\u00d6DIK A TEST\u00dcNK?<\/b>\u00a0Az energi\u00e1t ad\u00f3 teljes \u00e9rt\u00e9k\u0171 t\u00e1pl\u00e1l\u00e9kokt\u00f3l!\u00a0 V\u00e1lasszuk azokat a t\u00e1ny\u00e9runkra, amelyek igaz\u00e1n fontosak a szervezet\u00fcnknek.<\/p>\n<p><b>OKOS V\u00c1LASZT\u00c1S<\/b>\u00a0\u2013 Tervezz\u00fck \u00fajra a kiskert\u00fcnket- azt termelj\u00fck, ami j\u00f3l m\u0171k\u00f6dteti a test\u00fcnket \u00e9s mennyis\u00e9get is ad!<\/p>\n<p><b>PRAKTIKUS KONYHA<\/b>: Hogyan legyen t\u00e1pl\u00e1l\u00e9kunk egyszerre finom \u00e9s eg\u00e9szs\u00e9ges, egyszer\u0171, gyors m\u00f3dszerekkel?<\/p>","protected":false},"excerpt":{"rendered":"<p>T\u00f6bb is megterem \u2013 gabon\u00e1k, feh\u00e9rjeforr\u00e1sok a kiskertekben \u2013 konyhai praktik\u00e1k t\u00f6bb t\u00e1panyag \u2013 a talajban \u00e9s a n\u00f6v\u00e9nyekben t\u00f6bb energi\u00e1t ad\u00f3 z\u00f6lds\u00e9g, h\u00fcvelyes \u00e9s gabonaf\u00e9le \u2013 r\u00e9gi \u00faj n\u00f6v\u00e9nyekkel t\u00f6bb term\u00e9s, nagyobb t\u00f6meg n\u00e9gyzetm\u00e9terenk\u00e9nt t\u00f6bb vitamin \u00e9s \u00e1sv\u00e1nyi anyag \u2013 konyhai praktik\u00e1immal a gyors, egyszer\u0171, \u00edzletes \u00e9telekhez \u2013 a kertl\u00e1togat\u00f3im k\u00e9r\u00e9s\u00e9re t\u00f6bb term\u00e9ny\u00a0 \u2013 [&hellip;]<\/p>\n","protected":false},"featured_media":9804,"comment_status":"open","ping_status":"closed","template":"","meta":{"_acf_changed":false},"product_brand":[],"product_cat":[35],"product_tag":[],"class_list":{"0":"post-9803","1":"product","2":"type-product","3":"status-publish","4":"has-post-thumbnail","6":"product_cat-szakkonyv","8":"first","9":"instock","10":"shipping-taxable","11":"purchasable","12":"product-type-simple"},"acf":[],"_links":{"self":[{"href":"https:\/\/naturcleaning.hu\/en\/wp-json\/wp\/v2\/product\/9803","targetHints":{"allow":["GET"]}}],"collection":[{"href":"https:\/\/naturcleaning.hu\/en\/wp-json\/wp\/v2\/product"}],"about":[{"href":"https:\/\/naturcleaning.hu\/en\/wp-json\/wp\/v2\/types\/product"}],"replies":[{"embeddable":true,"href":"https:\/\/naturcleaning.hu\/en\/wp-json\/wp\/v2\/comments?post=9803"}],"wp:featuredmedia":[{"embeddable":true,"href":"https:\/\/naturcleaning.hu\/en\/wp-json\/wp\/v2\/media\/9804"}],"wp:attachment":[{"href":"https:\/\/naturcleaning.hu\/en\/wp-json\/wp\/v2\/media?parent=9803"}],"wp:term":[{"taxonomy":"product_brand","embeddable":true,"href":"https:\/\/naturcleaning.hu\/en\/wp-json\/wp\/v2\/product_brand?post=9803"},{"taxonomy":"product_cat","embeddable":true,"href":"https:\/\/naturcleaning.hu\/en\/wp-json\/wp\/v2\/product_cat?post=9803"},{"taxonomy":"product_tag","embeddable":true,"href":"https:\/\/naturcleaning.hu\/en\/wp-json\/wp\/v2\/product_tag?post=9803"}],"curies":[{"name":"wp","href":"https:\/\/api.w.org\/{rel}","templated":true}]}}