{"id":97,"date":"2021-05-28T14:11:56","date_gmt":"2021-05-28T14:11:56","guid":{"rendered":"https:\/\/cudyfuture.nomaddigital.hu\/?post_type=product&#038;p=97"},"modified":"2024-12-03T10:52:55","modified_gmt":"2024-12-03T10:52:55","slug":"levendula-csomag","status":"publish","type":"product","link":"https:\/\/naturcleaning.hu\/en\/product\/levendula-csomag\/","title":{"rendered":"Lavender kit"},"content":{"rendered":"<p>&nbsp;<\/p>\n<h3>Package contents:<\/h3>\n<p>1 toilet oil with premium lavender scent 200 ml<br \/>\n1 Drop Baby 3m + washing gel with lavender oil 1 liter<br \/>\n1 piece Soft Breeze fabric softener concentrate with lavender scent 1 liter<br \/>\n1 pc NATURCLEANING Pet deodorant 200 ml<\/p>\n<p>Gift: lavender essential oil 10 ml<\/p>","protected":false},"excerpt":{"rendered":"<p>&nbsp; Csomag tartalma: 1 db Wc olaj pr\u00e9mium levendula illattal 200 ml 1 db Csepke Baby 3m+ mos\u00f3g\u00e9l levendula olajjal 1 liter 1 db Soft Breeze \u00f6bl\u00edt\u0151 koncentr\u00e1tum levendula illattal 1 liter 1 db NATURCLEANING Kis\u00e1llat szagsemleges\u00edt\u0151 200 ml Aj\u00e1nd\u00e9k: levendula ill\u00f3olaj 10 ml<\/p>","protected":false},"featured_media":9247,"comment_status":"open","ping_status":"closed","template":"","meta":{"_acf_changed":false},"product_brand":[],"product_cat":[33],"product_tag":[],"class_list":{"0":"post-97","1":"product","2":"type-product","3":"status-publish","4":"has-post-thumbnail","6":"product_cat-csomagajanlat","8":"first","9":"instock","10":"shipping-taxable","11":"purchasable","12":"product-type-simple"},"acf":[],"_links":{"self":[{"href":"https:\/\/naturcleaning.hu\/en\/wp-json\/wp\/v2\/product\/97","targetHints":{"allow":["GET"]}}],"collection":[{"href":"https:\/\/naturcleaning.hu\/en\/wp-json\/wp\/v2\/product"}],"about":[{"href":"https:\/\/naturcleaning.hu\/en\/wp-json\/wp\/v2\/types\/product"}],"replies":[{"embeddable":true,"href":"https:\/\/naturcleaning.hu\/en\/wp-json\/wp\/v2\/comments?post=97"}],"wp:featuredmedia":[{"embeddable":true,"href":"https:\/\/naturcleaning.hu\/en\/wp-json\/wp\/v2\/media\/9247"}],"wp:attachment":[{"href":"https:\/\/naturcleaning.hu\/en\/wp-json\/wp\/v2\/media?parent=97"}],"wp:term":[{"taxonomy":"product_brand","embeddable":true,"href":"https:\/\/naturcleaning.hu\/en\/wp-json\/wp\/v2\/product_brand?post=97"},{"taxonomy":"product_cat","embeddable":true,"href":"https:\/\/naturcleaning.hu\/en\/wp-json\/wp\/v2\/product_cat?post=97"},{"taxonomy":"product_tag","embeddable":true,"href":"https:\/\/naturcleaning.hu\/en\/wp-json\/wp\/v2\/product_tag?post=97"}],"curies":[{"name":"wp","href":"https:\/\/api.w.org\/{rel}","templated":true}]}}