{"id":95,"date":"2021-05-28T14:09:32","date_gmt":"2021-05-28T12:09:32","guid":{"rendered":"https:\/\/cudyfuture.nomaddigital.hu\/?post_type=product&#038;p=95"},"modified":"2024-12-03T09:17:49","modified_gmt":"2024-12-03T09:17:49","slug":"kezdo-csomag","status":"publish","type":"product","link":"https:\/\/naturcleaning.hu\/en\/product\/kezdo-csomag\/","title":{"rendered":"Starter kit"},"content":{"rendered":"<h3>Package contents:<\/h3>\n<p>1 pcs Naturcleaning Teafa-Aloe hypoallergenic washing gel 1.5 liters<br \/>\n1 db Naturcleaning mosogat\u00f3szer koncentr\u00e1tum Pomelo-Citrus illattal 1 liter<br \/>\n1 toilet oil with premium orchid scent 200 ml<br \/>\n1 pc Naturcleaning General cleaning concentrate 1 liter<\/p>\n<p>Gift: 5 pcs 100 ml rinsing samples in several scents<\/p>","protected":false},"excerpt":{"rendered":"<p>Csomag tartalma: 1 db Naturcleaning Teafa-Aloe hipoallerg\u00e9n mos\u00f3g\u00e9l 1,5 liter 1 db Naturcleaning mosogat\u00f3szer koncentr\u00e1tum Pomelo-Citrus illattal 1 liter 1 db Wc olaj pr\u00e9mium orchidea illattal 200 ml 1 db Naturcleaning \u00c1ltal\u00e1nos tiszt\u00edt\u00f3szer koncentr\u00e1tum 1 liter Aj\u00e1nd\u00e9k: 5db 100 ml-es \u00f6bl\u00edt\u0151 minta t\u00f6bbf\u00e9le illatban<\/p>","protected":false},"featured_media":9248,"comment_status":"open","ping_status":"closed","template":"","meta":{"_acf_changed":false},"product_brand":[],"product_cat":[33],"product_tag":[],"class_list":{"0":"post-95","1":"product","2":"type-product","3":"status-publish","4":"has-post-thumbnail","6":"product_cat-csomagajanlat","8":"first","9":"instock","10":"shipping-taxable","11":"purchasable","12":"product-type-simple"},"acf":[],"_links":{"self":[{"href":"https:\/\/naturcleaning.hu\/en\/wp-json\/wp\/v2\/product\/95","targetHints":{"allow":["GET"]}}],"collection":[{"href":"https:\/\/naturcleaning.hu\/en\/wp-json\/wp\/v2\/product"}],"about":[{"href":"https:\/\/naturcleaning.hu\/en\/wp-json\/wp\/v2\/types\/product"}],"replies":[{"embeddable":true,"href":"https:\/\/naturcleaning.hu\/en\/wp-json\/wp\/v2\/comments?post=95"}],"wp:featuredmedia":[{"embeddable":true,"href":"https:\/\/naturcleaning.hu\/en\/wp-json\/wp\/v2\/media\/9248"}],"wp:attachment":[{"href":"https:\/\/naturcleaning.hu\/en\/wp-json\/wp\/v2\/media?parent=95"}],"wp:term":[{"taxonomy":"product_brand","embeddable":true,"href":"https:\/\/naturcleaning.hu\/en\/wp-json\/wp\/v2\/product_brand?post=95"},{"taxonomy":"product_cat","embeddable":true,"href":"https:\/\/naturcleaning.hu\/en\/wp-json\/wp\/v2\/product_cat?post=95"},{"taxonomy":"product_tag","embeddable":true,"href":"https:\/\/naturcleaning.hu\/en\/wp-json\/wp\/v2\/product_tag?post=95"}],"curies":[{"name":"wp","href":"https:\/\/api.w.org\/{rel}","templated":true}]}}