{"id":9309,"date":"2022-12-02T10:27:13","date_gmt":"2022-12-02T10:27:13","guid":{"rendered":"https:\/\/naturcleaning.hu\/?post_type=product&#038;p=9309"},"modified":"2024-11-10T22:51:49","modified_gmt":"2024-11-10T22:51:49","slug":"naturcleaning-powdery-perfume-mosoparfum-30-ml","status":"publish","type":"product","link":"https:\/\/naturcleaning.hu\/en\/product\/naturcleaning-powdery-perfume-mosoparfum-30-ml\/","title":{"rendered":"Naturcleaning Mos\u00f3parf\u00fcm Powdery Perfume 30 ml"},"content":{"rendered":"<p><strong>Naturcleaning Powdery Perfume mos\u00f3parf\u00fcm 30 ml<\/strong><\/p>\n<p>A Mos\u00f3parf\u00fcm hat\u00e1sosabb mint egy hagyom\u00e1nyos \u00f6bl\u00edt\u0151. A kis kiszerel\u00e9s ellen\u00e9re, sok\u00e1ig haszn\u00e1lhat\u00f3 (100 mos\u00e1s). Mivel intenz\u00edv illattal rendelkeznek, \u00edgy p\u00e1r csepp haszn\u00e1lata is elegend\u0151 alkalmank\u00e9nt.<\/p>\n<p>G\u00e9pi \u00e9s k\u00e9zi mos\u00e1shoz is alkalmazhat\u00f3.<\/p>\n<p>Sz\u00e1r\u00edt\u00f3g\u00e9pben is haszn\u00e1lhat\u00f3: \u00f6nts\u00f6n n\u00e9h\u00e1ny cseppet egy darab sz\u00f6vetre \u00e9s helyezze a sz\u00e1r\u00edt\u00f3g\u00e9pbe.<\/p>","protected":false},"excerpt":{"rendered":"<p>Naturcleaning Powdery Perfume mos\u00f3parf\u00fcm 30 ml A Mos\u00f3parf\u00fcm hat\u00e1sosabb mint egy hagyom\u00e1nyos \u00f6bl\u00edt\u0151. A kis kiszerel\u00e9s ellen\u00e9re, sok\u00e1ig haszn\u00e1lhat\u00f3 (100 mos\u00e1s). Mivel intenz\u00edv illattal rendelkeznek, \u00edgy p\u00e1r csepp haszn\u00e1lata is elegend\u0151 alkalmank\u00e9nt. G\u00e9pi \u00e9s k\u00e9zi mos\u00e1shoz is alkalmazhat\u00f3. Sz\u00e1r\u00edt\u00f3g\u00e9pben is haszn\u00e1lhat\u00f3: \u00f6nts\u00f6n n\u00e9h\u00e1ny cseppet egy darab sz\u00f6vetre \u00e9s helyezze a sz\u00e1r\u00edt\u00f3g\u00e9pbe.<\/p>","protected":false},"featured_media":9310,"comment_status":"open","ping_status":"closed","template":"","meta":{"_acf_changed":false},"product_brand":[],"product_cat":[59,18],"product_tag":[694],"class_list":{"0":"post-9309","1":"product","2":"type-product","3":"status-publish","4":"has-post-thumbnail","6":"product_cat-mosoparfum","7":"product_cat-oblito-koncentratum","8":"product_tag-100-mosas","10":"first","11":"instock","12":"shipping-taxable","13":"purchasable","14":"product-type-simple"},"acf":[],"_links":{"self":[{"href":"https:\/\/naturcleaning.hu\/en\/wp-json\/wp\/v2\/product\/9309","targetHints":{"allow":["GET"]}}],"collection":[{"href":"https:\/\/naturcleaning.hu\/en\/wp-json\/wp\/v2\/product"}],"about":[{"href":"https:\/\/naturcleaning.hu\/en\/wp-json\/wp\/v2\/types\/product"}],"replies":[{"embeddable":true,"href":"https:\/\/naturcleaning.hu\/en\/wp-json\/wp\/v2\/comments?post=9309"}],"wp:featuredmedia":[{"embeddable":true,"href":"https:\/\/naturcleaning.hu\/en\/wp-json\/wp\/v2\/media\/9310"}],"wp:attachment":[{"href":"https:\/\/naturcleaning.hu\/en\/wp-json\/wp\/v2\/media?parent=9309"}],"wp:term":[{"taxonomy":"product_brand","embeddable":true,"href":"https:\/\/naturcleaning.hu\/en\/wp-json\/wp\/v2\/product_brand?post=9309"},{"taxonomy":"product_cat","embeddable":true,"href":"https:\/\/naturcleaning.hu\/en\/wp-json\/wp\/v2\/product_cat?post=9309"},{"taxonomy":"product_tag","embeddable":true,"href":"https:\/\/naturcleaning.hu\/en\/wp-json\/wp\/v2\/product_tag?post=9309"}],"curies":[{"name":"wp","href":"https:\/\/api.w.org\/{rel}","templated":true}]}}