{"id":9269,"date":"2022-11-30T11:00:32","date_gmt":"2022-11-30T11:00:32","guid":{"rendered":"https:\/\/naturcleaning.hu\/?post_type=product&#038;p=9269"},"modified":"2024-12-03T09:50:25","modified_gmt":"2024-12-03T09:50:25","slug":"naturcleaning-mosogatogep-oblito-500-ml","status":"publish","type":"product","link":"https:\/\/naturcleaning.hu\/en\/product\/naturcleaning-mosogatogep-oblito-500-ml\/","title":{"rendered":"Naturcleaning Mosogat\u00f3g\u00e9p \u00f6bl\u00edt\u0151 500 ml"},"content":{"rendered":"<p style=\"text-align: center\"><strong>Special product line for allergy sufferers. Green Brand Award Winning Brand.<\/strong><\/p>\n<p><strong>Features:<\/strong><br \/>\n-Environmentally conscious dishwasher rinse<br \/>\n-Of course very effective<br \/>\n-Plant ingredients<br \/>\n-Smell and allergen free<br \/>\n-For people with allergies<br \/>\n- Strip and stain-free dishes<br \/>\n-phosphate-free, chlorine-free, paraben-free, cruelty-free, palm oil-free, vegan<br \/>\n-Biodegradable<br \/>\n-Economical dosing<br \/>\n-Hungarian product<br \/>\n-Refillable bottle<\/p>\n<p><strong>Description:<\/strong><br \/>\nBy using a natural Naturcleaning Sensitive dishwasher rinse, your dishes will be streak-free and stain-free, as well as helping to dry quickly. It cleans effectively without adding any chemicals<br \/>\nThanks to its citric acid content, you can protect your dishwasher from limescale build-up.<br \/>\nDue to its natural based composition, it does not pollute the environment. It does not pollute our living waters as it is completely biodegradable.<br \/>\n300ml Naturcleaning Sensitive dishwasher rinse is enough for 20 dishes.<br \/>\nApplication: Pour the liquid into the appropriate compartment according to the dishwasher manufacturer's instructions. The dishwasher automatically picks up the right amount of liquid.<\/p>","protected":false},"excerpt":{"rendered":"<p>Speci\u00e1lis term\u00e9kcsal\u00e1d allergi\u00e1ban szenved\u0151knek. Green Brand d\u00edjas m\u00e1rka. Jellemz\u0151i: -K\u00f6rnyezettudatos mosogat\u00f3g\u00e9p \u00f6bl\u00edt\u0151 -Term\u00e9szetesen hat\u00e9kony -N\u00f6v\u00e9nyi \u00f6sszetev\u0151k -Illat \u00e9s allerg\u00e9nmentes -Allergi\u00e1ban szenved\u0151knek - Cs\u00edk, \u00e9s foltmentesek ed\u00e9nyek -foszf\u00e1tmentes, kl\u00f3rmentes, parab\u00e9nmentes, \u00e1llatk\u00eds\u00e9rlet mentes, p\u00e1lmaolaj mentes, veg\u00e1n -Biol\u00f3giailag leboml\u00f3 -Gazdas\u00e1gosan adagolhat\u00f3 -Magyar term\u00e9k -\u00dajrat\u00f6lthet\u0151 flakon Le\u00edr\u00e1s: Term\u00e9szetes Naturcleaning Sensitive mosogat\u00f3g\u00e9p \u00f6bl\u00edt\u0151 haszn\u00e1lat\u00e1val az ed\u00e9nyek cs\u00edk, \u00e9s foltmentesek, valamint [&hellip;]<\/p>\n","protected":false},"featured_media":9270,"comment_status":"open","ping_status":"closed","template":"","meta":{"_acf_changed":false},"product_brand":[],"product_cat":[19,22],"product_tag":[],"class_list":{"0":"post-9269","1":"product","2":"type-product","3":"status-publish","4":"has-post-thumbnail","6":"product_cat-mosogatoszer","7":"product_cat-cudy-illat-es-allergenmentes-tisztitoszer","9":"first","10":"instock","11":"shipping-taxable","12":"purchasable","13":"product-type-simple"},"acf":[],"_links":{"self":[{"href":"https:\/\/naturcleaning.hu\/en\/wp-json\/wp\/v2\/product\/9269","targetHints":{"allow":["GET"]}}],"collection":[{"href":"https:\/\/naturcleaning.hu\/en\/wp-json\/wp\/v2\/product"}],"about":[{"href":"https:\/\/naturcleaning.hu\/en\/wp-json\/wp\/v2\/types\/product"}],"replies":[{"embeddable":true,"href":"https:\/\/naturcleaning.hu\/en\/wp-json\/wp\/v2\/comments?post=9269"}],"wp:featuredmedia":[{"embeddable":true,"href":"https:\/\/naturcleaning.hu\/en\/wp-json\/wp\/v2\/media\/9270"}],"wp:attachment":[{"href":"https:\/\/naturcleaning.hu\/en\/wp-json\/wp\/v2\/media?parent=9269"}],"wp:term":[{"taxonomy":"product_brand","embeddable":true,"href":"https:\/\/naturcleaning.hu\/en\/wp-json\/wp\/v2\/product_brand?post=9269"},{"taxonomy":"product_cat","embeddable":true,"href":"https:\/\/naturcleaning.hu\/en\/wp-json\/wp\/v2\/product_cat?post=9269"},{"taxonomy":"product_tag","embeddable":true,"href":"https:\/\/naturcleaning.hu\/en\/wp-json\/wp\/v2\/product_tag?post=9269"}],"curies":[{"name":"wp","href":"https:\/\/api.w.org\/{rel}","templated":true}]}}