{"id":9263,"date":"2022-11-30T10:05:14","date_gmt":"2022-11-30T10:05:14","guid":{"rendered":"https:\/\/naturcleaning.hu\/?post_type=product&#038;p=9263"},"modified":"2024-12-03T09:50:35","modified_gmt":"2024-12-03T09:50:35","slug":"naturcleaning-gepi-mosogatoszer-500-ml","status":"publish","type":"product","link":"https:\/\/naturcleaning.hu\/en\/product\/naturcleaning-gepi-mosogatoszer-500-ml\/","title":{"rendered":"Naturcleaning G\u00e9pi Mosogat\u00f3szer Almaecettel 500 ml"},"content":{"rendered":"<p>Naturcleaning G\u00e9pi mosogat\u00f3szer Almaecettel - A foltmentes csillog\u00f3 ed\u00e9nyek\u00e9rt<\/p>\n<p>It cleans effectively without the addition of unnecessary chemicals.<\/p>\n<p>VEG\u00c1N-nem tartalmaz \u00e1llati eredet\u0171 anyagokat. Biol\u00f3giailag j\u00f3l leboml\u00f3 fel\u00fcletakt\u00edv anyagokat tartalmaz.<\/p>\n<p>A benne l\u00e9v\u0151 almaecet k\u00e9pes feloldani a szennyez\u0151d\u00e9seket, zs\u00edrokat \u00e9s \u00e1sv\u00e1nyi lerak\u00f3d\u00e1sokat, Szagtalan\u00edt\u00f3, ami azt jelenti, hogy semleges\u00edti a kellemetlen szagokat.<\/p>\n<p>Haszn\u00e1lati utas\u00edt\u00e1s: \u00d6ntse k\u00f6zvetlen\u00fcl a mosogat\u00f3g\u00e9p adagol\u00f3 rekesz\u00e9be a mosogat\u00f3szert az adagol\u00e1si \u00fatmutat\u00f3 szerint.<\/p>\n<p>T\u00e1rol\u00e1s: + 5 C\u00b0 feletti h\u0151m\u00e9rs\u00e9kleten.<\/p>","protected":false},"excerpt":{"rendered":"<p>Naturcleaning G\u00e9pi mosogat\u00f3szer Almaecettel - A foltmentes csillog\u00f3 ed\u00e9nyek\u00e9rt Hat\u00e9konyan tiszt\u00edt felesleges vegyszerek hozz\u00e1ad\u00e1sa n\u00e9lk\u00fcl. VEG\u00c1N-nem tartalmaz \u00e1llati eredet\u0171 anyagokat. Biol\u00f3giailag j\u00f3l leboml\u00f3 fel\u00fcletakt\u00edv anyagokat tartalmaz. A benne l\u00e9v\u0151 almaecet k\u00e9pes feloldani a szennyez\u0151d\u00e9seket, zs\u00edrokat \u00e9s \u00e1sv\u00e1nyi lerak\u00f3d\u00e1sokat, Szagtalan\u00edt\u00f3, ami azt jelenti, hogy semleges\u00edti a kellemetlen szagokat. Haszn\u00e1lati utas\u00edt\u00e1s: \u00d6ntse k\u00f6zvetlen\u00fcl a mosogat\u00f3g\u00e9p adagol\u00f3 rekesz\u00e9be [&hellip;]<\/p>\n","protected":false},"featured_media":27408,"comment_status":"open","ping_status":"closed","template":"","meta":{"_acf_changed":false},"product_brand":[],"product_cat":[15,19],"product_tag":[658],"class_list":{"0":"post-9263","1":"product","2":"type-product","3":"status-publish","4":"has-post-thumbnail","6":"product_cat-egyeb","7":"product_cat-mosogatoszer","8":"product_tag-uj-termek","10":"first","11":"instock","12":"shipping-taxable","13":"purchasable","14":"product-type-simple"},"acf":[],"_links":{"self":[{"href":"https:\/\/naturcleaning.hu\/en\/wp-json\/wp\/v2\/product\/9263","targetHints":{"allow":["GET"]}}],"collection":[{"href":"https:\/\/naturcleaning.hu\/en\/wp-json\/wp\/v2\/product"}],"about":[{"href":"https:\/\/naturcleaning.hu\/en\/wp-json\/wp\/v2\/types\/product"}],"replies":[{"embeddable":true,"href":"https:\/\/naturcleaning.hu\/en\/wp-json\/wp\/v2\/comments?post=9263"}],"wp:featuredmedia":[{"embeddable":true,"href":"https:\/\/naturcleaning.hu\/en\/wp-json\/wp\/v2\/media\/27408"}],"wp:attachment":[{"href":"https:\/\/naturcleaning.hu\/en\/wp-json\/wp\/v2\/media?parent=9263"}],"wp:term":[{"taxonomy":"product_brand","embeddable":true,"href":"https:\/\/naturcleaning.hu\/en\/wp-json\/wp\/v2\/product_brand?post=9263"},{"taxonomy":"product_cat","embeddable":true,"href":"https:\/\/naturcleaning.hu\/en\/wp-json\/wp\/v2\/product_cat?post=9263"},{"taxonomy":"product_tag","embeddable":true,"href":"https:\/\/naturcleaning.hu\/en\/wp-json\/wp\/v2\/product_tag?post=9263"}],"curies":[{"name":"wp","href":"https:\/\/api.w.org\/{rel}","templated":true}]}}