{"id":91,"date":"2021-05-28T14:01:54","date_gmt":"2021-05-28T12:01:54","guid":{"rendered":"https:\/\/cudyfuture.nomaddigital.hu\/?post_type=product&#038;p=91"},"modified":"2026-04-06T20:25:50","modified_gmt":"2026-04-06T20:25:50","slug":"wash-taps-teafa-aloe-hipoallergen-mosogel-termekminta-100-ml","status":"publish","type":"product","link":"https:\/\/naturcleaning.hu\/en\/product\/wash-taps-teafa-aloe-hipoallergen-mosogel-termekminta-100-ml\/","title":{"rendered":"Naturcleaning Teafa-Aloe hipoallerg\u00e9n mos\u00f3g\u00e9l term\u00e9kminta 100 ml"},"content":{"rendered":"<p class=\"translation-block\">Wash Taps ECO Hypollaergen Wash Gel Teatree-Aloe is phosphate-free, chlorine-free, paraben-free, animal-free, palm oil-free, vegan, made from natural ingredients (corn oil, coconut oil), hypoallergenic detergent for colored clothes with tea tree oil and aloe.<\/p>","protected":false},"excerpt":{"rendered":"<p class=\"translation-block\">Wash Taps ECO Hypollaergen Wash Gel Teatree-Aloe is phosphate-free, chlorine-free, paraben-free, animal-free, palm oil-free, vegan, made from natural ingredients (corn oil, coconut oil), hypoallergenic detergent for colored clothes with tea tree oil and aloe.<\/p>","protected":false},"featured_media":5595,"comment_status":"open","ping_status":"closed","template":"","meta":{"_acf_changed":false},"product_brand":[],"product_cat":[34,36],"product_tag":[],"class_list":{"0":"post-91","1":"product","2":"type-product","3":"status-publish","4":"has-post-thumbnail","6":"product_cat-100-ml-es-termekminta","7":"product_cat-utazashoz","9":"first","10":"instock","11":"shipping-taxable","12":"purchasable","13":"product-type-simple"},"acf":[],"_links":{"self":[{"href":"https:\/\/naturcleaning.hu\/en\/wp-json\/wp\/v2\/product\/91","targetHints":{"allow":["GET"]}}],"collection":[{"href":"https:\/\/naturcleaning.hu\/en\/wp-json\/wp\/v2\/product"}],"about":[{"href":"https:\/\/naturcleaning.hu\/en\/wp-json\/wp\/v2\/types\/product"}],"replies":[{"embeddable":true,"href":"https:\/\/naturcleaning.hu\/en\/wp-json\/wp\/v2\/comments?post=91"}],"wp:featuredmedia":[{"embeddable":true,"href":"https:\/\/naturcleaning.hu\/en\/wp-json\/wp\/v2\/media\/5595"}],"wp:attachment":[{"href":"https:\/\/naturcleaning.hu\/en\/wp-json\/wp\/v2\/media?parent=91"}],"wp:term":[{"taxonomy":"product_brand","embeddable":true,"href":"https:\/\/naturcleaning.hu\/en\/wp-json\/wp\/v2\/product_brand?post=91"},{"taxonomy":"product_cat","embeddable":true,"href":"https:\/\/naturcleaning.hu\/en\/wp-json\/wp\/v2\/product_cat?post=91"},{"taxonomy":"product_tag","embeddable":true,"href":"https:\/\/naturcleaning.hu\/en\/wp-json\/wp\/v2\/product_tag?post=91"}],"curies":[{"name":"wp","href":"https:\/\/api.w.org\/{rel}","templated":true}]}}