{"id":89,"date":"2021-05-28T14:00:08","date_gmt":"2021-05-28T12:00:08","guid":{"rendered":"https:\/\/cudyfuture.nomaddigital.hu\/?post_type=product&#038;p=89"},"modified":"2023-02-02T09:21:05","modified_gmt":"2023-02-02T09:21:05","slug":"soft-power-eco-mosogatoszer-koncentratum-pomelo-citrus-termekminta-100-ml","status":"publish","type":"product","link":"https:\/\/naturcleaning.hu\/en\/product\/soft-power-eco-mosogatoszer-koncentratum-pomelo-citrus-termekminta-100-ml\/","title":{"rendered":"Naturcleaning Mosogat\u00f3szer Koncentr\u00e1tum Pomelo-Citrus term\u00e9kminta 100 ml"},"content":{"rendered":"<p class=\"translation-block\">Soft Power ECO Hypollaergenic dishwashing detergent concentrate is phosphate-free, chlorine-free, paraben-free, animal-free, palm oil-free, vegan, made from natural ingredients (corn oil, coconut oil). It contains biodegradable surfactants and only food coloring.<\/p>","protected":false},"excerpt":{"rendered":"<p class=\"translation-block\">Soft Power ECO Hypollaergenic dishwashing detergent concentrate is phosphate-free, chlorine-free, paraben-free, animal-free, palm oil-free, vegan, made from natural ingredients (corn oil, coconut oil). It contains biodegradable surfactants and only food coloring.<\/p>","protected":false},"featured_media":5596,"comment_status":"open","ping_status":"closed","template":"","meta":{"_acf_changed":false},"product_brand":[],"product_cat":[34,36],"product_tag":[],"class_list":{"0":"post-89","1":"product","2":"type-product","3":"status-publish","4":"has-post-thumbnail","6":"product_cat-100-ml-es-termekminta","7":"product_cat-utazashoz","9":"first","10":"instock","11":"shipping-taxable","12":"purchasable","13":"product-type-simple"},"acf":[],"_links":{"self":[{"href":"https:\/\/naturcleaning.hu\/en\/wp-json\/wp\/v2\/product\/89","targetHints":{"allow":["GET"]}}],"collection":[{"href":"https:\/\/naturcleaning.hu\/en\/wp-json\/wp\/v2\/product"}],"about":[{"href":"https:\/\/naturcleaning.hu\/en\/wp-json\/wp\/v2\/types\/product"}],"replies":[{"embeddable":true,"href":"https:\/\/naturcleaning.hu\/en\/wp-json\/wp\/v2\/comments?post=89"}],"wp:featuredmedia":[{"embeddable":true,"href":"https:\/\/naturcleaning.hu\/en\/wp-json\/wp\/v2\/media\/5596"}],"wp:attachment":[{"href":"https:\/\/naturcleaning.hu\/en\/wp-json\/wp\/v2\/media?parent=89"}],"wp:term":[{"taxonomy":"product_brand","embeddable":true,"href":"https:\/\/naturcleaning.hu\/en\/wp-json\/wp\/v2\/product_brand?post=89"},{"taxonomy":"product_cat","embeddable":true,"href":"https:\/\/naturcleaning.hu\/en\/wp-json\/wp\/v2\/product_cat?post=89"},{"taxonomy":"product_tag","embeddable":true,"href":"https:\/\/naturcleaning.hu\/en\/wp-json\/wp\/v2\/product_tag?post=89"}],"curies":[{"name":"wp","href":"https:\/\/api.w.org\/{rel}","templated":true}]}}