{"id":87,"date":"2021-05-28T13:57:44","date_gmt":"2021-05-28T11:57:44","guid":{"rendered":"https:\/\/cudyfuture.nomaddigital.hu\/?post_type=product&#038;p=87"},"modified":"2025-09-30T19:17:02","modified_gmt":"2025-09-30T19:17:02","slug":"soft-breeze-oblito-koncentratum-white-snow-hofeher-termekminta-100-ml","status":"publish","type":"product","link":"https:\/\/naturcleaning.hu\/en\/product\/soft-breeze-oblito-koncentratum-white-snow-hofeher-termekminta-100-ml\/","title":{"rendered":"Naturcleaning White Snow \u00d6bl\u00edt\u0151 term\u00e9kminta 100 ml"},"content":{"rendered":"<p>Soft Breeze fabric softener Hypoallergenic, phosphate-free, chlorine-free, paraben-free, animal-free, palm oil-free, vegan, made from natural ingredients (corn oil, coconut oil). Contains biodegradable surfactants. The clothes will be velvety soft to the touch.<\/p>\n<p>Fresh, softer scent with optical brightener.<\/p>\n<p>Also recommended for rinsing wedding dresses.<\/p>","protected":false},"excerpt":{"rendered":"<p>A Soft Breeze \u00f6bl\u00edt\u0151k Hypoallerg\u00e9n, foszf\u00e1tmentes, kl\u00f3rmentes, parab\u00e9nmentes, \u00e1llatk\u00eds\u00e9rlet mentes, p\u00e1lmaolaj mentes, veg\u00e1n, term\u00e9szetes \u00f6sszetev\u0151kb\u0151l k\u00e9sz\u00fclt (kukoricaolaj, k\u00f3kuszolaj). Biol\u00f3giailag j\u00f3l leboml\u00f3 fel\u00fcletakt\u00edv anyagokat tartalmaz. A ruh\u00e1k b\u00e1rsonyosan puha tapint\u00e1s\u00faak lesznek. Friss, l\u00e1gyabb illat optikai feh\u00e9r\u00edt\u0151vel. Menyasszonyi ruh\u00e1k \u00f6bl\u00edt\u00e9s\u00e9hez is aj\u00e1nlott term\u00e9k.<\/p>","protected":false},"featured_media":5597,"comment_status":"open","ping_status":"closed","template":"","meta":{"_acf_changed":false},"product_brand":[],"product_cat":[34,36],"product_tag":[],"class_list":{"0":"post-87","1":"product","2":"type-product","3":"status-publish","4":"has-post-thumbnail","6":"product_cat-100-ml-es-termekminta","7":"product_cat-utazashoz","9":"first","10":"instock","11":"shipping-taxable","12":"purchasable","13":"product-type-simple"},"acf":[],"_links":{"self":[{"href":"https:\/\/naturcleaning.hu\/en\/wp-json\/wp\/v2\/product\/87","targetHints":{"allow":["GET"]}}],"collection":[{"href":"https:\/\/naturcleaning.hu\/en\/wp-json\/wp\/v2\/product"}],"about":[{"href":"https:\/\/naturcleaning.hu\/en\/wp-json\/wp\/v2\/types\/product"}],"replies":[{"embeddable":true,"href":"https:\/\/naturcleaning.hu\/en\/wp-json\/wp\/v2\/comments?post=87"}],"wp:featuredmedia":[{"embeddable":true,"href":"https:\/\/naturcleaning.hu\/en\/wp-json\/wp\/v2\/media\/5597"}],"wp:attachment":[{"href":"https:\/\/naturcleaning.hu\/en\/wp-json\/wp\/v2\/media?parent=87"}],"wp:term":[{"taxonomy":"product_brand","embeddable":true,"href":"https:\/\/naturcleaning.hu\/en\/wp-json\/wp\/v2\/product_brand?post=87"},{"taxonomy":"product_cat","embeddable":true,"href":"https:\/\/naturcleaning.hu\/en\/wp-json\/wp\/v2\/product_cat?post=87"},{"taxonomy":"product_tag","embeddable":true,"href":"https:\/\/naturcleaning.hu\/en\/wp-json\/wp\/v2\/product_tag?post=87"}],"curies":[{"name":"wp","href":"https:\/\/api.w.org\/{rel}","templated":true}]}}