{"id":868,"date":"2022-01-28T10:55:29","date_gmt":"2022-01-28T10:55:29","guid":{"rendered":"https:\/\/naturcleaning.hu\/?post_type=product&#038;p=868"},"modified":"2024-12-19T22:23:41","modified_gmt":"2024-12-19T22:23:41","slug":"naturcleaning-white-hipoallergen-mosogel-15-liter","status":"publish","type":"product","link":"https:\/\/naturcleaning.hu\/en\/product\/naturcleaning-white-hipoallergen-mosogel-15-liter\/","title":{"rendered":"Naturcleaning White hypoallergenic washing gel 1.5 liters"},"content":{"rendered":"<p>Naturcleaning Color hypoallergenic washing gel can be used for both machine and hand washing. <strong>Thanks to its special composition,\u00a0<\/strong>which can be rinsed very well, we can wear clean clothes with a pleasant smell even after using a fabric softener.<\/p>\n<p>What textiles can be washed <strong>with Naturcleaning Color hypoallergenic<\/strong><strong>\u00a0<\/strong>detergent?<\/p>\n<p><strong>Naturcleaning Color hypoallergenic washing gel<\/strong>\u00a0gently cleanses, perfect for both wool and silk fabrics. It does not contain cellulase enzyme, so it is also suitable for washing bamboo nappies.<\/p>\n<p><strong>Green washing tips:<\/strong><\/p>\n<ul>\n<li style=\"list-style-type: none\">\n<ul>\n<li>The warm water dissolves on its own, use only the amount of detergent you need.<\/li>\n<\/ul>\n<\/li>\n<\/ul>\n<ul>\n<li style=\"list-style-type: none\">\n<ul>\n<li>Before washing, perform individual stain cleaning, soaking the laundry as needed.<\/li>\n<\/ul>\n<\/li>\n<\/ul>\n<ul>\n<li style=\"list-style-type: none\">\n<ul>\n<li>Only start a full wash.<\/li>\n<\/ul>\n<\/li>\n<\/ul>\n<ul>\n<li style=\"list-style-type: none\">\n<ul>\n<li>Do not leave detergent in the bottle, rinse with water during the last use.<\/li>\n<\/ul>\n<\/li>\n<\/ul>\n<ul>\n<li style=\"list-style-type: none\">\n<ul>\n<li>Without rinsing, even a washable substance can stick to the wall of the bottle.<\/li>\n<\/ul>\n<\/li>\n<\/ul>\n<ul>\n<li style=\"list-style-type: none\">\n<ul>\n<li>Use rinse aid only if necessary.<\/li>\n<\/ul>\n<\/li>\n<\/ul>\n<ul>\n<li style=\"list-style-type: none\">\n<ul>\n<li>Know the hardness of the water used for washing, take this into account when washing. In soft water, you can reduce the amount of detergent by up to a third.<\/li>\n<\/ul>\n<\/li>\n<\/ul>\n<p>If you suffer from a fragrance allergy, we recommend the Naturcleaning Sensitive fragrance and allergen-free product line.<\/p>","protected":false},"excerpt":{"rendered":"<p>A Naturcleaning White hipoallerg\u00e9n mos\u00f3g\u00e9l g\u00e9pi \u00e9s k\u00e9zi mos\u00e1shoz egyar\u00e1nt haszn\u00e1lhat\u00f3ak. Nagyon j\u00f3l, \u00f6bl\u00edthet\u0151, speci\u00e1lis \u00f6sszet\u00e9tel\u00e9nek\u00a0k\u00f6sz\u00f6nhet\u0151en \u00f6bl\u00edt\u0151 haszn\u00e1lata n\u00e9lk\u00fcl is kellemes illat\u00fa, tiszta ruh\u00e1kat vehet\u00fcnk fel mos\u00e1s ut\u00e1n. Milyen text\u00edli\u00e1k moshat\u00f3k a Naturcleaning White hipoallerg\u00e9n\u00a0mos\u00f3szerrel? Naturcleaning White hipoallerg\u00e9n mos\u00f3g\u00e9l\u00a0k\u00edm\u00e9letesen tiszt\u00edt, gyapj\u00fa \u00e9s selyem anyagokhoz is t\u00f6k\u00e9letes. Nem tartalmaz cellul\u00e1z enzimet, \u00edgy bambusz pelenk\u00e1k mos\u00e1s\u00e1ra is [&hellip;]<\/p>\n","protected":false},"featured_media":869,"comment_status":"open","ping_status":"closed","template":"","meta":{"_acf_changed":false},"product_brand":[],"product_cat":[17],"product_tag":[687],"class_list":{"0":"post-868","1":"product","2":"type-product","3":"status-publish","4":"has-post-thumbnail","6":"product_cat-mososzer","7":"product_tag-20-mosas","9":"first","10":"instock","11":"shipping-taxable","12":"purchasable","13":"product-type-simple"},"acf":[],"_links":{"self":[{"href":"https:\/\/naturcleaning.hu\/en\/wp-json\/wp\/v2\/product\/868","targetHints":{"allow":["GET"]}}],"collection":[{"href":"https:\/\/naturcleaning.hu\/en\/wp-json\/wp\/v2\/product"}],"about":[{"href":"https:\/\/naturcleaning.hu\/en\/wp-json\/wp\/v2\/types\/product"}],"replies":[{"embeddable":true,"href":"https:\/\/naturcleaning.hu\/en\/wp-json\/wp\/v2\/comments?post=868"}],"wp:featuredmedia":[{"embeddable":true,"href":"https:\/\/naturcleaning.hu\/en\/wp-json\/wp\/v2\/media\/869"}],"wp:attachment":[{"href":"https:\/\/naturcleaning.hu\/en\/wp-json\/wp\/v2\/media?parent=868"}],"wp:term":[{"taxonomy":"product_brand","embeddable":true,"href":"https:\/\/naturcleaning.hu\/en\/wp-json\/wp\/v2\/product_brand?post=868"},{"taxonomy":"product_cat","embeddable":true,"href":"https:\/\/naturcleaning.hu\/en\/wp-json\/wp\/v2\/product_cat?post=868"},{"taxonomy":"product_tag","embeddable":true,"href":"https:\/\/naturcleaning.hu\/en\/wp-json\/wp\/v2\/product_tag?post=868"}],"curies":[{"name":"wp","href":"https:\/\/api.w.org\/{rel}","templated":true}]}}