{"id":866,"date":"2022-01-28T10:29:23","date_gmt":"2022-01-28T10:29:23","guid":{"rendered":"https:\/\/naturcleaning.hu\/?post_type=product&#038;p=866"},"modified":"2026-02-11T18:12:42","modified_gmt":"2026-02-11T18:12:42","slug":"naturcleaning-teafa-aloe-hipoallergen-mosogel-15-liter","status":"publish","type":"product","link":"https:\/\/naturcleaning.hu\/en\/product\/naturcleaning-teafa-aloe-hipoallergen-mosogel-15-liter\/","title":{"rendered":"Naturcleaning Teafa Aloe hypoallergenic washing gel 1.5 liters"},"content":{"rendered":"<p>Naturcleaning Teatree-Aloe hypoallergenic washing gel is 1.5 liters of phosphate, chlorine and paraben-free, hypoallergenic detergent for colored clothes with tea tree oil and aloe. They can be used for both machine and hand washing. Very well rinsable,\u00a0<strong>Thanks to its special composition, <\/strong>we can wear clean clothes with a pleasant smell after washing without the use of fabric softener. No white detergent residue remains in the fabric. It contains biodegradable surfactants and only food coloring<\/p>\n<p>What textiles can be washed with Naturcleaning Teafa-Aloe hypoallergenic detergent?<\/p>\n<p><strong>The <\/strong>The washing gel gently cleans and is also perfect for wool and silk fabrics. It does not contain cellulase enzyme, so it is also suitable for washing bamboo nappies.<\/p>\n<p><strong>Green washing tips:<\/strong><\/p>\n<p>A meleg v\u00edz \u00f6nmag\u00e1ban is szennyold\u00f3 hat\u00e1s\u00fa, csak annyi mos\u00f3szert haszn\u00e1ljon, amennyi sz\u00fcks\u00e9ges. Mos\u00e1s el\u0151tt v\u00e9gezzen egyedi folttiszt\u00edt\u00e1st, sz\u00fcks\u00e9g szerint \u00e1ztassa be a szennyest. Csak teljes mos\u00e1st ind\u00edtson el. Ne hagyjon mos\u00f3szert a flakonban, az utols\u00f3 haszn\u00e1lat sor\u00e1n \u00f6bl\u00edtse ki v\u00edzzel. \u00d6bl\u00edt\u00e9s n\u00e9lk\u00fcl ak\u00e1r egy mos\u00e1sra val\u00f3 anyag is r\u00e1tapadhat a flakon fal\u00e1ra. Csak akkor haszn\u00e1ljon \u00f6bl\u00edt\u0151t ha sz\u00fcks\u00e9ges. Ismerje meg a mos\u00e1shoz haszn\u00e1lt v\u00edz kem\u00e9nys\u00e9g\u00e9t, vegye ezt figyelembe a mos\u00e1s sor\u00e1n. L\u00e1gy v\u00edzben a mos\u00f3szeradagot ak\u00e1r harmad\u00e1val is cs\u00f6kkentheti.<\/p>\n<ul>\n<li style=\"list-style-type: none\"><\/li>\n<\/ul>\n<ul>\n<li style=\"list-style-type: none\"><\/li>\n<\/ul>\n<ul>\n<li style=\"list-style-type: none\"><\/li>\n<\/ul>\n<ul>\n<li style=\"list-style-type: none\"><\/li>\n<\/ul>\n<ul>\n<li style=\"list-style-type: none\"><\/li>\n<\/ul>\n<ul>\n<li style=\"list-style-type: none\"><\/li>\n<\/ul>\n<p>If you suffer from a fragrance allergy, we recommend the fragrance- and allergen-free product range.<\/p>","protected":false},"excerpt":{"rendered":"<p>A Naturcleaning Teafa-Aloe hipoallerg\u00e9n mos\u00f3g\u00e9l 1,5 liter\u00a0foszf\u00e1t-, kl\u00f3r- \u00e9s parab\u00e9nmentes, hypoallergen mos\u00f3szer sz\u00ednes ruh\u00e1khoz teafa olajjal \u00e9s aloeval. \u00a0G\u00e9pi \u00e9s k\u00e9zi mos\u00e1shoz egyar\u00e1nt haszn\u00e1lhat\u00f3ak. Nagyon j\u00f3l, \u00f6bl\u00edthet\u0151,\u00a0speci\u00e1lis \u00f6sszet\u00e9tel\u00e9nek k\u00f6sz\u00f6nhet\u0151en \u00f6bl\u00edt\u0151 haszn\u00e1lata n\u00e9lk\u00fcl is kellemes illat\u00fa, tiszta ruh\u00e1kat vehet\u00fcnk fel mos\u00e1s ut\u00e1n. A text\u00edli\u00e1ban nem marad feh\u00e9r mos\u00f3szermaradv\u00e1ny. Biol\u00f3giailag j\u00f3l leboml\u00f3 fel\u00fcletakt\u00edv anyagokat \u00e9s kiz\u00e1r\u00f3lag \u00e9lelmiszeripari [&hellip;]<\/p>\n","protected":false},"featured_media":27820,"comment_status":"open","ping_status":"closed","template":"","meta":{"_acf_changed":false},"product_brand":[],"product_cat":[17],"product_tag":[687],"class_list":{"0":"post-866","1":"product","2":"type-product","3":"status-publish","4":"has-post-thumbnail","6":"product_cat-mososzer","7":"product_tag-20-mosas","9":"first","10":"instock","11":"shipping-taxable","12":"purchasable","13":"product-type-simple"},"acf":[],"_links":{"self":[{"href":"https:\/\/naturcleaning.hu\/en\/wp-json\/wp\/v2\/product\/866","targetHints":{"allow":["GET"]}}],"collection":[{"href":"https:\/\/naturcleaning.hu\/en\/wp-json\/wp\/v2\/product"}],"about":[{"href":"https:\/\/naturcleaning.hu\/en\/wp-json\/wp\/v2\/types\/product"}],"replies":[{"embeddable":true,"href":"https:\/\/naturcleaning.hu\/en\/wp-json\/wp\/v2\/comments?post=866"}],"wp:featuredmedia":[{"embeddable":true,"href":"https:\/\/naturcleaning.hu\/en\/wp-json\/wp\/v2\/media\/27820"}],"wp:attachment":[{"href":"https:\/\/naturcleaning.hu\/en\/wp-json\/wp\/v2\/media?parent=866"}],"wp:term":[{"taxonomy":"product_brand","embeddable":true,"href":"https:\/\/naturcleaning.hu\/en\/wp-json\/wp\/v2\/product_brand?post=866"},{"taxonomy":"product_cat","embeddable":true,"href":"https:\/\/naturcleaning.hu\/en\/wp-json\/wp\/v2\/product_cat?post=866"},{"taxonomy":"product_tag","embeddable":true,"href":"https:\/\/naturcleaning.hu\/en\/wp-json\/wp\/v2\/product_tag?post=866"}],"curies":[{"name":"wp","href":"https:\/\/api.w.org\/{rel}","templated":true}]}}