{"id":79,"date":"2021-05-28T13:49:26","date_gmt":"2021-05-28T11:49:26","guid":{"rendered":"https:\/\/cudyfuture.nomaddigital.hu\/?post_type=product&#038;p=79"},"modified":"2024-10-06T17:15:03","modified_gmt":"2024-10-06T17:15:03","slug":"soft-breeze-oblito-koncentratum-ocean-termekminta-100-ml","status":"publish","type":"product","link":"https:\/\/naturcleaning.hu\/en\/product\/soft-breeze-oblito-koncentratum-ocean-termekminta-100-ml\/","title":{"rendered":"Naturcleaning Ocean \u00d6bl\u00edt\u0151 term\u00e9kminta 100 ml"},"content":{"rendered":"<p><strong>Natural rinse concentrate. Pleasant, long-lasting scent for up to weeks.<\/strong><br \/>\n<strong>Green Brand d\u00edjas term\u00e9k.<\/strong><\/p>\n<p><strong>Features:<\/strong><br \/>\n- Cooling, clean, fresh scent<br \/>\n-Environmentally conscious fabric softener concentrate<br \/>\n-Pleasant smell even after using the dryer<br \/>\n-Plant ingredients<br \/>\n-Hypoallergenic<br \/>\n- Reduces creasing, making ironing easier<br \/>\n-phosphate-free, chlorine-free, paraben-free, cruelty-free, palm oil-free, vegan<br \/>\n-Biodegradable<br \/>\n-can be dispensed economically<br \/>\n-Hungarian product<br \/>\n-Refillable bottle<\/p>\n<p><strong>Description:<\/strong><br \/>\nNaturcleaning Ocean Fabric Softener Concentrate makes your clothes soft and comfortable to touch and dazzles with a long-lasting pleasant scent. Enjoy the gentle, pleasant scent that permeates your clothes and refreshes you.<br \/>\nOur Naturcleaning fabric softeners can provide pleasant-smelling clothes for up to weeks even after using a dryer.<br \/>\nThe fabric softener is hypoallergenic, phosphate-free, chlorine-free, paraben-free, cruelty-free, palm oil-free, vegan, made from natural ingredients (corn oil, coconut oil). Contains biodegradable surfactants.<br \/>\nDue to its natural based composition, it does not pollute the environment. It does not pollute our living waters as it is completely biodegradable.<\/p>\n<p>1 liters of fabric softener can be used to make 5 liters of fabric softener. During dilution, the intensity of the scent decreases.<\/p>","protected":false},"excerpt":{"rendered":"<p>Term\u00e9szetes \u00f6bl\u00edt\u0151 koncentr\u00e1tum. Kellemes, hosszan tart\u00f3 illat ak\u00e1r heteken \u00e1t. Green Brand d\u00edjas term\u00e9k. Jellemz\u0151i: - H\u0171s\u00edt\u0151, tiszta, friss illat -K\u00f6rnyezettudatos \u00f6bl\u00edt\u0151 koncentr\u00e1tum -Kellemes illat sz\u00e1r\u00edt\u00f3g\u00e9p haszn\u00e1lata ut\u00e1n is -N\u00f6v\u00e9nyi \u00f6sszetev\u0151k -Hypoallerg\u00e9n - Cs\u00f6kkenti a gy\u0171r\u0151d\u00e9st, ez\u00e1ltal megk\u00f6nny\u00edtheti a vasal\u00e1st -foszf\u00e1tmentes, kl\u00f3rmentes, parab\u00e9nmentes, \u00e1llatk\u00eds\u00e9rlet mentes, p\u00e1lmaolaj mentes, veg\u00e1n -Biol\u00f3giailag leboml\u00f3 -gazdas\u00e1gosan adagolhat\u00f3 -Magyar term\u00e9k -\u00dajrat\u00f6lthet\u0151 [&hellip;]<\/p>\n","protected":false},"featured_media":27394,"comment_status":"open","ping_status":"closed","template":"","meta":{"_acf_changed":false},"product_brand":[],"product_cat":[34,36],"product_tag":[],"class_list":{"0":"post-79","1":"product","2":"type-product","3":"status-publish","4":"has-post-thumbnail","6":"product_cat-100-ml-es-termekminta","7":"product_cat-utazashoz","9":"first","10":"instock","11":"shipping-taxable","12":"purchasable","13":"product-type-simple"},"acf":[],"_links":{"self":[{"href":"https:\/\/naturcleaning.hu\/en\/wp-json\/wp\/v2\/product\/79","targetHints":{"allow":["GET"]}}],"collection":[{"href":"https:\/\/naturcleaning.hu\/en\/wp-json\/wp\/v2\/product"}],"about":[{"href":"https:\/\/naturcleaning.hu\/en\/wp-json\/wp\/v2\/types\/product"}],"replies":[{"embeddable":true,"href":"https:\/\/naturcleaning.hu\/en\/wp-json\/wp\/v2\/comments?post=79"}],"wp:featuredmedia":[{"embeddable":true,"href":"https:\/\/naturcleaning.hu\/en\/wp-json\/wp\/v2\/media\/27394"}],"wp:attachment":[{"href":"https:\/\/naturcleaning.hu\/en\/wp-json\/wp\/v2\/media?parent=79"}],"wp:term":[{"taxonomy":"product_brand","embeddable":true,"href":"https:\/\/naturcleaning.hu\/en\/wp-json\/wp\/v2\/product_brand?post=79"},{"taxonomy":"product_cat","embeddable":true,"href":"https:\/\/naturcleaning.hu\/en\/wp-json\/wp\/v2\/product_cat?post=79"},{"taxonomy":"product_tag","embeddable":true,"href":"https:\/\/naturcleaning.hu\/en\/wp-json\/wp\/v2\/product_tag?post=79"}],"curies":[{"name":"wp","href":"https:\/\/api.w.org\/{rel}","templated":true}]}}