{"id":779,"date":"2022-01-24T09:01:18","date_gmt":"2022-01-24T09:01:18","guid":{"rendered":"https:\/\/naturcleaning.hu\/?post_type=product&#038;p=779"},"modified":"2026-04-06T10:41:09","modified_gmt":"2026-04-06T10:41:09","slug":"jardin-mandula-olaj-50-ml","status":"publish","type":"product","link":"https:\/\/naturcleaning.hu\/en\/product\/jardin-mandula-olaj-50-ml\/","title":{"rendered":"Jardin Almond oil 50 ml"},"content":{"rendered":"<p><strong>Hidegen sajtolt, b\u00e1zis olaj<\/strong><\/p>\n<p>A mandula olaj egy hideg sajtol\u00e1ssal kinyert finom\u00edtott n\u00f6v\u00e9nyi b\u00e1zisolaj, mely szagtalan, halv\u00e1nys\u00e1rga sz\u00edn\u0171. Kiv\u00e1l\u00f3 <strong>b\u0151rpuh\u00edt\u00f3 \u00e9s hidrat\u00e1l\u00f3<\/strong> tulajdons\u00e1ga miatt t\u00e1pl\u00e1lja \u00e9s puh\u00e1v\u00e1 teszi a b\u0151rt. A mandulaolaj egy enyhe \u00e9s klasszikus f\u00e9lzs\u00edrsav, amelyet a b\u0151r egyik legjobb term\u00e9szetes hidrat\u00e1l\u00f3j\u00e1nak haszn\u00e1lnak, an\u00e9lk\u00fcl, hogy zs\u00edros \u00e9rzetet hagyna haszn\u00e1lat ut\u00e1n. <strong>Tartalmaz A, B1, B2, B6 vitamint, kis mennyis\u00e9gben E \u00e9s D vitamint.<\/strong> Alkalmas ill\u00f3olajok h\u00edg\u00edt\u00e1s\u00e1ra, massz\u00e1zsolajok hordoz\u00f3anyagak\u00e9nt, azonban \u00f6nmag\u00e1ban is alkalmas minden b\u0151r t\u00edpus \u00e1pol\u00e1s\u00e1ra.<\/p>","protected":false},"excerpt":{"rendered":"<p>Hidegen sajtolt, b\u00e1zis olaj A mandula olaj egy hideg sajtol\u00e1ssal kinyert finom\u00edtott n\u00f6v\u00e9nyi b\u00e1zisolaj, mely szagtalan, halv\u00e1nys\u00e1rga sz\u00edn\u0171. Kiv\u00e1l\u00f3 b\u0151rpuh\u00edt\u00f3 \u00e9s hidrat\u00e1l\u00f3 tulajdons\u00e1ga miatt t\u00e1pl\u00e1lja \u00e9s puh\u00e1v\u00e1 teszi a b\u0151rt. A mandulaolaj egy enyhe \u00e9s klasszikus f\u00e9lzs\u00edrsav, amelyet a b\u0151r egyik legjobb term\u00e9szetes hidrat\u00e1l\u00f3j\u00e1nak haszn\u00e1lnak, an\u00e9lk\u00fcl, hogy zs\u00edros \u00e9rzetet hagyna haszn\u00e1lat ut\u00e1n. Tartalmaz A, B1, [&hellip;]<\/p>\n","protected":false},"featured_media":780,"comment_status":"open","ping_status":"closed","template":"","meta":{"_acf_changed":false},"product_brand":[],"product_cat":[27,21],"product_tag":[],"class_list":{"0":"post-779","1":"product","2":"type-product","3":"status-publish","4":"has-post-thumbnail","6":"product_cat-illoolaj","7":"product_cat-tusfurdok-szappanok-es-kozmetikumok","9":"first","10":"instock","11":"shipping-taxable","12":"purchasable","13":"product-type-simple"},"acf":[],"_links":{"self":[{"href":"https:\/\/naturcleaning.hu\/en\/wp-json\/wp\/v2\/product\/779","targetHints":{"allow":["GET"]}}],"collection":[{"href":"https:\/\/naturcleaning.hu\/en\/wp-json\/wp\/v2\/product"}],"about":[{"href":"https:\/\/naturcleaning.hu\/en\/wp-json\/wp\/v2\/types\/product"}],"replies":[{"embeddable":true,"href":"https:\/\/naturcleaning.hu\/en\/wp-json\/wp\/v2\/comments?post=779"}],"wp:featuredmedia":[{"embeddable":true,"href":"https:\/\/naturcleaning.hu\/en\/wp-json\/wp\/v2\/media\/780"}],"wp:attachment":[{"href":"https:\/\/naturcleaning.hu\/en\/wp-json\/wp\/v2\/media?parent=779"}],"wp:term":[{"taxonomy":"product_brand","embeddable":true,"href":"https:\/\/naturcleaning.hu\/en\/wp-json\/wp\/v2\/product_brand?post=779"},{"taxonomy":"product_cat","embeddable":true,"href":"https:\/\/naturcleaning.hu\/en\/wp-json\/wp\/v2\/product_cat?post=779"},{"taxonomy":"product_tag","embeddable":true,"href":"https:\/\/naturcleaning.hu\/en\/wp-json\/wp\/v2\/product_tag?post=779"}],"curies":[{"name":"wp","href":"https:\/\/api.w.org\/{rel}","templated":true}]}}