{"id":777,"date":"2022-01-24T08:59:29","date_gmt":"2022-01-24T08:59:29","guid":{"rendered":"https:\/\/naturcleaning.hu\/?post_type=product&#038;p=777"},"modified":"2026-04-03T07:40:15","modified_gmt":"2026-04-03T07:40:15","slug":"jardin-ligetszepe-olaj-50-ml","status":"publish","type":"product","link":"https:\/\/naturcleaning.hu\/en\/product\/jardin-ligetszepe-olaj-50-ml\/","title":{"rendered":"Jardin beauty of meadow oil 50 ml"},"content":{"rendered":"<p><strong>Hidegen sajtolt, b\u00e1zis olaj<\/strong><\/p>\n<p style=\"font-weight: 400\">A hidegen sajtolt ligetsz\u00e9pe olaj \u00e9rt\u00e9kes \u00f6sszevet\u0151inek k\u00f6sz\u00f6nhet\u0151en alkalmas a\u00a0 <strong>sz\u00e1raz, h\u00e1ml\u00f3, \u00e9rz\u00e9keny gyulladt b\u0151r \u00e1pol\u00e1s\u00e1ra<\/strong>. Enyh\u00edti a b\u0151r viszket\u00e9s\u00e9t, kisz\u00e1rad\u00e1s\u00e1t, seg\u00edti a b\u0151r v\u00e9d\u0151 r\u00e9teg\u00e9nek helyre\u00e1ll\u00edt\u00e1s\u00e1t, a b\u0151r meg\u00fajul\u00e1s\u00e1t, <strong>kiv\u00e1l\u00f3an hidrat\u00e1l<\/strong>. Ide\u00e1lis a szem k\u00f6r\u00fcli \u00e9rz\u00e9keny ter\u00fclet \u00e1pol\u00e1s\u00e1ra, a <strong>r\u00e1ncok kisim\u00edt\u00e1s\u00e1ra, halv\u00e1ny\u00edtja a szem alatti s\u00f6t\u00e9t karik\u00e1kat<\/strong>. Rendszeres haszn\u00e1lat\u00e1val fokozatosan cs\u00f6kkenthet\u0151k a szem \u00e9s sz\u00e1j k\u00f6r\u00fcli finom r\u00e1ncok.<\/p>","protected":false},"excerpt":{"rendered":"<p>Hidegen sajtolt, b\u00e1zis olaj A hidegen sajtolt ligetsz\u00e9pe olaj \u00e9rt\u00e9kes \u00f6sszevet\u0151inek k\u00f6sz\u00f6nhet\u0151en alkalmas a\u00a0 sz\u00e1raz, h\u00e1ml\u00f3, \u00e9rz\u00e9keny gyulladt b\u0151r \u00e1pol\u00e1s\u00e1ra. Enyh\u00edti a b\u0151r viszket\u00e9s\u00e9t, kisz\u00e1rad\u00e1s\u00e1t, seg\u00edti a b\u0151r v\u00e9d\u0151 r\u00e9teg\u00e9nek helyre\u00e1ll\u00edt\u00e1s\u00e1t, a b\u0151r meg\u00fajul\u00e1s\u00e1t, kiv\u00e1l\u00f3an hidrat\u00e1l. Ide\u00e1lis a szem k\u00f6r\u00fcli \u00e9rz\u00e9keny ter\u00fclet \u00e1pol\u00e1s\u00e1ra, a r\u00e1ncok kisim\u00edt\u00e1s\u00e1ra, halv\u00e1ny\u00edtja a szem alatti s\u00f6t\u00e9t karik\u00e1kat. Rendszeres haszn\u00e1lat\u00e1val fokozatosan [&hellip;]<\/p>\n","protected":false},"featured_media":778,"comment_status":"open","ping_status":"closed","template":"","meta":{"_acf_changed":false},"product_brand":[],"product_cat":[27,21],"product_tag":[],"class_list":{"0":"post-777","1":"product","2":"type-product","3":"status-publish","4":"has-post-thumbnail","6":"product_cat-illoolaj","7":"product_cat-tusfurdok-szappanok-es-kozmetikumok","9":"first","10":"instock","11":"shipping-taxable","12":"purchasable","13":"product-type-simple"},"acf":[],"_links":{"self":[{"href":"https:\/\/naturcleaning.hu\/en\/wp-json\/wp\/v2\/product\/777","targetHints":{"allow":["GET"]}}],"collection":[{"href":"https:\/\/naturcleaning.hu\/en\/wp-json\/wp\/v2\/product"}],"about":[{"href":"https:\/\/naturcleaning.hu\/en\/wp-json\/wp\/v2\/types\/product"}],"replies":[{"embeddable":true,"href":"https:\/\/naturcleaning.hu\/en\/wp-json\/wp\/v2\/comments?post=777"}],"wp:featuredmedia":[{"embeddable":true,"href":"https:\/\/naturcleaning.hu\/en\/wp-json\/wp\/v2\/media\/778"}],"wp:attachment":[{"href":"https:\/\/naturcleaning.hu\/en\/wp-json\/wp\/v2\/media?parent=777"}],"wp:term":[{"taxonomy":"product_brand","embeddable":true,"href":"https:\/\/naturcleaning.hu\/en\/wp-json\/wp\/v2\/product_brand?post=777"},{"taxonomy":"product_cat","embeddable":true,"href":"https:\/\/naturcleaning.hu\/en\/wp-json\/wp\/v2\/product_cat?post=777"},{"taxonomy":"product_tag","embeddable":true,"href":"https:\/\/naturcleaning.hu\/en\/wp-json\/wp\/v2\/product_tag?post=777"}],"curies":[{"name":"wp","href":"https:\/\/api.w.org\/{rel}","templated":true}]}}