{"id":771,"date":"2022-01-24T08:52:01","date_gmt":"2022-01-24T08:52:01","guid":{"rendered":"https:\/\/naturcleaning.hu\/?post_type=product&#038;p=771"},"modified":"2026-04-20T09:49:36","modified_gmt":"2026-04-20T09:49:36","slug":"jardin-argan-olaj-50-ml","status":"publish","type":"product","link":"https:\/\/naturcleaning.hu\/en\/product\/jardin-argan-olaj-50-ml\/","title":{"rendered":"Jardin Argan oil 50 ml"},"content":{"rendered":"<p><strong>Hidegen sajtolt, b\u00e1zis olaj<\/strong><\/p>\n<p>The oil obtained from the seeds of the stone fruit of the argan tree by cold pressing is argan oil. One of the most beneficial effects is to hydrate the skin. The fatty acids in it easily penetrate the upper layers of the skin and replenish the lost moisture by penetrating deep into the pores. Perfect, natural moisturizer for all skin types. Thanks to its anti-inflammatory effects, argan oil also cures diseases such as eczema and psoriasis.<\/p>","protected":false},"excerpt":{"rendered":"<p>Hidegen sajtolt, b\u00e1zis olaj Az arg\u00e1n fa csonth\u00e9jas term\u00e9s\u00e9nek magjaib\u00f3l, hidegen sajtol\u00e1ssal kinyert olaj az arg\u00e1n olaj. Egyik legkedvez\u0151bb hat\u00e1sa, hogy hidrat\u00e1lja a b\u0151rt. A benne tal\u00e1lhat\u00f3 zs\u00edrsavak ugyanis k\u00f6nnyed\u00e9n \u00e1thatolnak a b\u0151r fels\u0151 r\u00e9tegein, \u00e9s a p\u00f3rusok m\u00e9ly\u00e9be jutva p\u00f3tolj\u00e1k az elvesztett nedvess\u00e9get. Minden b\u0151rt\u00edpusnak t\u00f6k\u00e9letes, term\u00e9szetes hidrat\u00e1l\u00f3. Gyullad\u00e1scs\u00f6kkent\u0151 hat\u00e1sainak k\u00f6sz\u00f6nhet\u0151en, az arg\u00e1n olaj [&hellip;]<\/p>\n","protected":false},"featured_media":772,"comment_status":"open","ping_status":"closed","template":"","meta":{"_acf_changed":false},"product_brand":[],"product_cat":[27,21],"product_tag":[],"class_list":{"0":"post-771","1":"product","2":"type-product","3":"status-publish","4":"has-post-thumbnail","6":"product_cat-illoolaj","7":"product_cat-tusfurdok-szappanok-es-kozmetikumok","9":"first","10":"instock","11":"shipping-taxable","12":"purchasable","13":"product-type-simple"},"acf":[],"_links":{"self":[{"href":"https:\/\/naturcleaning.hu\/en\/wp-json\/wp\/v2\/product\/771","targetHints":{"allow":["GET"]}}],"collection":[{"href":"https:\/\/naturcleaning.hu\/en\/wp-json\/wp\/v2\/product"}],"about":[{"href":"https:\/\/naturcleaning.hu\/en\/wp-json\/wp\/v2\/types\/product"}],"replies":[{"embeddable":true,"href":"https:\/\/naturcleaning.hu\/en\/wp-json\/wp\/v2\/comments?post=771"}],"wp:featuredmedia":[{"embeddable":true,"href":"https:\/\/naturcleaning.hu\/en\/wp-json\/wp\/v2\/media\/772"}],"wp:attachment":[{"href":"https:\/\/naturcleaning.hu\/en\/wp-json\/wp\/v2\/media?parent=771"}],"wp:term":[{"taxonomy":"product_brand","embeddable":true,"href":"https:\/\/naturcleaning.hu\/en\/wp-json\/wp\/v2\/product_brand?post=771"},{"taxonomy":"product_cat","embeddable":true,"href":"https:\/\/naturcleaning.hu\/en\/wp-json\/wp\/v2\/product_cat?post=771"},{"taxonomy":"product_tag","embeddable":true,"href":"https:\/\/naturcleaning.hu\/en\/wp-json\/wp\/v2\/product_tag?post=771"}],"curies":[{"name":"wp","href":"https:\/\/api.w.org\/{rel}","templated":true}]}}