{"id":706,"date":"2022-01-14T09:28:16","date_gmt":"2022-01-14T09:28:16","guid":{"rendered":"https:\/\/cudyfuture.nomaddigital.hu\/?post_type=product&#038;p=706"},"modified":"2024-12-03T09:35:03","modified_gmt":"2024-12-03T09:35:03","slug":"relax-illoolaj-10-ml","status":"publish","type":"product","link":"https:\/\/naturcleaning.hu\/en\/product\/relax-illoolaj-10-ml\/","title":{"rendered":"Jardin Relax ill\u00f3olaj 10 ml"},"content":{"rendered":"<p>Usage: add 6-8 drops of the essential oil to an evaporating dish filled with water and an aroma lamp. To bathe, dissolve 3-6 drops in a tablespoon of honey, milk, cream, or stir in a bubble bath, then place in water.<\/p>\n<p>Alkalmaz\u00e1sa csak k\u00fcls\u0151leg!<\/p>\n<p>Never apply undiluted essential oils on the skin.<\/p>","protected":false},"excerpt":{"rendered":"<p>Felhaszn\u00e1l\u00e1sa: v\u00edzzel telt p\u00e1rologtat\u00f3 ed\u00e9nybe, aromal\u00e1mp\u00e1ba csepegtess\u00fcnk 6-8 cseppet az ill\u00f3olajb\u00f3l. F\u00fcrd\u00e9shez 3-6 cseppet oldjunk fel egy ev\u0151kan\u00e1lnyi m\u00e9zben, tejben, tejsz\u00ednben, vagy keverj\u00fck bele habf\u00fcrd\u0151be, majd ezut\u00e1n tegy\u00fck a v\u00edzbe. Alkalmaz\u00e1sa csak k\u00fcls\u0151leg! B\u0151r\u00f6n soha ne alkalmazzuk az ill\u00f3olajokat h\u00edg\u00edtatlanul.<\/p>","protected":false},"featured_media":707,"comment_status":"open","ping_status":"closed","template":"","meta":{"_acf_changed":false},"product_brand":[],"product_cat":[27],"product_tag":[],"class_list":{"0":"post-706","1":"product","2":"type-product","3":"status-publish","4":"has-post-thumbnail","6":"product_cat-illoolaj","8":"first","9":"instock","10":"shipping-taxable","11":"purchasable","12":"product-type-simple"},"acf":[],"_links":{"self":[{"href":"https:\/\/naturcleaning.hu\/en\/wp-json\/wp\/v2\/product\/706","targetHints":{"allow":["GET"]}}],"collection":[{"href":"https:\/\/naturcleaning.hu\/en\/wp-json\/wp\/v2\/product"}],"about":[{"href":"https:\/\/naturcleaning.hu\/en\/wp-json\/wp\/v2\/types\/product"}],"replies":[{"embeddable":true,"href":"https:\/\/naturcleaning.hu\/en\/wp-json\/wp\/v2\/comments?post=706"}],"wp:featuredmedia":[{"embeddable":true,"href":"https:\/\/naturcleaning.hu\/en\/wp-json\/wp\/v2\/media\/707"}],"wp:attachment":[{"href":"https:\/\/naturcleaning.hu\/en\/wp-json\/wp\/v2\/media?parent=706"}],"wp:term":[{"taxonomy":"product_brand","embeddable":true,"href":"https:\/\/naturcleaning.hu\/en\/wp-json\/wp\/v2\/product_brand?post=706"},{"taxonomy":"product_cat","embeddable":true,"href":"https:\/\/naturcleaning.hu\/en\/wp-json\/wp\/v2\/product_cat?post=706"},{"taxonomy":"product_tag","embeddable":true,"href":"https:\/\/naturcleaning.hu\/en\/wp-json\/wp\/v2\/product_tag?post=706"}],"curies":[{"name":"wp","href":"https:\/\/api.w.org\/{rel}","templated":true}]}}