{"id":69,"date":"2021-05-27T17:18:47","date_gmt":"2021-05-27T15:18:47","guid":{"rendered":"https:\/\/cudyfuture.nomaddigital.hu\/?post_type=product&#038;p=69"},"modified":"2024-07-11T08:18:33","modified_gmt":"2024-07-11T08:18:33","slug":"soft-breeze-new-generation-citrusrose-kellemes-illat-szaritogep-utan-is-termekminta-100-ml","status":"publish","type":"product","link":"https:\/\/naturcleaning.hu\/en\/product\/soft-breeze-new-generation-citrusrose-kellemes-illat-szaritogep-utan-is-termekminta-100-ml\/","title":{"rendered":"Naturcleaning Citrus&amp;Rose \u00f6bl\u00edt\u0151 term\u00e9kminta 100 ml"},"content":{"rendered":"<p>Do you want long-lasting soft and fragrant clothes after using the tumble dryer?<br \/>\nPr\u00f3b\u00e1lja ki a Citrus &amp; Rose \u00f6bl\u00edt\u0151nket.<\/p>\n<p><strong>With a slightly citrusy yet floral scent<\/strong><\/p>\n<p>A Naturcleaning \u00f6bl\u00edt\u0151k Hypoallerg\u00e9n, foszf\u00e1tmentes, kl\u00f3rmentes, parab\u00e9nmentes, \u00e1llatk\u00eds\u00e9rlet mentes, p\u00e1lmaolaj mentes, veg\u00e1n, term\u00e9szetes \u00f6sszetev\u0151kb\u0151l k\u00e9sz\u00fclt (sz\u00f3jabab). Biol\u00f3giailag j\u00f3l leboml\u00f3 fel\u00fcletakt\u00edv anyagokat tartalmaz.<\/p>\n<p>Due to its natural based composition, it does not pollute the environment. It does not pollute our living waters as it is completely biodegradable.<\/p>\n<p>G\u00e9pi mos\u00e1sn\u00e1l 4-5 kg ruh\u00e1hoz 20 ml sz\u00fcks\u00e9ges.<\/p>\n<p>100 ml \u00f6bl\u00edt\u0151b\u0151l 500 ml \u00f6bl\u00edt\u0151 k\u00e9sz\u00edthet\u0151. H\u00edg\u00edt\u00e1s sor\u00e1n az \u00f6bl\u00edt\u0151 illat\u00e1nak intenzit\u00e1sa cs\u00f6kken.<\/p>","protected":false},"excerpt":{"rendered":"<p>A sz\u00e1r\u00edt\u00f3g\u00e9p haszn\u00e1lat ut\u00e1n is hosszan tart\u00f3 puha \u00e9s illatos ruh\u00e1kat szeretne? Pr\u00f3b\u00e1lja ki a Citrus &amp; Rose \u00f6bl\u00edt\u0151nket. Enyh\u00e9n citrusos, de m\u00e9gis vir\u00e1gos illattal A Naturcleaning \u00f6bl\u00edt\u0151k Hypoallerg\u00e9n, foszf\u00e1tmentes, kl\u00f3rmentes, parab\u00e9nmentes, \u00e1llatk\u00eds\u00e9rlet mentes, p\u00e1lmaolaj mentes, veg\u00e1n, term\u00e9szetes \u00f6sszetev\u0151kb\u0151l k\u00e9sz\u00fclt (sz\u00f3jabab). Biol\u00f3giailag j\u00f3l leboml\u00f3 fel\u00fcletakt\u00edv anyagokat tartalmaz. Term\u00e9szetes n\u00f6v\u00e9nyi eredet\u0171 \u00f6sszet\u00e9tel\u00e9nek k\u00f6sz\u00f6nhet\u0151en nem szennyezi a [&hellip;]<\/p>\n","protected":false},"featured_media":27403,"comment_status":"open","ping_status":"closed","template":"","meta":{"_acf_changed":false},"product_brand":[],"product_cat":[34,36],"product_tag":[],"class_list":{"0":"post-69","1":"product","2":"type-product","3":"status-publish","4":"has-post-thumbnail","6":"product_cat-100-ml-es-termekminta","7":"product_cat-utazashoz","9":"first","10":"instock","11":"shipping-taxable","12":"purchasable","13":"product-type-simple"},"acf":[],"_links":{"self":[{"href":"https:\/\/naturcleaning.hu\/en\/wp-json\/wp\/v2\/product\/69","targetHints":{"allow":["GET"]}}],"collection":[{"href":"https:\/\/naturcleaning.hu\/en\/wp-json\/wp\/v2\/product"}],"about":[{"href":"https:\/\/naturcleaning.hu\/en\/wp-json\/wp\/v2\/types\/product"}],"replies":[{"embeddable":true,"href":"https:\/\/naturcleaning.hu\/en\/wp-json\/wp\/v2\/comments?post=69"}],"wp:featuredmedia":[{"embeddable":true,"href":"https:\/\/naturcleaning.hu\/en\/wp-json\/wp\/v2\/media\/27403"}],"wp:attachment":[{"href":"https:\/\/naturcleaning.hu\/en\/wp-json\/wp\/v2\/media?parent=69"}],"wp:term":[{"taxonomy":"product_brand","embeddable":true,"href":"https:\/\/naturcleaning.hu\/en\/wp-json\/wp\/v2\/product_brand?post=69"},{"taxonomy":"product_cat","embeddable":true,"href":"https:\/\/naturcleaning.hu\/en\/wp-json\/wp\/v2\/product_cat?post=69"},{"taxonomy":"product_tag","embeddable":true,"href":"https:\/\/naturcleaning.hu\/en\/wp-json\/wp\/v2\/product_tag?post=69"}],"curies":[{"name":"wp","href":"https:\/\/api.w.org\/{rel}","templated":true}]}}