{"id":602,"date":"2021-12-13T10:41:36","date_gmt":"2021-12-13T10:41:36","guid":{"rendered":"https:\/\/cudyfuture.nomaddigital.hu\/?post_type=product&#038;p=602"},"modified":"2026-02-10T13:01:30","modified_gmt":"2026-02-10T13:01:30","slug":"toth-andi-dobd-ki-a-szemetest","status":"publish","type":"product","link":"https:\/\/naturcleaning.hu\/en\/product\/toth-andi-dobd-ki-a-szemetest\/","title":{"rendered":"Andi T\u00f3th Throw away your trash can!"},"content":{"rendered":"<p>Andi T\u00f3th Throw away your trash can!<br \/>\nWaste reduction step by step<\/p>\n<p>Andi T\u00f3th, a zero-waste activist, blogger, mother of three children, housewife, has written an authentic zero-waste practical handbook, based on her own experience, which is specifically tailored to Hungarian conditions.<\/p>\n<p><strong>About the book<\/strong><br \/>\nAn authentic zero-waste practical handbook based on the author's own experience, written with emphasis on Hungarian conditions, which accompanies the reader step by step in the process of waste minimization:<\/p>\n<p>\u2022 Attitudinal foundations for a zero waste lifestyle<br \/>\n\u2022 practical steps from 6 areas of everyday life are presented on three levels - beginner, advanced, and super advanced: approach, shopping, kitchen, bathroom, cleaning, garden<br \/>\n\u2022 curiosities at the end of each section: historical review, domestic and international statistics, \u2022 foreign inspirations, bucks<br \/>\n\u2022 savings potential in HUF at the end of each part for the budget of an average Hungarian family of 5 people<br \/>\n\u2022 legal aspects of Hungary and the European Union<br \/>\n\u2022 foundations, organizations, collection points, non-profit businesses, applications<br \/>\n\u2022 an overview of social aspects - communities, family and friends, school, workplace<br \/>\n\u2022 29 tried-and-tested recipes for home-made cleansers and cosmetics<br \/>\n\u2022 Zero waste household raw material list<br \/>\n\u2022 Presentation and contact details of webshops and stores selling products supporting the zero waste lifestyle in Hungary<br \/>\n\u2022 Motivational checklist appendix to document the individual journey to a zero-waste household<\/p>\n<p>\u2026 Because we believe that every little step counts!<\/p>","protected":false},"excerpt":{"rendered":"<p>T\u00d3TH ANDI: DOBD KI A SZEMETEST! Hullad\u00e9kcs\u00f6kkent\u00e9s l\u00e9p\u00e9sr\u0151l l\u00e9p\u00e9sre T\u00f3th Andi z\u00e9r\u00f3 hullad\u00e9k aktivista, blogger, h\u00e1rom gyermekes \u00e9desanya, h\u00e1ziasszony egy hangs\u00falyozottan magyarorsz\u00e1gi viszonyokra szabott, saj\u00e1t tapasztalatain alapul\u00f3, hiteles z\u00e9r\u00f3 hullad\u00e9k gyakorlati k\u00e9zik\u00f6nyvet \u00edrt, amely l\u00e9p\u00e9sr\u0151l l\u00e9p\u00e9sre elk\u00eds\u00e9ri az olvas\u00f3t a hullad\u00e9kminimaliz\u00e1l\u00e1s folyamat\u00e1ban. A k\u00f6nyvr\u0151l Egy hangs\u00falyozottan magyarorsz\u00e1gi viszonyokra \u00edr\u00f3dott, a szerz\u0151 saj\u00e1t tapasztalatain alapul\u00f3, hiteles [&hellip;]<\/p>\n","protected":false},"featured_media":603,"comment_status":"open","ping_status":"closed","template":"","meta":{"_acf_changed":false},"product_brand":[],"product_cat":[35],"product_tag":[],"class_list":{"0":"post-602","1":"product","2":"type-product","3":"status-publish","4":"has-post-thumbnail","6":"product_cat-szakkonyv","8":"first","9":"instock","10":"shipping-taxable","11":"purchasable","12":"product-type-simple"},"acf":[],"_links":{"self":[{"href":"https:\/\/naturcleaning.hu\/en\/wp-json\/wp\/v2\/product\/602","targetHints":{"allow":["GET"]}}],"collection":[{"href":"https:\/\/naturcleaning.hu\/en\/wp-json\/wp\/v2\/product"}],"about":[{"href":"https:\/\/naturcleaning.hu\/en\/wp-json\/wp\/v2\/types\/product"}],"replies":[{"embeddable":true,"href":"https:\/\/naturcleaning.hu\/en\/wp-json\/wp\/v2\/comments?post=602"}],"wp:featuredmedia":[{"embeddable":true,"href":"https:\/\/naturcleaning.hu\/en\/wp-json\/wp\/v2\/media\/603"}],"wp:attachment":[{"href":"https:\/\/naturcleaning.hu\/en\/wp-json\/wp\/v2\/media?parent=602"}],"wp:term":[{"taxonomy":"product_brand","embeddable":true,"href":"https:\/\/naturcleaning.hu\/en\/wp-json\/wp\/v2\/product_brand?post=602"},{"taxonomy":"product_cat","embeddable":true,"href":"https:\/\/naturcleaning.hu\/en\/wp-json\/wp\/v2\/product_cat?post=602"},{"taxonomy":"product_tag","embeddable":true,"href":"https:\/\/naturcleaning.hu\/en\/wp-json\/wp\/v2\/product_tag?post=602"}],"curies":[{"name":"wp","href":"https:\/\/api.w.org\/{rel}","templated":true}]}}