{"id":5694,"date":"2022-07-15T13:15:14","date_gmt":"2022-07-15T13:15:14","guid":{"rendered":"https:\/\/naturcleaning.hu\/?post_type=product&#038;p=5694"},"modified":"2025-09-16T19:04:50","modified_gmt":"2025-09-16T19:04:50","slug":"naturcleaning-kerekpar-tisztito","status":"publish","type":"product","link":"https:\/\/naturcleaning.hu\/en\/product\/naturcleaning-kerekpar-tisztito\/","title":{"rendered":"Naturcleaning Bike Cleaner 500 ml"},"content":{"rendered":"<p>A Naturcleaning ker\u00e9kp\u00e1r tiszt\u00edt\u00f3 hihetetlen tiszt\u00edt\u00f3hat\u00e1ssal rendelkezik. Seg\u00edti a ker\u00e9kp\u00e1r karbantart\u00e1s\u00e1t. Gyorsan \u00e9s hat\u00e9konyan laz\u00edtja fel a szennyez\u0151d\u00e9seket, mik\u00f6zben v\u00e9di \u00e9s nem k\u00e1ros\u00edtja a festett fel\u00fcleteket, gumialkatr\u00e9szeket. Kiv\u00e1l\u00f3an zs\u00edrtalan\u00edt \u00e9s eredm\u00e9nyesen feloldja a s\u00e1rfelver\u0151d\u00e9st.<\/p>\n<p>Biol\u00f3giailag leboml\u00f3 term\u00e9k. \u00c9l\u0151v\u00edzbe, csatorn\u00e1ba, term\u00e9szetbe ker\u00fclve k\u00f6rnyezetbar\u00e1t m\u00f3don viselkedik.<\/p>\n<p>Felhaszn\u00e1l\u00e1s: HASZN\u00c1LAT EL\u0150TT FELR\u00c1ZAND\u00d3. A term\u00e9ket sz\u00f3r\u00f3fej haszn\u00e1lat\u00e1val felvissz\u00fck a szennyezett fel\u00fcletre (v\u00e1lt\u00f3k, ped\u00e1lok, monoblokk, v\u00e1z). .) 2-5 perc ut\u00e1n tiszta v\u00edzzel alaposan lemossuk. Er\u0151sen szennyezett mechanikus alkatr\u00e9szek tiszt\u00edt\u00e1s\u00e1ra is kiv\u00e1l\u00f3an alkalmas (l\u00e1nc,fogaskerekek, stb.)<\/p>\n<p>T\u00e1rol\u00e1s +5 oC feletti h\u0151m\u00e9rs\u00e9kleten.<\/p>","protected":false},"excerpt":{"rendered":"<p>A Naturcleaning ker\u00e9kp\u00e1r tiszt\u00edt\u00f3 hihetetlen tiszt\u00edt\u00f3hat\u00e1ssal rendelkezik. Seg\u00edti a ker\u00e9kp\u00e1r karbantart\u00e1s\u00e1t. Gyorsan \u00e9s hat\u00e9konyan laz\u00edtja fel a szennyez\u0151d\u00e9seket, mik\u00f6zben v\u00e9di \u00e9s nem k\u00e1ros\u00edtja a festett fel\u00fcleteket, gumialkatr\u00e9szeket. Kiv\u00e1l\u00f3an zs\u00edrtalan\u00edt \u00e9s eredm\u00e9nyesen feloldja a s\u00e1rfelver\u0151d\u00e9st. Biol\u00f3giailag leboml\u00f3 term\u00e9k. \u00c9l\u0151v\u00edzbe, csatorn\u00e1ba, term\u00e9szetbe ker\u00fclve k\u00f6rnyezetbar\u00e1t m\u00f3don viselkedik. Felhaszn\u00e1l\u00e1s: HASZN\u00c1LAT EL\u0150TT FELR\u00c1ZAND\u00d3. A term\u00e9ket sz\u00f3r\u00f3fej haszn\u00e1lat\u00e1val felvissz\u00fck a szennyezett [&hellip;]<\/p>\n","protected":false},"featured_media":5695,"comment_status":"open","ping_status":"closed","template":"","meta":{"_acf_changed":false},"product_brand":[],"product_cat":[61,24,29],"product_tag":[],"class_list":{"0":"post-5694","1":"product","2":"type-product","3":"status-publish","4":"has-post-thumbnail","6":"product_cat-a-sportok-szerelmeseinek-crossfit-funkcionalis-fitness-sport-silk-hammock-joga","7":"product_cat-altalanos-tisztito-es-felmososzer","8":"product_cat-ipari-tisztitoszer","10":"first","11":"instock","12":"shipping-taxable","13":"purchasable","14":"product-type-simple"},"acf":[],"_links":{"self":[{"href":"https:\/\/naturcleaning.hu\/en\/wp-json\/wp\/v2\/product\/5694","targetHints":{"allow":["GET"]}}],"collection":[{"href":"https:\/\/naturcleaning.hu\/en\/wp-json\/wp\/v2\/product"}],"about":[{"href":"https:\/\/naturcleaning.hu\/en\/wp-json\/wp\/v2\/types\/product"}],"replies":[{"embeddable":true,"href":"https:\/\/naturcleaning.hu\/en\/wp-json\/wp\/v2\/comments?post=5694"}],"wp:featuredmedia":[{"embeddable":true,"href":"https:\/\/naturcleaning.hu\/en\/wp-json\/wp\/v2\/media\/5695"}],"wp:attachment":[{"href":"https:\/\/naturcleaning.hu\/en\/wp-json\/wp\/v2\/media?parent=5694"}],"wp:term":[{"taxonomy":"product_brand","embeddable":true,"href":"https:\/\/naturcleaning.hu\/en\/wp-json\/wp\/v2\/product_brand?post=5694"},{"taxonomy":"product_cat","embeddable":true,"href":"https:\/\/naturcleaning.hu\/en\/wp-json\/wp\/v2\/product_cat?post=5694"},{"taxonomy":"product_tag","embeddable":true,"href":"https:\/\/naturcleaning.hu\/en\/wp-json\/wp\/v2\/product_tag?post=5694"}],"curies":[{"name":"wp","href":"https:\/\/api.w.org\/{rel}","templated":true}]}}