{"id":569,"date":"2021-12-07T16:40:46","date_gmt":"2021-12-07T15:40:46","guid":{"rendered":"https:\/\/cudyfuture.nomaddigital.hu\/?post_type=product&#038;p=569"},"modified":"2025-09-30T18:59:20","modified_gmt":"2025-09-30T18:59:20","slug":"soft-breeze-oblito-koncentratum-sunshine-napsugar","status":"publish","type":"product","link":"https:\/\/naturcleaning.hu\/en\/product\/soft-breeze-oblito-koncentratum-sunshine-napsugar\/","title":{"rendered":"Naturcleaning \u00d6bl\u00edt\u0151 Koncentr\u00e1tum Sunshine (Napsug\u00e1r) 1 liter"},"content":{"rendered":"<p style=\"text-align: center\">Natural rinse concentrate. Pleasant, long-lasting scent for up to weeks.<br \/>\nGreen Brand d\u00edjas term\u00e9k.<\/p>\n<p><strong>Features:<\/strong><br \/>\n- Fresh, soapy scent<br \/>\n-Environmentally conscious fabric softener concentrate<br \/>\n-Pleasant smell even after using the dryer<br \/>\n-Plant ingredients<br \/>\n-Hipoallerg\u00e9n<br \/>\n- Reduces creasing, making ironing easier<br \/>\n-phosphate-free, chlorine-free, paraben-free, cruelty-free, palm oil-free, vegan<br \/>\n-Biodegradable<br \/>\n-can be dispensed economically<br \/>\n-Hungarian product<br \/>\n-Refillable bottle<\/p>\n<p><strong>Description:<\/strong><br \/>\nNaturcleaning Sunshine Fabric Softener Concentrate makes your clothes soft and comfortable to touch and dazzles with a long-lasting pleasant scent. Enjoy the gentle, pleasant scent that permeates your clothes and refreshes you.<br \/>\nOur Naturcleaning fabric softeners can provide pleasant-smelling clothes for up to weeks even after using a dryer.<br \/>\nAz \u00f6bl\u00edt\u0151 hipoallerg\u00e9n, foszf\u00e1tmentes, kl\u00f3rmentes, parab\u00e9nmentes, \u00e1llatk\u00eds\u00e9rlet mentes, p\u00e1lmaolaj mentes, veg\u00e1n, term\u00e9szetes \u00f6sszetev\u0151kb\u0151l k\u00e9sz\u00fclt (sz\u00f3jabab). Biol\u00f3giailag j\u00f3l leboml\u00f3 fel\u00fcletakt\u00edv anyagokat tartalmaz.<br \/>\nDue to its natural based composition, it does not pollute the environment. It does not pollute our living waters as it is completely biodegradable.<\/p>\n<p>1 liter \u00f6bl\u00edt\u0151b\u0151l 5 liter \u00f6bl\u00edt\u0151 k\u00e9sz\u00edthet\u0151. H\u00edg\u00edt\u00e1s sor\u00e1n az \u00f6bl\u00edt\u0151 illat\u00e1nak intenzit\u00e1sa cs\u00f6kken.<\/p>","protected":false},"excerpt":{"rendered":"<p>Term\u00e9szetes \u00f6bl\u00edt\u0151 koncentr\u00e1tum. Kellemes, hosszan tart\u00f3 illat ak\u00e1r heteken \u00e1t. Green Brand d\u00edjas term\u00e9k. Jellemz\u0151i: - Friss, szappanos illat -K\u00f6rnyezettudatos \u00f6bl\u00edt\u0151 koncentr\u00e1tum -Kellemes illat sz\u00e1r\u00edt\u00f3g\u00e9p haszn\u00e1lata ut\u00e1n is -N\u00f6v\u00e9nyi \u00f6sszetev\u0151k -Hipoallerg\u00e9n - Cs\u00f6kkenti a gy\u0171r\u0151d\u00e9st, ez\u00e1ltal megk\u00f6nny\u00edtheti a vasal\u00e1st -foszf\u00e1tmentes, kl\u00f3rmentes, parab\u00e9nmentes, \u00e1llatk\u00eds\u00e9rlet mentes, p\u00e1lmaolaj mentes, veg\u00e1n -Biol\u00f3giailag leboml\u00f3 -gazdas\u00e1gosan adagolhat\u00f3 -Magyar term\u00e9k -\u00dajrat\u00f6lthet\u0151 flakon [&hellip;]<\/p>\n","protected":false},"featured_media":2190,"comment_status":"open","ping_status":"closed","template":"","meta":{"_acf_changed":false},"product_brand":[],"product_cat":[18],"product_tag":[690],"class_list":{"0":"post-569","1":"product","2":"type-product","3":"status-publish","4":"has-post-thumbnail","6":"product_cat-oblito-koncentratum","7":"product_tag-50-mosas","9":"first","10":"instock","11":"shipping-taxable","12":"purchasable","13":"product-type-simple"},"acf":[],"_links":{"self":[{"href":"https:\/\/naturcleaning.hu\/en\/wp-json\/wp\/v2\/product\/569","targetHints":{"allow":["GET"]}}],"collection":[{"href":"https:\/\/naturcleaning.hu\/en\/wp-json\/wp\/v2\/product"}],"about":[{"href":"https:\/\/naturcleaning.hu\/en\/wp-json\/wp\/v2\/types\/product"}],"replies":[{"embeddable":true,"href":"https:\/\/naturcleaning.hu\/en\/wp-json\/wp\/v2\/comments?post=569"}],"wp:featuredmedia":[{"embeddable":true,"href":"https:\/\/naturcleaning.hu\/en\/wp-json\/wp\/v2\/media\/2190"}],"wp:attachment":[{"href":"https:\/\/naturcleaning.hu\/en\/wp-json\/wp\/v2\/media?parent=569"}],"wp:term":[{"taxonomy":"product_brand","embeddable":true,"href":"https:\/\/naturcleaning.hu\/en\/wp-json\/wp\/v2\/product_brand?post=569"},{"taxonomy":"product_cat","embeddable":true,"href":"https:\/\/naturcleaning.hu\/en\/wp-json\/wp\/v2\/product_cat?post=569"},{"taxonomy":"product_tag","embeddable":true,"href":"https:\/\/naturcleaning.hu\/en\/wp-json\/wp\/v2\/product_tag?post=569"}],"curies":[{"name":"wp","href":"https:\/\/api.w.org\/{rel}","templated":true}]}}