{"id":5625,"date":"2022-07-13T08:08:39","date_gmt":"2022-07-13T08:08:39","guid":{"rendered":"https:\/\/naturcleaning.hu\/?post_type=product&#038;p=5625"},"modified":"2024-07-11T11:30:37","modified_gmt":"2024-07-11T11:30:37","slug":"csepke-baby-altalanos-tisztito-koncentratum-termekminta","status":"publish","type":"product","link":"https:\/\/naturcleaning.hu\/en\/product\/csepke-baby-altalanos-tisztito-koncentratum-termekminta\/","title":{"rendered":"Csepke Baby \u00c1ltal\u00e1nos tiszt\u00edt\u00f3 koncentr\u00e1tum term\u00e9kminta"},"content":{"rendered":"<p>Csepke Baby multi surface cleaner effectively removes dirt from the floor and all washable surfaces (floors, furniture, high-gloss furniture, tiles, leather, imitation leather surfaces).<br \/>\n10-200-szoros\u00e1ra h\u00edg\u00edthat\u00f3. \u00c1ltal\u00e1nos felmos\u00e1shoz 5 liter v\u00edzhez \u00f6nts\u00fcnk 40 ml CSEPKE Baby \u00e1ltal\u00e1nos tiszt\u00edt\u00f3t. Makacs szennyez\u0151d\u00e9sek eset\u00e9ben haszn\u00e1lhatjuk t\u00f6m\u00e9nyen is.<\/p>","protected":false},"excerpt":{"rendered":"<p>A Csepke Baby \u00e1ltal\u00e1nos tiszt\u00edt\u00f3szer hat\u00e9konyan elt\u00e1vol\u00edtja a szennyez\u0151d\u00e9seket a padl\u00f3r\u00f3l \u00e9s minden moshat\u00f3 fel\u00fcletr\u0151l (padl\u00f3, b\u00fator, magasf\u00e9ny\u0171 b\u00fator, csempe, b\u0151r, m\u0171b\u0151r fel\u00fclet). 10-200-szoros\u00e1ra h\u00edg\u00edthat\u00f3. \u00c1ltal\u00e1nos felmos\u00e1shoz 5 liter v\u00edzhez \u00f6nts\u00fcnk 40 ml CSEPKE Baby \u00e1ltal\u00e1nos tiszt\u00edt\u00f3t. Makacs szennyez\u0151d\u00e9sek eset\u00e9ben haszn\u00e1lhatjuk t\u00f6m\u00e9nyen is.<\/p>","protected":false},"featured_media":27381,"comment_status":"open","ping_status":"closed","template":"","meta":{"_acf_changed":false},"product_brand":[],"product_cat":[34,36],"product_tag":[],"class_list":{"0":"post-5625","1":"product","2":"type-product","3":"status-publish","4":"has-post-thumbnail","6":"product_cat-100-ml-es-termekminta","7":"product_cat-utazashoz","9":"first","10":"instock","11":"shipping-taxable","12":"purchasable","13":"product-type-simple"},"acf":[],"_links":{"self":[{"href":"https:\/\/naturcleaning.hu\/en\/wp-json\/wp\/v2\/product\/5625","targetHints":{"allow":["GET"]}}],"collection":[{"href":"https:\/\/naturcleaning.hu\/en\/wp-json\/wp\/v2\/product"}],"about":[{"href":"https:\/\/naturcleaning.hu\/en\/wp-json\/wp\/v2\/types\/product"}],"replies":[{"embeddable":true,"href":"https:\/\/naturcleaning.hu\/en\/wp-json\/wp\/v2\/comments?post=5625"}],"wp:featuredmedia":[{"embeddable":true,"href":"https:\/\/naturcleaning.hu\/en\/wp-json\/wp\/v2\/media\/27381"}],"wp:attachment":[{"href":"https:\/\/naturcleaning.hu\/en\/wp-json\/wp\/v2\/media?parent=5625"}],"wp:term":[{"taxonomy":"product_brand","embeddable":true,"href":"https:\/\/naturcleaning.hu\/en\/wp-json\/wp\/v2\/product_brand?post=5625"},{"taxonomy":"product_cat","embeddable":true,"href":"https:\/\/naturcleaning.hu\/en\/wp-json\/wp\/v2\/product_cat?post=5625"},{"taxonomy":"product_tag","embeddable":true,"href":"https:\/\/naturcleaning.hu\/en\/wp-json\/wp\/v2\/product_tag?post=5625"}],"curies":[{"name":"wp","href":"https:\/\/api.w.org\/{rel}","templated":true}]}}