{"id":5623,"date":"2022-07-13T08:05:38","date_gmt":"2022-07-13T08:05:38","guid":{"rendered":"https:\/\/naturcleaning.hu\/?post_type=product&#038;p=5623"},"modified":"2023-02-02T09:06:22","modified_gmt":"2023-02-02T09:06:22","slug":"csepke-baby-allergenmentes-mosogel-termekminta-0m","status":"publish","type":"product","link":"https:\/\/naturcleaning.hu\/en\/product\/csepke-baby-allergenmentes-mosogel-termekminta-0m\/","title":{"rendered":"Csepke Baby allerg\u00e9nmentes mos\u00f3g\u00e9l term\u00e9kminta 0m+"},"content":{"rendered":"<p>Washing Gel Fragrance and allergen free<strong>\u00a00% allergen.<\/strong>, Feh\u00e9r \u00e9s sz\u00ednes kismama \u00e9s babaruh\u00e1khoz - Green Brand d\u00edjas m\u00e1rka<\/p>\n<p>-Safe for maternity and baby clothes, washable nappies<\/p>\n<p>-Vegan, Animal Test Free, Paraben Free<\/p>\n<p>- Allergen free<\/p>\n<p>- 100% plant-derived ingredients, biodegradable<\/p>\n<p>-Can be used for both manual and automatic machines<\/p>\n<p>-Domestic product<\/p>\n<p>-It can be used effectively at 30 \u00b0 C<\/p>\n<p>-Refillable bottle<\/p>\n<h3><b>Did you know?<\/b><\/h3>\n<p>Babies have very poor vision, but they are excellent to the touch, taste and smell. An 8-10 day old baby is able to turn towards a cloth soaked in breast milk.<\/p>\n<p>For rinsing, we recommend the Csepke Baby 0+ fragrance and allergen-free rinse.<\/p>\n<p>1 L of detergent is enough for 14 washes.<\/p>\n<p>Fragrance, Allergen and Color Free. Vegan - does not contain substances of animal origin. Hypoallergenic - Contains ingredients that minimize the chance of allergic reactions. It consists of natural ingredients free of phosphate, chlorine, paraben and palm oil. Can be used for both machine and hand washing. It does not destroy textiles when placed directly on clothing, it can also be used on wool and silk materials.<\/p>\n<p>Since the baby's skin is approximetly 5 times thinner than the adult\u2019s skin, so any substance that gets on your skin is absorbed much more easily and gets into the baby\u2019s deeper layer skin. It is important not to wash the baby\u2019s clothes with detergent or rinse aid that is suitable for adults. For the first 3 months, it is recommended to avoid fragrant detergents and rinse aids as they may cause allergies. Later you can choose a baby product that has been perfumed, although many of us prefer to smell the baby on our clothes. It is one thing to wash the baby's clothes odorlessly, but it is also recommended to wash our own clothes the same way during this period, as because we pick up and hug the baby a lot so the baby is in direct contact with our clothes.<\/p>\n<p>During the development of the CSEPKE baby product family, we took these aspects into account. It does not contain synthetic substances and allergens that are harmful to health, so it can be used safely during pregnancy and from the newborn. It is also especially recommended for adults with sensitive skin.<\/p>\n<p>By using Csepke Baby Fragrance and allergen-free products, we can not only prevent but even completely eliminate the allergic symptoms caused by cleansers.<\/p>\n<p>Csepke Baby products are phosphate-free, chlorine-free, paraben-free, animal-free, palm oil-free, and made of vegan natural ingredients (corn oil, coconut oil). Does not contain coloruing and fragrances. Does not cause skin rashes, itching, allergies. It removes stains even at low temperatures. Easy to rinse, no detergent remains in the clothes. Gentle on textiles. Also suitable for washing bamboo nappies. Safe to use from infancy.<\/p>\n<p>Due to its natural based composition, it does not pollute the environment. It does not pollute our living waters as it is completely biodegradable.<\/p>","protected":false},"excerpt":{"rendered":"<p>Csepke Baby Mos\u00f3g\u00e9l Illat \u00e9s allerg\u00e9nmentes\u00a00% allerg\u00e9n, Feh\u00e9r \u00e9s sz\u00ednes kismama \u00e9s babaruh\u00e1khoz - Green Brand d\u00edjas m\u00e1rka -Biztons\u00e1gosan alkalmazhat\u00f3 kismama \u00e9s babaruh\u00e1khoz, moshat\u00f3 pelenk\u00e1khoz -Veg\u00e1n, \u00c1llatk\u00eds\u00e9rlet mentes, Parab\u00e9nmentes - Allerg\u00e9nmentes - 100% n\u00f6v\u00e9nyi eredet\u0171 \u00f6sszetev\u0151k, biol\u00f3giailag leboml\u00f3 -K\u00e9zi \u00e9s g\u00e9pi mos\u00e1shoz is alkalmazhat\u00f3 -Hazai term\u00e9k -M\u00e1r 30\u00b0C-on is hat\u00e9konyan alkalmazhat\u00f3 -\u00dajrat\u00f6lthet\u0151 flakon Tudtad? A [&hellip;]<\/p>\n","protected":false},"featured_media":5624,"comment_status":"open","ping_status":"closed","template":"","meta":{"_acf_changed":false},"product_brand":[],"product_cat":[34,36],"product_tag":[],"class_list":{"0":"post-5623","1":"product","2":"type-product","3":"status-publish","4":"has-post-thumbnail","6":"product_cat-100-ml-es-termekminta","7":"product_cat-utazashoz","9":"first","10":"instock","11":"shipping-taxable","12":"purchasable","13":"product-type-simple"},"acf":[],"_links":{"self":[{"href":"https:\/\/naturcleaning.hu\/en\/wp-json\/wp\/v2\/product\/5623","targetHints":{"allow":["GET"]}}],"collection":[{"href":"https:\/\/naturcleaning.hu\/en\/wp-json\/wp\/v2\/product"}],"about":[{"href":"https:\/\/naturcleaning.hu\/en\/wp-json\/wp\/v2\/types\/product"}],"replies":[{"embeddable":true,"href":"https:\/\/naturcleaning.hu\/en\/wp-json\/wp\/v2\/comments?post=5623"}],"wp:featuredmedia":[{"embeddable":true,"href":"https:\/\/naturcleaning.hu\/en\/wp-json\/wp\/v2\/media\/5624"}],"wp:attachment":[{"href":"https:\/\/naturcleaning.hu\/en\/wp-json\/wp\/v2\/media?parent=5623"}],"wp:term":[{"taxonomy":"product_brand","embeddable":true,"href":"https:\/\/naturcleaning.hu\/en\/wp-json\/wp\/v2\/product_brand?post=5623"},{"taxonomy":"product_cat","embeddable":true,"href":"https:\/\/naturcleaning.hu\/en\/wp-json\/wp\/v2\/product_cat?post=5623"},{"taxonomy":"product_tag","embeddable":true,"href":"https:\/\/naturcleaning.hu\/en\/wp-json\/wp\/v2\/product_tag?post=5623"}],"curies":[{"name":"wp","href":"https:\/\/api.w.org\/{rel}","templated":true}]}}