{"id":5618,"date":"2022-07-13T07:56:41","date_gmt":"2022-07-13T07:56:41","guid":{"rendered":"https:\/\/naturcleaning.hu\/?post_type=product&#038;p=5618"},"modified":"2024-07-17T12:29:13","modified_gmt":"2024-07-17T12:29:13","slug":"csepke-baby-allergenmentes-oblito-termekminta-0m","status":"publish","type":"product","link":"https:\/\/naturcleaning.hu\/en\/product\/csepke-baby-allergenmentes-oblito-termekminta-0m\/","title":{"rendered":"Csepke Baby allerg\u00e9nmentes \u00f6bl\u00edt\u0151 term\u00e9kminta 0m+"},"content":{"rendered":"","protected":false},"excerpt":{"rendered":"","protected":false},"featured_media":27386,"comment_status":"open","ping_status":"closed","template":"","meta":{"_acf_changed":false},"product_brand":[],"product_cat":[34,36],"product_tag":[],"class_list":{"0":"post-5618","1":"product","2":"type-product","3":"status-publish","4":"has-post-thumbnail","6":"product_cat-100-ml-es-termekminta","7":"product_cat-utazashoz","9":"first","10":"instock","11":"shipping-taxable","12":"purchasable","13":"product-type-simple"},"acf":[],"_links":{"self":[{"href":"https:\/\/naturcleaning.hu\/en\/wp-json\/wp\/v2\/product\/5618","targetHints":{"allow":["GET"]}}],"collection":[{"href":"https:\/\/naturcleaning.hu\/en\/wp-json\/wp\/v2\/product"}],"about":[{"href":"https:\/\/naturcleaning.hu\/en\/wp-json\/wp\/v2\/types\/product"}],"replies":[{"embeddable":true,"href":"https:\/\/naturcleaning.hu\/en\/wp-json\/wp\/v2\/comments?post=5618"}],"wp:featuredmedia":[{"embeddable":true,"href":"https:\/\/naturcleaning.hu\/en\/wp-json\/wp\/v2\/media\/27386"}],"wp:attachment":[{"href":"https:\/\/naturcleaning.hu\/en\/wp-json\/wp\/v2\/media?parent=5618"}],"wp:term":[{"taxonomy":"product_brand","embeddable":true,"href":"https:\/\/naturcleaning.hu\/en\/wp-json\/wp\/v2\/product_brand?post=5618"},{"taxonomy":"product_cat","embeddable":true,"href":"https:\/\/naturcleaning.hu\/en\/wp-json\/wp\/v2\/product_cat?post=5618"},{"taxonomy":"product_tag","embeddable":true,"href":"https:\/\/naturcleaning.hu\/en\/wp-json\/wp\/v2\/product_tag?post=5618"}],"curies":[{"name":"wp","href":"https:\/\/api.w.org\/{rel}","templated":true}]}}