{"id":5608,"date":"2022-07-13T07:44:39","date_gmt":"2022-07-13T07:44:39","guid":{"rendered":"https:\/\/naturcleaning.hu\/?post_type=product&#038;p=5608"},"modified":"2024-07-17T12:31:11","modified_gmt":"2024-07-17T12:31:11","slug":"csepke-baby-mosogel-termekminta-levendula-olajjal-3m","status":"publish","type":"product","link":"https:\/\/naturcleaning.hu\/en\/product\/csepke-baby-mosogel-termekminta-levendula-olajjal-3m\/","title":{"rendered":"Csepke Baby mos\u00f3g\u00e9l term\u00e9kminta levendula olajjal 3m+"},"content":{"rendered":"<p>Csepke Baby 3m+ washing gel with lavender oil is recommended for the active babies, as the essential oil of lavender has a calming effect, relieves tension and strengthens the nerves. Special washing gel family, for the baby\u2019s and for the mother\u2019s clothes. Csepke Baby products are phosphate-free, chlorine-free, paraben-free, animal-free, palm oil-free, and made of vegan natural ingredients (corn oil, coconut oil). It contains biodegradable surfactants and food colouring only.<\/p>\n<p>Gentle care not only for the baby\u2019s skin but also for clothes. An infant's skin is about five times thinner than an adult's. Because of higher permeability, the chemicals that get on the skin are more easily absorbed and get into the deeper layers of the skin. During the development of the CSEPKE baby product family, we took these aspects into account.<\/p>\n<p><strong>The ideal detergent does not contain corrosive irritants, does not cause rashes, itching or allergies.<\/strong>\u00a0Easy to rinse, no detergent remains in the clothes. Gentle on textiles. Also suitable for washing bamboo nappies. Safe to use from infancy.<\/p>\n<p><strong>0+<\/strong>\u00a00+ For washing newborns' clothes, we recommend the allergen-free and odor-free Csepke Baby washing gel and fabric softener marked 0+.<\/p>\n<p><strong>3+\u00a0<\/strong>3+ If you want to use a fragrant detergent, we recommend it from the age of 3 months. Our  Csepke Baby products, which are also allergen-free and have a 3+ mark fragrant with essential oils are a perfect choice.<\/p>","protected":false},"excerpt":{"rendered":"<p>A Csepke Baby 3m+ mos\u00f3g\u00e9l levendula olajjal a nyugtalanabb bab\u00e1knak aj\u00e1nljuk, hiszen a levendula ill\u00f3olaja nyugtat\u00f3 hat\u00e1s\u00fa, oldja a fesz\u00fclts\u00e9ges \u00e9s er\u0151s\u00edti az idegeket. Speci\u00e1lis mos\u00f3g\u00e9l a csal\u00e1d, a baba \u00e9s a kismama ruh\u00e1k mos\u00e1s\u00e1hoz. A Csepke Baby term\u00e9kek foszf\u00e1tmentes, kl\u00f3rmentes, parab\u00e9nmentes, \u00e1llatk\u00eds\u00e9rlet mentes, p\u00e1lmaolaj mentes, veg\u00e1n, term\u00e9szetes \u00f6sszetev\u0151kb\u0151l k\u00e9sz\u00fclt (kukoricaolaj, k\u00f3kuszolaj). Biol\u00f3giailag j\u00f3l leboml\u00f3 [&hellip;]<\/p>\n","protected":false},"featured_media":27384,"comment_status":"open","ping_status":"closed","template":"","meta":{"_acf_changed":false},"product_brand":[],"product_cat":[34,36],"product_tag":[],"class_list":{"0":"post-5608","1":"product","2":"type-product","3":"status-publish","4":"has-post-thumbnail","6":"product_cat-100-ml-es-termekminta","7":"product_cat-utazashoz","9":"first","10":"instock","11":"shipping-taxable","12":"purchasable","13":"product-type-simple"},"acf":[],"_links":{"self":[{"href":"https:\/\/naturcleaning.hu\/en\/wp-json\/wp\/v2\/product\/5608","targetHints":{"allow":["GET"]}}],"collection":[{"href":"https:\/\/naturcleaning.hu\/en\/wp-json\/wp\/v2\/product"}],"about":[{"href":"https:\/\/naturcleaning.hu\/en\/wp-json\/wp\/v2\/types\/product"}],"replies":[{"embeddable":true,"href":"https:\/\/naturcleaning.hu\/en\/wp-json\/wp\/v2\/comments?post=5608"}],"wp:featuredmedia":[{"embeddable":true,"href":"https:\/\/naturcleaning.hu\/en\/wp-json\/wp\/v2\/media\/27384"}],"wp:attachment":[{"href":"https:\/\/naturcleaning.hu\/en\/wp-json\/wp\/v2\/media?parent=5608"}],"wp:term":[{"taxonomy":"product_brand","embeddable":true,"href":"https:\/\/naturcleaning.hu\/en\/wp-json\/wp\/v2\/product_brand?post=5608"},{"taxonomy":"product_cat","embeddable":true,"href":"https:\/\/naturcleaning.hu\/en\/wp-json\/wp\/v2\/product_cat?post=5608"},{"taxonomy":"product_tag","embeddable":true,"href":"https:\/\/naturcleaning.hu\/en\/wp-json\/wp\/v2\/product_tag?post=5608"}],"curies":[{"name":"wp","href":"https:\/\/api.w.org\/{rel}","templated":true}]}}