{"id":557,"date":"2021-12-07T16:34:29","date_gmt":"2021-12-07T15:34:29","guid":{"rendered":"https:\/\/cudyfuture.nomaddigital.hu\/?post_type=product&#038;p=557"},"modified":"2025-09-30T18:50:05","modified_gmt":"2025-09-30T18:50:05","slug":"soft-breeze-oblito-koncentratum-macaron-alomvilag","status":"publish","type":"product","link":"https:\/\/naturcleaning.hu\/en\/product\/soft-breeze-oblito-koncentratum-macaron-alomvilag\/","title":{"rendered":"Naturcleaning \u00d6bl\u00edt\u0151 Koncentr\u00e1tum Macaron (\u00c1lomvil\u00e1g) 1 liter"},"content":{"rendered":"<p style=\"text-align: center\"><strong>Natural rinse concentrate. Pleasant, long-lasting scent for up to weeks.<\/strong><br \/>\n<strong>Green Brand award winning brand<\/strong><\/p>\n<p><strong>Features:<\/strong><br \/>\n- Intense sweet scent<br \/>\n-Environmentally conscious fabric softener concentrate<br \/>\n-Pleasant smell even after using the dryer<br \/>\n-Plant ingredients<br \/>\n-Hipoallerg\u00e9n<br \/>\n- Reduces creasing, making ironing easier<br \/>\n-phosphate-free, chlorine-free, paraben-free, cruelty-free, palm oil-free, vegan<br \/>\n-Biodegradable<br \/>\n-can be dispensed economically<br \/>\n-Hungarian product<br \/>\n-Refillable bottle<\/p>\n<p><strong>Description:<\/strong><br \/>\nNaturcleaning Macaron Fabric Softener Concentrate makes your clothes soft and comfortable to touch and dazzles with a long-lasting pleasant scent. Enjoy the gentle, pleasant scent that permeates your clothes and refreshes you.<br \/>\nOur Naturcleaning fabric softeners can provide pleasant-smelling clothes for up to weeks even after using a dryer.<br \/>\nAz \u00f6bl\u00edt\u0151 hipoallerg\u00e9n, foszf\u00e1tmentes, kl\u00f3rmentes, parab\u00e9nmentes, \u00e1llatk\u00eds\u00e9rlet mentes, p\u00e1lmaolaj mentes, veg\u00e1n, term\u00e9szetes \u00f6sszetev\u0151kb\u0151l k\u00e9sz\u00fclt (kukoricaolaj, k\u00f3kuszolaj). Biol\u00f3giailag j\u00f3l leboml\u00f3 fel\u00fcletakt\u00edv anyagokat tartalmaz.<br \/>\nDue to its natural based composition, it does not pollute the environment. It does not pollute our living waters as it is completely biodegradable.<\/p>\n<p>1 liters of fabric softener can be used to make 5 liters of fabric softener. During dilution, the intensity of the scent decreases.<\/p>","protected":false},"excerpt":{"rendered":"<p>Term\u00e9szetes \u00f6bl\u00edt\u0151 koncentr\u00e1tum. Kellemes, hosszan tart\u00f3 illat ak\u00e1r heteken \u00e1t. Green Brand d\u00edjas m\u00e1rka. Jellemz\u0151i: - Intenz\u00edv \u00e9des illat -K\u00f6rnyezettudatos \u00f6bl\u00edt\u0151 koncentr\u00e1tum -Kellemes illat sz\u00e1r\u00edt\u00f3g\u00e9p haszn\u00e1lata ut\u00e1n is -N\u00f6v\u00e9nyi \u00f6sszetev\u0151k -Hipoallerg\u00e9n - Cs\u00f6kkenti a gy\u0171r\u0151d\u00e9st, ez\u00e1ltal megk\u00f6nny\u00edtheti a vasal\u00e1st -foszf\u00e1tmentes, kl\u00f3rmentes, parab\u00e9nmentes, \u00e1llatk\u00eds\u00e9rlet mentes, p\u00e1lmaolaj mentes, veg\u00e1n -Biol\u00f3giailag leboml\u00f3 -gazdas\u00e1gosan adagolhat\u00f3 -Magyar term\u00e9k -\u00dajrat\u00f6lthet\u0151 flakon [&hellip;]<\/p>\n","protected":false},"featured_media":7964,"comment_status":"open","ping_status":"closed","template":"","meta":{"_acf_changed":false},"product_brand":[],"product_cat":[18],"product_tag":[690],"class_list":{"0":"post-557","1":"product","2":"type-product","3":"status-publish","4":"has-post-thumbnail","6":"product_cat-oblito-koncentratum","7":"product_tag-50-mosas","9":"first","10":"instock","11":"shipping-taxable","12":"purchasable","13":"product-type-simple"},"acf":[],"_links":{"self":[{"href":"https:\/\/naturcleaning.hu\/en\/wp-json\/wp\/v2\/product\/557","targetHints":{"allow":["GET"]}}],"collection":[{"href":"https:\/\/naturcleaning.hu\/en\/wp-json\/wp\/v2\/product"}],"about":[{"href":"https:\/\/naturcleaning.hu\/en\/wp-json\/wp\/v2\/types\/product"}],"replies":[{"embeddable":true,"href":"https:\/\/naturcleaning.hu\/en\/wp-json\/wp\/v2\/comments?post=557"}],"wp:featuredmedia":[{"embeddable":true,"href":"https:\/\/naturcleaning.hu\/en\/wp-json\/wp\/v2\/media\/7964"}],"wp:attachment":[{"href":"https:\/\/naturcleaning.hu\/en\/wp-json\/wp\/v2\/media?parent=557"}],"wp:term":[{"taxonomy":"product_brand","embeddable":true,"href":"https:\/\/naturcleaning.hu\/en\/wp-json\/wp\/v2\/product_brand?post=557"},{"taxonomy":"product_cat","embeddable":true,"href":"https:\/\/naturcleaning.hu\/en\/wp-json\/wp\/v2\/product_cat?post=557"},{"taxonomy":"product_tag","embeddable":true,"href":"https:\/\/naturcleaning.hu\/en\/wp-json\/wp\/v2\/product_tag?post=557"}],"curies":[{"name":"wp","href":"https:\/\/api.w.org\/{rel}","templated":true}]}}