{"id":55,"date":"2021-05-26T18:18:43","date_gmt":"2021-05-26T18:18:43","guid":{"rendered":"https:\/\/cudyfuture.nomaddigital.hu\/?post_type=product&#038;p=55"},"modified":"2026-01-17T09:52:39","modified_gmt":"2026-01-17T09:52:39","slug":"krumpach-erzsebet-a-boseg-kertje-konyhakert-asas-kapalas-nelkul","status":"publish","type":"product","link":"https:\/\/naturcleaning.hu\/en\/product\/krumpach-erzsebet-a-boseg-kertje-konyhakert-asas-kapalas-nelkul\/","title":{"rendered":"Krumpach Erzs\u00e9bet-The Garden of Abundance Kitchen Garden - Without Digging and Hoeing!"},"content":{"rendered":"<p data-fdata-lineheight=\"30\">With the growing demand for healthy eating, the consumption of healthy, chemical-free vegetables and fruits is becoming increasingly important. These can be produced in small gardens and even in front gardens and ornamental gardens.<\/p>\n<p data-fdata-lineheight=\"30\">The Garden of Abundance model was modeled on nature, following the principles of organic gardening.<\/p>\n<p data-fdata-lineheight=\"30\">The book can be easily mastered by people unfamiliar with gardening, full of simple instructions that are easy to follow in the language of the book. The garden of abundance based on the principles of nature can also be incorporated into ornamental gardens, but it offers an alternative to producing the full range of vegetables for families in larger gardens, even for self-sufficiency.<\/p>","protected":false},"excerpt":{"rendered":"<p>Az eg\u00e9szs\u00e9ges t\u00e1pl\u00e1lkoz\u00e1s ir\u00e1nti ig\u00e9ny n\u00f6veked\u00e9s\u00e9vel egyre fontosabb\u00e1 v\u00e1lik az eg\u00e9szs\u00e9ges, vegyszermentes z\u00f6lds\u00e9gek, gy\u00fcm\u00f6lcs\u00f6k fogyaszt\u00e1sa. Ezeket a kiskertekben, s\u0151t az el\u0151kertekben \u00e9s d\u00edszkertekben is megtermelhetj\u00fck. A b\u0151s\u00e9g kertje modell a term\u00e9szet mint\u00e1j\u00e1ra, a biokert\u00e9szet alapelveinek k\u00f6vet\u00e9s\u00e9vel val\u00f3sult meg. A k\u00f6nyv nyelvezet\u00e9ben egyszer\u0171, k\u00f6nnyen k\u00f6vethet\u0151 hasznos \u00fatmutat\u00f3kkal teli mondanival\u00f3j\u00e1t a kert\u00e9szked\u00e9sben j\u00e1ratlan emberek is k\u00f6nnyen elsaj\u00e1t\u00edthatj\u00e1k.\u00a0A [&hellip;]<\/p>\n","protected":false},"featured_media":56,"comment_status":"open","ping_status":"closed","template":"","meta":{"_acf_changed":false},"product_brand":[],"product_cat":[35],"product_tag":[],"class_list":{"0":"post-55","1":"product","2":"type-product","3":"status-publish","4":"has-post-thumbnail","6":"product_cat-szakkonyv","8":"first","9":"instock","10":"shipping-taxable","11":"purchasable","12":"product-type-simple"},"acf":[],"_links":{"self":[{"href":"https:\/\/naturcleaning.hu\/en\/wp-json\/wp\/v2\/product\/55","targetHints":{"allow":["GET"]}}],"collection":[{"href":"https:\/\/naturcleaning.hu\/en\/wp-json\/wp\/v2\/product"}],"about":[{"href":"https:\/\/naturcleaning.hu\/en\/wp-json\/wp\/v2\/types\/product"}],"replies":[{"embeddable":true,"href":"https:\/\/naturcleaning.hu\/en\/wp-json\/wp\/v2\/comments?post=55"}],"wp:featuredmedia":[{"embeddable":true,"href":"https:\/\/naturcleaning.hu\/en\/wp-json\/wp\/v2\/media\/56"}],"wp:attachment":[{"href":"https:\/\/naturcleaning.hu\/en\/wp-json\/wp\/v2\/media?parent=55"}],"wp:term":[{"taxonomy":"product_brand","embeddable":true,"href":"https:\/\/naturcleaning.hu\/en\/wp-json\/wp\/v2\/product_brand?post=55"},{"taxonomy":"product_cat","embeddable":true,"href":"https:\/\/naturcleaning.hu\/en\/wp-json\/wp\/v2\/product_cat?post=55"},{"taxonomy":"product_tag","embeddable":true,"href":"https:\/\/naturcleaning.hu\/en\/wp-json\/wp\/v2\/product_tag?post=55"}],"curies":[{"name":"wp","href":"https:\/\/api.w.org\/{rel}","templated":true}]}}