{"id":51,"date":"2021-05-26T18:12:33","date_gmt":"2021-05-26T16:12:33","guid":{"rendered":"https:\/\/cudyfuture.nomaddigital.hu\/?post_type=product&#038;p=51"},"modified":"2025-03-19T21:53:01","modified_gmt":"2025-03-19T21:53:01","slug":"naturcleaning-sensitive-illat-es-allergenmentes-mosogel-15-liter","status":"publish","type":"product","link":"https:\/\/naturcleaning.hu\/en\/product\/naturcleaning-sensitive-illat-es-allergenmentes-mosogel-15-liter\/","title":{"rendered":"Naturcleaning Sensitive Illat,- \u00e9s allerg\u00e9nmentes mos\u00f3g\u00e9l 1,5 liter"},"content":{"rendered":"<p style=\"text-align: center\"><strong>Special product line for allergy sufferers. Green Brand Award Winning Brand.<\/strong><\/p>\n<p><strong>Features:<\/strong><br \/>\n-Environmentally conscious, skin-friendly detergent<br \/>\n-Of course very effective<br \/>\n-Plant ingredients<br \/>\n-Smell and allergen free<br \/>\n-For people with allergies<br \/>\n- Effective even at low temperatures<br \/>\n- For coloured and white clothes<br \/>\n-Can be used for both machine and hand washing<br \/>\n-It is washable and suitable for bamboo nappies<br \/>\n-phosphate-free, chlorine-free, paraben-free, cruelty-free, palm oil-free, vegan<br \/>\n-Biodegradable<br \/>\n-Economical dosing<br \/>\n-Soft towels, velvety clothes<br \/>\n-Hungarian product<br \/>\n-Refillable bottle<\/p>\n<p><strong>Description:<\/strong><\/p>\n<p>By using Naturcleaning Sensitive Fragrance and Allergen-Free Products, we don\u2019t only prevent but also eliminate allergy symptoms caused by cleansers.<br \/>\nNaturcleaning Sensitive products are phosphate-free, chlorine-free, paraben-free, animal-free, palm oil-free, and made of vegan natural ingredients (corn oil, coconut oil). Does not contain coloring and fragrances. It does not contain corrosive irritants, does not cause rashes, itching or allergies. It removes stains even at low temperatures. Easy to rinse, no detergent remains in the clothes. Gentle on textiles. Also suitable for washing bamboo nappies.<br \/>\nHighly recommended for allergy sufferers, pregnant mothers and families with small children!<br \/>\nDue to its natural based composition, it does not pollute the environment. It does not pollute our living waters as it is completely biodegradable.<\/p>","protected":false},"excerpt":{"rendered":"<p>Speci\u00e1lis term\u00e9kcsal\u00e1d allergi\u00e1ban szenved\u0151knek. Green Brand d\u00edjas m\u00e1rka. Jellemz\u0151i: -K\u00f6rnyezettudatos, b\u0151rk\u00edm\u00e9l\u0151 mos\u00f3szer -Term\u00e9szetesen hat\u00e9kony -N\u00f6v\u00e9nyi \u00f6sszetev\u0151k -Illat \u00e9s allerg\u00e9nmentes -Allergi\u00e1ban szenved\u0151knek - Alacsony h\u0151fokon is hat\u00e9kony - Sz\u00ednes \u00e9s feh\u00e9r ruh\u00e1khoz -G\u00e9pi \u00e9s k\u00e9zi mos\u00e1shoz egyar\u00e1nt alkalmazhat\u00f3 -Moshat\u00f3 \u00e9s bambusz pelenk\u00e1khoz is kiv\u00e1l\u00f3 -foszf\u00e1tmentes, kl\u00f3rmentes, parab\u00e9nmentes, \u00e1llatk\u00eds\u00e9rlet mentes, p\u00e1lmaolaj mentes, veg\u00e1n -Biol\u00f3giailag leboml\u00f3 -Gazdas\u00e1gosan adagolhat\u00f3 [&hellip;]<\/p>\n","protected":false},"featured_media":27819,"comment_status":"open","ping_status":"closed","template":"","meta":{"_acf_changed":false},"product_brand":[],"product_cat":[17,22],"product_tag":[687],"class_list":{"0":"post-51","1":"product","2":"type-product","3":"status-publish","4":"has-post-thumbnail","6":"product_cat-mososzer","7":"product_cat-cudy-illat-es-allergenmentes-tisztitoszer","8":"product_tag-20-mosas","10":"first","11":"instock","12":"shipping-taxable","13":"purchasable","14":"product-type-simple"},"acf":[],"_links":{"self":[{"href":"https:\/\/naturcleaning.hu\/en\/wp-json\/wp\/v2\/product\/51","targetHints":{"allow":["GET"]}}],"collection":[{"href":"https:\/\/naturcleaning.hu\/en\/wp-json\/wp\/v2\/product"}],"about":[{"href":"https:\/\/naturcleaning.hu\/en\/wp-json\/wp\/v2\/types\/product"}],"replies":[{"embeddable":true,"href":"https:\/\/naturcleaning.hu\/en\/wp-json\/wp\/v2\/comments?post=51"}],"wp:featuredmedia":[{"embeddable":true,"href":"https:\/\/naturcleaning.hu\/en\/wp-json\/wp\/v2\/media\/27819"}],"wp:attachment":[{"href":"https:\/\/naturcleaning.hu\/en\/wp-json\/wp\/v2\/media?parent=51"}],"wp:term":[{"taxonomy":"product_brand","embeddable":true,"href":"https:\/\/naturcleaning.hu\/en\/wp-json\/wp\/v2\/product_brand?post=51"},{"taxonomy":"product_cat","embeddable":true,"href":"https:\/\/naturcleaning.hu\/en\/wp-json\/wp\/v2\/product_cat?post=51"},{"taxonomy":"product_tag","embeddable":true,"href":"https:\/\/naturcleaning.hu\/en\/wp-json\/wp\/v2\/product_tag?post=51"}],"curies":[{"name":"wp","href":"https:\/\/api.w.org\/{rel}","templated":true}]}}