{"id":49,"date":"2021-05-26T18:10:08","date_gmt":"2021-05-26T18:10:08","guid":{"rendered":"https:\/\/cudyfuture.nomaddigital.hu\/?post_type=product&#038;p=49"},"modified":"2025-01-06T19:17:48","modified_gmt":"2025-01-06T19:17:48","slug":"naturcleaning-exotic-kiwi-lichi-hypoallergen-mosogatoszer-koncentratum-500ml","status":"publish","type":"product","link":"https:\/\/naturcleaning.hu\/en\/product\/naturcleaning-exotic-kiwi-lichi-hypoallergen-mosogatoszer-koncentratum-500ml\/","title":{"rendered":"Naturcleaning Mosogat\u00f3szer Kiwi-Lichi 500 ml"},"content":{"rendered":"<p>It dissolves impurities with natural plant power while protecting the skin from dehydration and hydrating your hands.<\/p>\n<p>Our Naturcleaning dishwashing detergent is made from pure vegetable saponins, leaving no harmful residue on surfaces.<\/p>\n<p>Our goal with our NATURCLEANING philosophy of life and environmentally friendly products is to contribute to a clean, healthy home and work environment while taking as little space as possible away from wildlife and continuously reducing our ecological footprint.<\/p>","protected":false},"excerpt":{"rendered":"<p>Term\u00e9szetes n\u00f6v\u00e9nyi er\u0151vel oldja a szennyez\u0151d\u00e9seket, mik\u00f6zben v\u00e9di a b\u0151rt a kisz\u00e1rad\u00e1st\u00f3l \u00e9s hidrat\u00e1lja kezeit. A Naturcleaning mosogat\u00f3szer\u00fcnk tiszta n\u00f6v\u00e9nyi szaponinokb\u00f3l k\u00e9sz\u00fcl ez\u00e1ltal nem hagy k\u00e1ros marad\u00e9kot a fel\u00fcleteken. C\u00e9lunk, hogy NATURCLEANING \u00e9letfiloz\u00f3fi\u00e1nkkal \u00e9s k\u00f6rnyezetbar\u00e1t term\u00e9keinkkel hozz\u00e1j\u00e1ruljunk a tiszta eg\u00e9szs\u00e9ges otthon \u00e9s munkak\u00f6rnyezet kialak\u00edt\u00e1s\u00e1hoz, mik\u00f6zben a lehet\u0151 legkevesebb teret vonjuk el az \u00e9l\u0151vil\u00e1gt\u00f3l \u00e9s folyamatosan [&hellip;]<\/p>\n","protected":false},"featured_media":2314,"comment_status":"open","ping_status":"closed","template":"","meta":{"_acf_changed":false},"product_brand":[],"product_cat":[19],"product_tag":[696],"class_list":{"0":"post-49","1":"product","2":"type-product","3":"status-publish","4":"has-post-thumbnail","6":"product_cat-mosogatoszer","7":"product_tag-akcios","9":"first","10":"instock","11":"sale","12":"shipping-taxable","13":"purchasable","14":"product-type-simple"},"acf":[],"_links":{"self":[{"href":"https:\/\/naturcleaning.hu\/en\/wp-json\/wp\/v2\/product\/49","targetHints":{"allow":["GET"]}}],"collection":[{"href":"https:\/\/naturcleaning.hu\/en\/wp-json\/wp\/v2\/product"}],"about":[{"href":"https:\/\/naturcleaning.hu\/en\/wp-json\/wp\/v2\/types\/product"}],"replies":[{"embeddable":true,"href":"https:\/\/naturcleaning.hu\/en\/wp-json\/wp\/v2\/comments?post=49"}],"wp:featuredmedia":[{"embeddable":true,"href":"https:\/\/naturcleaning.hu\/en\/wp-json\/wp\/v2\/media\/2314"}],"wp:attachment":[{"href":"https:\/\/naturcleaning.hu\/en\/wp-json\/wp\/v2\/media?parent=49"}],"wp:term":[{"taxonomy":"product_brand","embeddable":true,"href":"https:\/\/naturcleaning.hu\/en\/wp-json\/wp\/v2\/product_brand?post=49"},{"taxonomy":"product_cat","embeddable":true,"href":"https:\/\/naturcleaning.hu\/en\/wp-json\/wp\/v2\/product_cat?post=49"},{"taxonomy":"product_tag","embeddable":true,"href":"https:\/\/naturcleaning.hu\/en\/wp-json\/wp\/v2\/product_tag?post=49"}],"curies":[{"name":"wp","href":"https:\/\/api.w.org\/{rel}","templated":true}]}}