{"id":4795,"date":"2022-06-20T09:50:05","date_gmt":"2022-06-20T09:50:05","guid":{"rendered":"https:\/\/naturcleaning.hu\/?post_type=product&#038;p=4795"},"modified":"2024-12-03T14:25:58","modified_gmt":"2024-12-03T14:25:58","slug":"naturcleaning-sensitive-csomag","status":"publish","type":"product","link":"https:\/\/naturcleaning.hu\/en\/product\/naturcleaning-sensitive-csomag\/","title":{"rendered":"Naturcleaning Sensitive csomag"},"content":{"rendered":"<h3>Package contents:<\/h3>\n<p>-Naturcleaning Sensitive Illat,- \u00e9s allerg\u00e9nmentes mos\u00f3g\u00e9l 1,5 L<\/p>\n<p>-Illat,- \u00e9s allerg\u00e9nmentes mosogat\u00f3szer koncentr\u00e1tum 0,5 L<\/p>\n<p>-Naturcleaning Sensitive Tusf\u00fcrd\u0151 250ml<\/p>\n<p>-Naturcleaning Sensitive Foly\u00e9kony szappan 250 ml<\/p>\n<p>&nbsp;<\/p>\n<p>-AJ\u00c1ND\u00c9K: Naturcleaning V\u00e1szon t\u00e1ska hossz\u00fa f\u00fcllel<\/p>","protected":false},"excerpt":{"rendered":"<p>Csomag tartalma: -Naturcleaning Sensitive Illat,- \u00e9s allerg\u00e9nmentes mos\u00f3g\u00e9l 1,5 L -Illat,- \u00e9s allerg\u00e9nmentes mosogat\u00f3szer koncentr\u00e1tum 0,5 L -Naturcleaning Sensitive Tusf\u00fcrd\u0151 250ml -Naturcleaning Sensitive Foly\u00e9kony szappan 250 ml &nbsp; -AJ\u00c1ND\u00c9K: Naturcleaning V\u00e1szon t\u00e1ska hossz\u00fa f\u00fcllel<\/p>","protected":false},"featured_media":27862,"comment_status":"open","ping_status":"closed","template":"","meta":{"_acf_changed":false},"product_brand":[],"product_cat":[33,22],"product_tag":[],"class_list":{"0":"post-4795","1":"product","2":"type-product","3":"status-publish","4":"has-post-thumbnail","6":"product_cat-csomagajanlat","7":"product_cat-cudy-illat-es-allergenmentes-tisztitoszer","9":"first","10":"instock","11":"shipping-taxable","12":"purchasable","13":"product-type-simple"},"acf":[],"_links":{"self":[{"href":"https:\/\/naturcleaning.hu\/en\/wp-json\/wp\/v2\/product\/4795","targetHints":{"allow":["GET"]}}],"collection":[{"href":"https:\/\/naturcleaning.hu\/en\/wp-json\/wp\/v2\/product"}],"about":[{"href":"https:\/\/naturcleaning.hu\/en\/wp-json\/wp\/v2\/types\/product"}],"replies":[{"embeddable":true,"href":"https:\/\/naturcleaning.hu\/en\/wp-json\/wp\/v2\/comments?post=4795"}],"wp:featuredmedia":[{"embeddable":true,"href":"https:\/\/naturcleaning.hu\/en\/wp-json\/wp\/v2\/media\/27862"}],"wp:attachment":[{"href":"https:\/\/naturcleaning.hu\/en\/wp-json\/wp\/v2\/media?parent=4795"}],"wp:term":[{"taxonomy":"product_brand","embeddable":true,"href":"https:\/\/naturcleaning.hu\/en\/wp-json\/wp\/v2\/product_brand?post=4795"},{"taxonomy":"product_cat","embeddable":true,"href":"https:\/\/naturcleaning.hu\/en\/wp-json\/wp\/v2\/product_cat?post=4795"},{"taxonomy":"product_tag","embeddable":true,"href":"https:\/\/naturcleaning.hu\/en\/wp-json\/wp\/v2\/product_tag?post=4795"}],"curies":[{"name":"wp","href":"https:\/\/api.w.org\/{rel}","templated":true}]}}