{"id":47,"date":"2021-05-26T18:07:22","date_gmt":"2021-05-26T18:07:22","guid":{"rendered":"https:\/\/cudyfuture.nomaddigital.hu\/?post_type=product&#038;p=47"},"modified":"2025-03-19T22:10:38","modified_gmt":"2025-03-19T22:10:38","slug":"illat-es-allergenmentes-mososzappan-reszelek-450-g","status":"publish","type":"product","link":"https:\/\/naturcleaning.hu\/en\/product\/illat-es-allergenmentes-mososzappan-reszelek-450-g\/","title":{"rendered":"Fragrance and allergen-free laundry soap flakes 450 g"},"content":{"rendered":"<p style=\"text-align: center\"><strong>Laundry soap is nothing but the well-known household soap what our grandparents also used in the past<\/strong><\/p>\n<p><strong>Features:<\/strong><br \/>\n-Environmentally conscious detergent<br \/>\n-Of course very effective<br \/>\n-Smell and allergen free<br \/>\n- Effective even at low temperatures<br \/>\n-Can be used for both machine and hand washing<br \/>\n-foszf\u00e1tmentes, kl\u00f3rmentes, parab\u00e9nmentes, \u00e1llatk\u00eds\u00e9rlet mentes, p\u00e1lmaolaj mentes<br \/>\n-Biodegradable<\/p>\n<p><strong>Description:<\/strong><br \/>\nUnlike many synthetic materials, it degrades perfectly in water. For machine washing, we mainly recommend soap flakes. This gentle cleaning agent is also excellent for use in modern machines.<br \/>\n450 g laundry soap flakes enough for approx. 35 washes.<br \/>\nWhen washing at a colder temperature (30-40 degrees), it is advisable to dissolve the soap flakes in warm water and add them to the clothes.<\/p>","protected":false},"excerpt":{"rendered":"<p>A mos\u00f3szappan nem m\u00e1s, mint a j\u00f3l ismert h\u00e1ziszappan amelyet a nagysz\u00fcleink is haszn\u00e1ltak Jellemz\u0151i: -K\u00f6rnyezettudatos mos\u00f3szer -Term\u00e9szetesen hat\u00e9kony -Illat \u00e9s allerg\u00e9nmentes - Alacsony h\u0151fokon is hat\u00e9kony -G\u00e9pi \u00e9s k\u00e9zi mos\u00e1shoz egyar\u00e1nt alkalmazhat\u00f3 -foszf\u00e1tmentes, kl\u00f3rmentes, parab\u00e9nmentes, \u00e1llatk\u00eds\u00e9rlet mentes, p\u00e1lmaolaj mentes -Biol\u00f3giailag leboml\u00f3 Le\u00edr\u00e1s: Sok szintetikus anyaggal szemben t\u00f6k\u00e9letesen lebomlik a v\u00edzben. G\u00e9pi mos\u00e1shoz els\u0151sorban mos\u00f3szappan [&hellip;]<\/p>\n","protected":false},"featured_media":23239,"comment_status":"open","ping_status":"closed","template":"","meta":{"_acf_changed":false},"product_brand":[],"product_cat":[17,22],"product_tag":[688],"class_list":{"0":"post-47","1":"product","2":"type-product","3":"status-publish","4":"has-post-thumbnail","6":"product_cat-mososzer","7":"product_cat-cudy-illat-es-allergenmentes-tisztitoszer","8":"product_tag-33-mosas","10":"first","11":"instock","12":"shipping-taxable","13":"purchasable","14":"product-type-simple"},"acf":[],"_links":{"self":[{"href":"https:\/\/naturcleaning.hu\/en\/wp-json\/wp\/v2\/product\/47","targetHints":{"allow":["GET"]}}],"collection":[{"href":"https:\/\/naturcleaning.hu\/en\/wp-json\/wp\/v2\/product"}],"about":[{"href":"https:\/\/naturcleaning.hu\/en\/wp-json\/wp\/v2\/types\/product"}],"replies":[{"embeddable":true,"href":"https:\/\/naturcleaning.hu\/en\/wp-json\/wp\/v2\/comments?post=47"}],"wp:featuredmedia":[{"embeddable":true,"href":"https:\/\/naturcleaning.hu\/en\/wp-json\/wp\/v2\/media\/23239"}],"wp:attachment":[{"href":"https:\/\/naturcleaning.hu\/en\/wp-json\/wp\/v2\/media?parent=47"}],"wp:term":[{"taxonomy":"product_brand","embeddable":true,"href":"https:\/\/naturcleaning.hu\/en\/wp-json\/wp\/v2\/product_brand?post=47"},{"taxonomy":"product_cat","embeddable":true,"href":"https:\/\/naturcleaning.hu\/en\/wp-json\/wp\/v2\/product_cat?post=47"},{"taxonomy":"product_tag","embeddable":true,"href":"https:\/\/naturcleaning.hu\/en\/wp-json\/wp\/v2\/product_tag?post=47"}],"curies":[{"name":"wp","href":"https:\/\/api.w.org\/{rel}","templated":true}]}}