{"id":41222,"date":"2026-03-24T18:14:37","date_gmt":"2026-03-24T18:14:37","guid":{"rendered":"https:\/\/naturcleaning.hu\/?post_type=product&#038;p=41222"},"modified":"2026-03-24T18:18:15","modified_gmt":"2026-03-24T18:18:15","slug":"naturcleaning-mosogatoszer-koncentratum-green-tea-silk-1-liter","status":"publish","type":"product","link":"https:\/\/naturcleaning.hu\/en\/product\/naturcleaning-mosogatoszer-koncentratum-green-tea-silk-1-liter\/","title":{"rendered":"Naturcleaning Mosogat\u00f3szer koncentr\u00e1tum Green Tea Silk 1 liter"},"content":{"rendered":"<p>Fedezd fel a mosogat\u00e1s \u00faj \u00e9lm\u00e9ny\u00e9t a Green Tea Silk mosogat\u00f3szerrel! Er\u0151teljesen elt\u00e1vol\u00edtja a zs\u00edrt \u00e9s a makacs szennyez\u0151d\u00e9seket, mik\u00f6zben B5-provitamin \u00e9s kamilla kivonat tartalma hidrat\u00e1lja \u00e9s k\u00e9nyezteti a b\u0151rt. A friss, \u00fcde z\u00f6ld tea illat minden haszn\u00e1latkor tisztas\u00e1g\u00e9rzettel t\u00f6lti meg a konyh\u00e1t.<\/p>\n<p>V\u00e1laszd a ragyog\u00f3 ed\u00e9nyeket, az \u00e1polt kezeket \u00e9s a tudatos, fenntarthat\u00f3 megold\u00e1st \u2013 v\u00e1laszd a Green Tea Silk-et!<\/p>\n<p>How to use: Put a small amount (about 1 teaspoon for 5 liters of water) in warm or hot dishwashing water. In case of heavy dirt or very greasy dishes, the dose can be increased.<\/p>","protected":false},"excerpt":{"rendered":"<p>Fedezd fel a mosogat\u00e1s \u00faj \u00e9lm\u00e9ny\u00e9t a Green Tea Silk mosogat\u00f3szerrel! Er\u0151teljesen elt\u00e1vol\u00edtja a zs\u00edrt \u00e9s a makacs szennyez\u0151d\u00e9seket, mik\u00f6zben B5-provitamin \u00e9s kamilla kivonat tartalma hidrat\u00e1lja \u00e9s k\u00e9nyezteti a b\u0151rt. A friss, \u00fcde z\u00f6ld tea illat minden haszn\u00e1latkor tisztas\u00e1g\u00e9rzettel t\u00f6lti meg a konyh\u00e1t. V\u00e1laszd a ragyog\u00f3 ed\u00e9nyeket, az \u00e1polt kezeket \u00e9s a tudatos, fenntarthat\u00f3 megold\u00e1st [&hellip;]<\/p>\n","protected":false},"featured_media":40940,"comment_status":"open","ping_status":"closed","template":"","meta":{"_acf_changed":false},"product_brand":[],"product_cat":[19,645,720],"product_tag":[658],"class_list":{"0":"post-41222","1":"product","2":"type-product","3":"status-publish","4":"has-post-thumbnail","6":"product_cat-mosogatoszer","7":"product_cat-penztar_slider","8":"product_cat-ujdonsagok","9":"product_tag-uj-termek","11":"first","12":"instock","13":"shipping-taxable","14":"purchasable","15":"product-type-simple"},"acf":[],"_links":{"self":[{"href":"https:\/\/naturcleaning.hu\/en\/wp-json\/wp\/v2\/product\/41222","targetHints":{"allow":["GET"]}}],"collection":[{"href":"https:\/\/naturcleaning.hu\/en\/wp-json\/wp\/v2\/product"}],"about":[{"href":"https:\/\/naturcleaning.hu\/en\/wp-json\/wp\/v2\/types\/product"}],"replies":[{"embeddable":true,"href":"https:\/\/naturcleaning.hu\/en\/wp-json\/wp\/v2\/comments?post=41222"}],"wp:featuredmedia":[{"embeddable":true,"href":"https:\/\/naturcleaning.hu\/en\/wp-json\/wp\/v2\/media\/40940"}],"wp:attachment":[{"href":"https:\/\/naturcleaning.hu\/en\/wp-json\/wp\/v2\/media?parent=41222"}],"wp:term":[{"taxonomy":"product_brand","embeddable":true,"href":"https:\/\/naturcleaning.hu\/en\/wp-json\/wp\/v2\/product_brand?post=41222"},{"taxonomy":"product_cat","embeddable":true,"href":"https:\/\/naturcleaning.hu\/en\/wp-json\/wp\/v2\/product_cat?post=41222"},{"taxonomy":"product_tag","embeddable":true,"href":"https:\/\/naturcleaning.hu\/en\/wp-json\/wp\/v2\/product_tag?post=41222"}],"curies":[{"name":"wp","href":"https:\/\/api.w.org\/{rel}","templated":true}]}}