{"id":4119,"date":"2022-05-24T07:08:39","date_gmt":"2022-05-24T07:08:39","guid":{"rendered":"https:\/\/naturcleaning.hu\/?post_type=product&#038;p=4119"},"modified":"2024-08-01T08:05:53","modified_gmt":"2024-08-01T08:05:53","slug":"naturcleaning-granatalma-folyekonyszappan-250-ml","status":"publish","type":"product","link":"https:\/\/naturcleaning.hu\/en\/product\/naturcleaning-granatalma-folyekonyszappan-250-ml\/","title":{"rendered":"Naturcleaning Gr\u00e1n\u00e1talma foly\u00e9kony szappan 250 ml"},"content":{"rendered":"<p><strong>Naturcleaning Gr\u00e1n\u00e1talma foly\u00e9kony szappan arg\u00e1n \u00e9s gr\u00e1n\u00e1talmamag olajjal<\/strong><\/p>\n<p>Term\u00e9szetes antioxid\u00e1nsokban gazdag gy\u00fcm\u00f6lcs\u00f6s foly\u00e9kony szappan, amely el\u0151seg\u00edtheti a sejtek meg\u00fajul\u00e1s\u00e1t, lass\u00edthatja a b\u0151r \u00f6reged\u00e9s\u00e9t. Selymesen puh\u00e1v\u00e1 var\u00e1zsolja a b\u0151rt \u00e9s v\u00e9di kezeit a kisz\u00e1rad\u00e1st\u00f3l.<\/p>\n<p>Our goal with our NATURCLEANING philosophy of life and environmentally friendly products is to contribute to a clean, healthy home and work environment while taking as little space as possible away from wildlife and continuously reducing our ecological footprint.<\/p>","protected":false},"excerpt":{"rendered":"<p>Naturcleaning Gr\u00e1n\u00e1talma foly\u00e9kony szappan arg\u00e1n \u00e9s gr\u00e1n\u00e1talmamag olajjal Term\u00e9szetes antioxid\u00e1nsokban gazdag gy\u00fcm\u00f6lcs\u00f6s foly\u00e9kony szappan, amely el\u0151seg\u00edtheti a sejtek meg\u00fajul\u00e1s\u00e1t, lass\u00edthatja a b\u0151r \u00f6reged\u00e9s\u00e9t. Selymesen puh\u00e1v\u00e1 var\u00e1zsolja a b\u0151rt \u00e9s v\u00e9di kezeit a kisz\u00e1rad\u00e1st\u00f3l. C\u00e9lunk, hogy NATURCLEANING \u00e9letfiloz\u00f3fi\u00e1nkkal \u00e9s k\u00f6rnyezetbar\u00e1t term\u00e9keinkkel hozz\u00e1j\u00e1ruljunk a tiszta eg\u00e9szs\u00e9ges otthon \u00e9s munkak\u00f6rnyezet kialak\u00edt\u00e1s\u00e1hoz, mik\u00f6zben a lehet\u0151 legkevesebb teret vonjuk el [&hellip;]<\/p>\n","protected":false},"featured_media":27825,"comment_status":"open","ping_status":"closed","template":"","meta":{"_acf_changed":false},"product_brand":[],"product_cat":[21],"product_tag":[],"class_list":{"0":"post-4119","1":"product","2":"type-product","3":"status-publish","4":"has-post-thumbnail","6":"product_cat-tusfurdok-szappanok-es-kozmetikumok","8":"first","9":"instock","10":"shipping-taxable","11":"purchasable","12":"product-type-simple"},"acf":[],"_links":{"self":[{"href":"https:\/\/naturcleaning.hu\/en\/wp-json\/wp\/v2\/product\/4119","targetHints":{"allow":["GET"]}}],"collection":[{"href":"https:\/\/naturcleaning.hu\/en\/wp-json\/wp\/v2\/product"}],"about":[{"href":"https:\/\/naturcleaning.hu\/en\/wp-json\/wp\/v2\/types\/product"}],"replies":[{"embeddable":true,"href":"https:\/\/naturcleaning.hu\/en\/wp-json\/wp\/v2\/comments?post=4119"}],"wp:featuredmedia":[{"embeddable":true,"href":"https:\/\/naturcleaning.hu\/en\/wp-json\/wp\/v2\/media\/27825"}],"wp:attachment":[{"href":"https:\/\/naturcleaning.hu\/en\/wp-json\/wp\/v2\/media?parent=4119"}],"wp:term":[{"taxonomy":"product_brand","embeddable":true,"href":"https:\/\/naturcleaning.hu\/en\/wp-json\/wp\/v2\/product_brand?post=4119"},{"taxonomy":"product_cat","embeddable":true,"href":"https:\/\/naturcleaning.hu\/en\/wp-json\/wp\/v2\/product_cat?post=4119"},{"taxonomy":"product_tag","embeddable":true,"href":"https:\/\/naturcleaning.hu\/en\/wp-json\/wp\/v2\/product_tag?post=4119"}],"curies":[{"name":"wp","href":"https:\/\/api.w.org\/{rel}","templated":true}]}}