{"id":411,"date":"2021-07-02T14:15:21","date_gmt":"2021-07-02T14:15:21","guid":{"rendered":"https:\/\/cudyfuture.nomaddigital.hu\/?post_type=product&#038;p=411"},"modified":"2024-12-03T09:52:46","modified_gmt":"2024-12-03T09:52:46","slug":"wash-taps-mosopor-white-25-kg","status":"publish","type":"product","link":"https:\/\/naturcleaning.hu\/en\/product\/wash-taps-mosopor-white-25-kg\/","title":{"rendered":"Wash Taps washing powder white 2.5 kg"},"content":{"rendered":"<p style=\"text-align: center\"><strong>Naturcleaning Wash Taps white cleans white clothes to the deep depths.<\/strong><br \/>\n<strong>Green Brand award winning brand<\/strong><\/p>\n<p><strong>Features:<\/strong><br \/>\n-For white fabrics<br \/>\n-It protects the clothes from getting grey<br \/>\n-Cleans and cares for your clothes intensively<br \/>\n-Environmentally conscious<br \/>\n-Of course very effective<br \/>\n-Plant ingredients<br \/>\n-Hypoallergenic<br \/>\n- Cleans effectively as low as 30 \u00b0 C<br \/>\n-phosphate-free, chlorine-free, paraben-free, cruelty-free, palm oil-free, vegan<br \/>\n-Biodegradable<br \/>\n-Hungarian product<br \/>\n-Refillable packaging<\/p>\n<p>Effectively removes stains, gives freshness and brilliant cleanliness to white clothes, while being gentle with materials. Naturcleaning washing powder not only effectively cleans white clothes all the way to the depths of the fibers, but also protects them from graying.<br \/>\nContains biodegradable surfactants. Recommended for all types of washing machines, also suitable for washing at 30, 40, 60 and 90 \u00b0 C.<br \/>\nWash Taps detergent contains a color-protecting additive and a water softener, so it cleans effectively even in water with a high iron content. It dissolves perfectly without residue.<br \/>\n<strong>Not suitable for washing wool and silk!<\/strong><br \/>\nDue to its natural based composition, it does not pollute the environment. It does not pollute our living waters as it is completely biodegradable.<\/p>","protected":false},"excerpt":{"rendered":"<p>A Naturcleaning Wash Taps white m\u00f3s\u00f3por sz\u00e1lm\u00e9lys\u00e9gig megtiszt\u00edtja a feh\u00e9r ruh\u00e1kat. Green Brand d\u00edjas m\u00e1rka. Jellemz\u0151i: -Feh\u00e9r text\u00edli\u00e1khoz -\u00d3vja a ruh\u00e1kat a besz\u00fcrk\u00fcl\u00e9st\u0151l -Tiszt\u00edtja \u00e9s intenz\u00edven \u00e1polja ruh\u00e1id -K\u00f6rnyezettudatos, -Term\u00e9szetesen hat\u00e9kony -N\u00f6v\u00e9nyi \u00f6sszetev\u0151k -Hypoallerg\u00e9n - Hat\u00e9konyan tiszt\u00edt m\u00e1r 30\u00b0C-on is -foszf\u00e1tmentes, kl\u00f3rmentes, parab\u00e9nmentes, \u00e1llatk\u00eds\u00e9rlet mentes, p\u00e1lmaolaj mentes, veg\u00e1n -Biol\u00f3giailag leboml\u00f3 -Magyar term\u00e9k -\u00dajrat\u00f6lthet\u0151 csomagol\u00e1s Hat\u00e9konyan [&hellip;]<\/p>\n","protected":false},"featured_media":803,"comment_status":"open","ping_status":"closed","template":"","meta":{"_acf_changed":false},"product_brand":[],"product_cat":[17],"product_tag":[687],"class_list":{"0":"post-411","1":"product","2":"type-product","3":"status-publish","4":"has-post-thumbnail","6":"product_cat-mososzer","7":"product_tag-20-mosas","9":"first","10":"instock","11":"shipping-taxable","12":"purchasable","13":"product-type-simple"},"acf":[],"_links":{"self":[{"href":"https:\/\/naturcleaning.hu\/en\/wp-json\/wp\/v2\/product\/411","targetHints":{"allow":["GET"]}}],"collection":[{"href":"https:\/\/naturcleaning.hu\/en\/wp-json\/wp\/v2\/product"}],"about":[{"href":"https:\/\/naturcleaning.hu\/en\/wp-json\/wp\/v2\/types\/product"}],"replies":[{"embeddable":true,"href":"https:\/\/naturcleaning.hu\/en\/wp-json\/wp\/v2\/comments?post=411"}],"wp:featuredmedia":[{"embeddable":true,"href":"https:\/\/naturcleaning.hu\/en\/wp-json\/wp\/v2\/media\/803"}],"wp:attachment":[{"href":"https:\/\/naturcleaning.hu\/en\/wp-json\/wp\/v2\/media?parent=411"}],"wp:term":[{"taxonomy":"product_brand","embeddable":true,"href":"https:\/\/naturcleaning.hu\/en\/wp-json\/wp\/v2\/product_brand?post=411"},{"taxonomy":"product_cat","embeddable":true,"href":"https:\/\/naturcleaning.hu\/en\/wp-json\/wp\/v2\/product_cat?post=411"},{"taxonomy":"product_tag","embeddable":true,"href":"https:\/\/naturcleaning.hu\/en\/wp-json\/wp\/v2\/product_tag?post=411"}],"curies":[{"name":"wp","href":"https:\/\/api.w.org\/{rel}","templated":true}]}}