{"id":41078,"date":"2026-03-21T08:20:13","date_gmt":"2026-03-21T08:20:13","guid":{"rendered":"https:\/\/naturcleaning.hu\/?post_type=product&#038;p=41078"},"modified":"2026-03-21T08:27:12","modified_gmt":"2026-03-21T08:27:12","slug":"naturcleaning-mosogep-tisztito-vadgesztenye-kivonattal-200-ml","status":"publish","type":"product","link":"https:\/\/naturcleaning.hu\/en\/product\/naturcleaning-mosogep-tisztito-vadgesztenye-kivonattal-200-ml\/","title":{"rendered":"Naturcleaning Mos\u00f3g\u00e9p tiszt\u00edt\u00f3 vadgesztenye kivonattal 200 ml"},"content":{"rendered":"<p>Vadgesztenye kivonattal a term\u00e9szet erej\u00e9vel!<br \/>\nHat\u00e9konyan t\u00e1vol\u00edtja el a v\u00edzk\u00f6vet \u00e9s a lerak\u00f3dott mos\u00f3szermaradv\u00e1nyokat \u2013 mindezt k\u00edm\u00e9letesen, a mos\u00f3g\u00e9p alkatr\u00e9szeinek k\u00e1ros\u00edt\u00e1sa n\u00e9lk\u00fcl.<br \/>\n\u00b7 Vadgesztenye kivonattal a fokozott tiszt\u00edt\u00f3hat\u00e1s\u00e9rt<br \/>\n\u00b7 Meghosszabb\u00edthatja a mos\u00f3g\u00e9p \u00e9lettartam\u00e1t<br \/>\n\u00b7 K\u00f6rnyezetbar\u00e1t, term\u00e9szetes formula<br \/>\n\u00b7 Frissess\u00e9g \u00e9s higi\u00e9nia minden mos\u00e1sn\u00e1l<\/p>\n<p><strong>Recommendation of how to use:<\/strong><br \/>\n1. Mos\u00f3szer adagol\u00f3-rekesz tiszt\u00edt\u00e1s\u00e1hoz: \u00f6nts\u00fcnk 50 ml mos\u00f3g\u00e9p tiszt\u00edt\u00f3szert 4 L meleg v\u00edzhez. Vegy\u00fck ki a mos\u00f3szer adagol\u00f3 rekeszt \u00e9s 30 percig \u00e1ztassuk ebben az oldatban. V\u00e9g\u00fcl \u00f6bl\u00edts\u00fck le tiszta v\u00edzzel \u00e9s tegy\u00fck vissza. 2. Ajt\u00f3t\u00f6m\u00edt\u00e9shez: \u00d6nts\u00fcnk egy keveset a tiszt\u00edt\u00f3szerb\u0151l egy t\u00f6rl\u0151rongyra \u00e9s ezzel mossuk le az ajt\u00f3gumit. V\u00e9g\u00fcl t\u00f6r\u00f6lj\u00fck \u00e1t tiszta vizes ronggyal. 3. F\u0171t\u0151sz\u00e1lhoz \u00e9s Mos\u00f3g\u00e9pdob tiszt\u00edt\u00e1shoz: \u00f6nts\u00fck a marad\u00e9k \u00e1pol\u00f3szert a mos\u00f3szer adagol\u00f3-rekeszbe \u00e9s ind\u00edtsunk el egy mos\u00e1st (mos\u00f3szer \u00e9s szennyes n\u00e9lk\u00fcl), min. 60 \u00b0C-on (el\u0151mos\u00e1s n\u00e9lk\u00fcl). Tipp: a mos\u00f3g\u00e9p v\u00e9delme \u00e9s karbantart\u00e1sa \u00e9rdek\u00e9ben haszn\u00e1ljuk \u00e9vente 2 -3 alkalommal.<\/p>\n<p>&nbsp;<\/p>\n<p>&nbsp;<\/p>","protected":false},"excerpt":{"rendered":"<p>Vadgesztenye kivonattal a term\u00e9szet erej\u00e9vel! Hat\u00e9konyan t\u00e1vol\u00edtja el a v\u00edzk\u00f6vet \u00e9s a lerak\u00f3dott mos\u00f3szermaradv\u00e1nyokat \u2013 mindezt k\u00edm\u00e9letesen, a mos\u00f3g\u00e9p alkatr\u00e9szeinek k\u00e1ros\u00edt\u00e1sa n\u00e9lk\u00fcl. \u00b7 Vadgesztenye kivonattal a fokozott tiszt\u00edt\u00f3hat\u00e1s\u00e9rt \u00b7 Meghosszabb\u00edthatja a mos\u00f3g\u00e9p \u00e9lettartam\u00e1t \u00b7 K\u00f6rnyezetbar\u00e1t, term\u00e9szetes formula \u00b7 Frissess\u00e9g \u00e9s higi\u00e9nia minden mos\u00e1sn\u00e1l Felhaszn\u00e1l\u00e1si javaslat: 1. Mos\u00f3szer adagol\u00f3-rekesz tiszt\u00edt\u00e1s\u00e1hoz: \u00f6nts\u00fcnk 50 ml mos\u00f3g\u00e9p tiszt\u00edt\u00f3szert 4 [&hellip;]<\/p>\n","protected":false},"featured_media":40551,"comment_status":"open","ping_status":"closed","template":"","meta":{"_acf_changed":false},"product_brand":[],"product_cat":[24,645,720],"product_tag":[658],"class_list":{"0":"post-41078","1":"product","2":"type-product","3":"status-publish","4":"has-post-thumbnail","6":"product_cat-altalanos-tisztito-es-felmososzer","7":"product_cat-penztar_slider","8":"product_cat-ujdonsagok","9":"product_tag-uj-termek","11":"first","12":"instock","13":"shipping-taxable","14":"purchasable","15":"product-type-simple"},"acf":[],"_links":{"self":[{"href":"https:\/\/naturcleaning.hu\/en\/wp-json\/wp\/v2\/product\/41078","targetHints":{"allow":["GET"]}}],"collection":[{"href":"https:\/\/naturcleaning.hu\/en\/wp-json\/wp\/v2\/product"}],"about":[{"href":"https:\/\/naturcleaning.hu\/en\/wp-json\/wp\/v2\/types\/product"}],"replies":[{"embeddable":true,"href":"https:\/\/naturcleaning.hu\/en\/wp-json\/wp\/v2\/comments?post=41078"}],"wp:featuredmedia":[{"embeddable":true,"href":"https:\/\/naturcleaning.hu\/en\/wp-json\/wp\/v2\/media\/40551"}],"wp:attachment":[{"href":"https:\/\/naturcleaning.hu\/en\/wp-json\/wp\/v2\/media?parent=41078"}],"wp:term":[{"taxonomy":"product_brand","embeddable":true,"href":"https:\/\/naturcleaning.hu\/en\/wp-json\/wp\/v2\/product_brand?post=41078"},{"taxonomy":"product_cat","embeddable":true,"href":"https:\/\/naturcleaning.hu\/en\/wp-json\/wp\/v2\/product_cat?post=41078"},{"taxonomy":"product_tag","embeddable":true,"href":"https:\/\/naturcleaning.hu\/en\/wp-json\/wp\/v2\/product_tag?post=41078"}],"curies":[{"name":"wp","href":"https:\/\/api.w.org\/{rel}","templated":true}]}}