{"id":41076,"date":"2026-03-21T07:56:31","date_gmt":"2026-03-21T07:56:31","guid":{"rendered":"https:\/\/naturcleaning.hu\/?post_type=product&#038;p=41076"},"modified":"2026-03-21T08:12:00","modified_gmt":"2026-03-21T08:12:00","slug":"natur-beauty-beard-oil-szakallolaj-30-ml","status":"publish","type":"product","link":"https:\/\/naturcleaning.hu\/en\/product\/natur-beauty-beard-oil-szakallolaj-30-ml\/","title":{"rendered":"Natur Beauty Beard Oil - Szak\u00e1llolaj 30 ml"},"content":{"rendered":"<p>A Natur Beauty pr\u00e9mium min\u0151s\u00e9g\u0171 szak\u00e1llolaj gondosan v\u00e1logatott t\u00e1pl\u00e1l\u00f3 term\u00e9szetes alapanyagok, olajok kever\u00e9ke, amelyek kellemes, f\u00e9rfias illatot biztos\u00edtanak a szak\u00e1llnak. \u00c1polja, t\u00e1pl\u00e1lja, hidrat\u00e1lja \u00e9s v\u00e9di a b\u0151rt a k\u00fcls\u0151 hat\u00e1sokt\u00f3l a benn\u00fck l\u00e9v\u0151 \u00e9rt\u00e9kes hat\u00f3anyagokban gazdag olajokt\u00f3l. (\u00c9des mandula, ligetsz\u00e9pe, jojoba, ricinus \u00e9s sz\u0151l\u0151mag olajjal)<\/p>\n<p>Alkalmaz\u00e1sa ut\u00e1n a szak\u00e1ll sima, puha \u00e9s kellemes tapint\u00e1s\u00fa lesz, \u00e9s az \u00e1pol\u00e1s is k\u00f6nnyebb\u00e9 v\u00e1lik. Kellemesebb\u00e9 teszi az arcsz\u0151rzet visel\u00e9s\u00e9t, sim\u00edtja a k\u00f3sza sz\u00e1lakat \u00e9s eg\u00e9szs\u00e9ges f\u00e9nyt k\u00f6lcs\u00f6n\u00f6z neki. Enyh\u00edti a viszket\u00e9st \u00e9s a fesz\u00fcl\u00e9st. Ez az egyed\u00fcl\u00e1ll\u00f3 olajkever\u00e9k b\u00e1rmilyen hossz\u00fas\u00e1g\u00fa szak\u00e1ll, nemcsak az arcsz\u0151rzet, de az alatta l\u00e9v\u0151 arcb\u0151r professzion\u00e1lis \u00e1pol\u00e1s\u00e1ra is kiv\u00e1l\u00f3an alkalmas.<\/p>\n<p><strong>Milyen az \u00e1polt , vonz\u00f3 szak\u00e1ll, amely mindenkit leny\u0171g\u00f6z?<\/strong><\/p>\n<p>-csom\u00f3-, \u00e9s gubancmentes,<\/p>\n<p>-tiszta, puha tapint\u00e1s\u00fa,<\/p>\n<p>-t\u00f6k\u00e9letesre form\u00e1zott, eleg\u00e1ns,<\/p>\n<p>-term\u00e9szetesen f\u00e9nyl\u0151, csillog\u00f3,<\/p>\n<p>-f\u00e9rfias illat\u00fa.<\/p>\n<p><strong>Hogyan haszn\u00e1ld a szak\u00e1llolajat?<\/strong><\/p>\n<p>-Haszn\u00e1lat el\u0151tt javasolt a szak\u00e1llmos\u00e1s, de a sz\u00e1raz szak\u00e1llra is t\u00f6k\u00e9letesen haszn\u00e1lhat\u00f3. Kis mennyis\u00e9g\u0171 szak\u00e1llolajat cseppent\u00fcnk a tenyer\u00fcnkbe<\/p>\n<p>-Az olajat elkenj\u00fck a teny\u00e9ren<\/p>\n<p>-Er\u0151teljesen beled\u00f6rzs\u00f6lj\u00fck a szak\u00e1llba, eg\u00e9szen a b\u0151rig<\/p>\n<p>-Kef\u00e9vel eligaz\u00edtjuk az olajat a sz\u0151rsz\u00e1lakon<\/p>\n<p>-F\u00e9s\u0171vel egyenletesre f\u00e9s\u00fclj\u00fck az egyenetlen sz\u0151rsz\u00e1lakat<\/p>\n<p>-Az kil\u00f3g\u00f3 sz\u0151rsz\u00e1lakat a oll\u00f3val lev\u00e1gjuk<\/p>\n<p>&nbsp;<\/p>\n<p>T\u00e1rol\u00e1s: szobah\u0151m\u00e9rs\u00e9keleten, k\u00f6zvetlen napf\u00e9nyt\u0151l v\u00e9dve.<\/p>","protected":false},"excerpt":{"rendered":"<p>A Natur Beauty pr\u00e9mium min\u0151s\u00e9g\u0171 szak\u00e1llolaj gondosan v\u00e1logatott t\u00e1pl\u00e1l\u00f3 term\u00e9szetes alapanyagok, olajok kever\u00e9ke, amelyek kellemes, f\u00e9rfias illatot biztos\u00edtanak a szak\u00e1llnak. \u00c1polja, t\u00e1pl\u00e1lja, hidrat\u00e1lja \u00e9s v\u00e9di a b\u0151rt a k\u00fcls\u0151 hat\u00e1sokt\u00f3l a benn\u00fck l\u00e9v\u0151 \u00e9rt\u00e9kes hat\u00f3anyagokban gazdag olajokt\u00f3l. (\u00c9des mandula, ligetsz\u00e9pe, jojoba, ricinus \u00e9s sz\u0151l\u0151mag olajjal) Alkalmaz\u00e1sa ut\u00e1n a szak\u00e1ll sima, puha \u00e9s kellemes tapint\u00e1s\u00fa lesz, [&hellip;]<\/p>\n","protected":false},"featured_media":40550,"comment_status":"open","ping_status":"closed","template":"","meta":{"_acf_changed":false},"product_brand":[],"product_cat":[645,21,720],"product_tag":[658],"class_list":{"0":"post-41076","1":"product","2":"type-product","3":"status-publish","4":"has-post-thumbnail","6":"product_cat-penztar_slider","7":"product_cat-tusfurdok-szappanok-es-kozmetikumok","8":"product_cat-ujdonsagok","9":"product_tag-uj-termek","11":"first","12":"instock","13":"shipping-taxable","14":"purchasable","15":"product-type-simple"},"acf":[],"_links":{"self":[{"href":"https:\/\/naturcleaning.hu\/en\/wp-json\/wp\/v2\/product\/41076","targetHints":{"allow":["GET"]}}],"collection":[{"href":"https:\/\/naturcleaning.hu\/en\/wp-json\/wp\/v2\/product"}],"about":[{"href":"https:\/\/naturcleaning.hu\/en\/wp-json\/wp\/v2\/types\/product"}],"replies":[{"embeddable":true,"href":"https:\/\/naturcleaning.hu\/en\/wp-json\/wp\/v2\/comments?post=41076"}],"wp:featuredmedia":[{"embeddable":true,"href":"https:\/\/naturcleaning.hu\/en\/wp-json\/wp\/v2\/media\/40550"}],"wp:attachment":[{"href":"https:\/\/naturcleaning.hu\/en\/wp-json\/wp\/v2\/media?parent=41076"}],"wp:term":[{"taxonomy":"product_brand","embeddable":true,"href":"https:\/\/naturcleaning.hu\/en\/wp-json\/wp\/v2\/product_brand?post=41076"},{"taxonomy":"product_cat","embeddable":true,"href":"https:\/\/naturcleaning.hu\/en\/wp-json\/wp\/v2\/product_cat?post=41076"},{"taxonomy":"product_tag","embeddable":true,"href":"https:\/\/naturcleaning.hu\/en\/wp-json\/wp\/v2\/product_tag?post=41076"}],"curies":[{"name":"wp","href":"https:\/\/api.w.org\/{rel}","templated":true}]}}