{"id":41019,"date":"2026-03-18T22:29:50","date_gmt":"2026-03-18T22:29:50","guid":{"rendered":"https:\/\/naturcleaning.hu\/?post_type=product&#038;p=41019"},"modified":"2026-03-18T22:35:48","modified_gmt":"2026-03-18T22:35:48","slug":"naturcleaning-tappancsbarat-barangolo-spray-30-ml","status":"publish","type":"product","link":"https:\/\/naturcleaning.hu\/en\/product\/naturcleaning-tappancsbarat-barangolo-spray-30-ml\/","title":{"rendered":"Naturcleaning Tappancsbar\u00e1t Barangol\u00f3 Spray 30 ml"},"content":{"rendered":"<p>Term\u00e9szetes gondoskod\u00e1s <strong>kuty\u00e1knak<\/strong> \u2013 t\u00far\u00e1khoz, s\u00e9t\u00e1khoz, kir\u00e1ndul\u00e1sokhoz.<br \/>\nGy\u00f3gyn\u00f6v\u00e9nyekkel \u00e9s t\u00e1pl\u00e1l\u00f3 olajokkal a felh\u0151tlen kalandok\u00e9rt.<\/p>\n<p>Felhaszn\u00e1l\u00e1si javaslat, adagol\u00e1s: Javasoljuk minden s\u00e9ta el\u0151tt haszn\u00e1lni \u00e9s 3-4 \u00f3r\u00e1nk\u00e9nt megism\u00e9telni.<br \/>\nHaszn\u00e1lat el\u0151tt r\u00e1zd fel, majd permetezd a kutya bund\u00e1j\u00e1ra.<\/p>\n<p>Do not use on damaged skin! Avoid contact with eyes, ears and mucous membranes. The product should only be used externally as directed. In case of contact with eyes or damaged skin, wash immediately with plenty of water.<br \/>\nNapf\u00e9nyt\u0151l v\u00e9dve t\u00e1roland\u00f3.<br \/>\nFor veterinary or pet care purposes only!<br \/>\nNyilv\u00e1ntart\u00e1si sz\u00e1m: 3066\/1\/NM\/2026 N\u00c9BIH \u00c1TI (30ml)<\/p>\n<p>T\u00e1rol\u00e1s: + 5 C\u00b0 feletti h\u0151m\u00e9rs\u00e9kleten<\/p>","protected":false},"excerpt":{"rendered":"<p>Term\u00e9szetes gondoskod\u00e1s kuty\u00e1knak \u2013 t\u00far\u00e1khoz, s\u00e9t\u00e1khoz, kir\u00e1ndul\u00e1sokhoz. Gy\u00f3gyn\u00f6v\u00e9nyekkel \u00e9s t\u00e1pl\u00e1l\u00f3 olajokkal a felh\u0151tlen kalandok\u00e9rt. Felhaszn\u00e1l\u00e1si javaslat, adagol\u00e1s: Javasoljuk minden s\u00e9ta el\u0151tt haszn\u00e1lni \u00e9s 3-4 \u00f3r\u00e1nk\u00e9nt megism\u00e9telni. Haszn\u00e1lat el\u0151tt r\u00e1zd fel, majd permetezd a kutya bund\u00e1j\u00e1ra. S\u00e9r\u00fclt b\u0151r\u00f6n nem alkalmazhat\u00f3! Szembe, f\u00fclbe, illetve ny\u00e1lkah\u00e1rty\u00e1ra jut\u00e1st el kell ker\u00fclni. A k\u00e9sz\u00edtm\u00e9ny csak el\u0151\u00edr\u00e1s szerint, k\u00fcls\u0151leg haszn\u00e1lhat\u00f3. Ha [&hellip;]<\/p>\n","protected":false},"featured_media":40943,"comment_status":"open","ping_status":"closed","template":"","meta":{"_acf_changed":false},"product_brand":[],"product_cat":[645,30,720,36],"product_tag":[658],"class_list":{"0":"post-41019","1":"product","2":"type-product","3":"status-publish","4":"has-post-thumbnail","6":"product_cat-penztar_slider","7":"product_cat-tappancsbarat-termek","8":"product_cat-ujdonsagok","9":"product_cat-utazashoz","10":"product_tag-uj-termek","12":"first","13":"instock","14":"shipping-taxable","15":"purchasable","16":"product-type-simple"},"acf":[],"_links":{"self":[{"href":"https:\/\/naturcleaning.hu\/en\/wp-json\/wp\/v2\/product\/41019","targetHints":{"allow":["GET"]}}],"collection":[{"href":"https:\/\/naturcleaning.hu\/en\/wp-json\/wp\/v2\/product"}],"about":[{"href":"https:\/\/naturcleaning.hu\/en\/wp-json\/wp\/v2\/types\/product"}],"replies":[{"embeddable":true,"href":"https:\/\/naturcleaning.hu\/en\/wp-json\/wp\/v2\/comments?post=41019"}],"wp:featuredmedia":[{"embeddable":true,"href":"https:\/\/naturcleaning.hu\/en\/wp-json\/wp\/v2\/media\/40943"}],"wp:attachment":[{"href":"https:\/\/naturcleaning.hu\/en\/wp-json\/wp\/v2\/media?parent=41019"}],"wp:term":[{"taxonomy":"product_brand","embeddable":true,"href":"https:\/\/naturcleaning.hu\/en\/wp-json\/wp\/v2\/product_brand?post=41019"},{"taxonomy":"product_cat","embeddable":true,"href":"https:\/\/naturcleaning.hu\/en\/wp-json\/wp\/v2\/product_cat?post=41019"},{"taxonomy":"product_tag","embeddable":true,"href":"https:\/\/naturcleaning.hu\/en\/wp-json\/wp\/v2\/product_tag?post=41019"}],"curies":[{"name":"wp","href":"https:\/\/api.w.org\/{rel}","templated":true}]}}