{"id":40938,"date":"2026-03-15T14:45:50","date_gmt":"2026-03-15T14:45:50","guid":{"rendered":"https:\/\/naturcleaning.hu\/?post_type=product&#038;p=40938"},"modified":"2026-03-29T20:09:33","modified_gmt":"2026-03-29T20:09:33","slug":"naturcleaning-vasalaskonnyito-spray-500-ml","status":"publish","type":"product","link":"https:\/\/naturcleaning.hu\/en\/product\/naturcleaning-vasalaskonnyito-spray-500-ml\/","title":{"rendered":"Naturcleaning Vasal\u00e1sk\u00f6nny\u00edt\u0151 Spray 500 ml"},"content":{"rendered":"<p>Best Ironing - Szak\u00e9rt\u0151 Vasal\u00e1s aj\u00e1nl\u00e1s\u00e1val.<\/p>\n<p>A Hipoallerg\u00e9n Vasal\u00e1sk\u00f6nny\u00edt\u0151 Spray megk\u00f6nny\u00edti a vasal\u00e1st, gyorsabb\u00e1 \u00e9s hat\u00e9konyabb\u00e1 t\u00e9ve a ruh\u00e1k sim\u00edt\u00e1s\u00e1t. Speci\u00e1lis formul\u00e1ja seg\u00edt elt\u00e1vol\u00edtani a gy\u0171r\u0151d\u00e9seket, mik\u00f6zben friss illatot hagy maga ut\u00e1n. Alkalmas minden vasalhat\u00f3 text\u00edli\u00e1ra, \u00edgy t\u00f6k\u00e9letes v\u00e1laszt\u00e1s ingekhez, \u00e1gynem\u0171kh\u00f6z \u00e9s egy\u00e9b ruhadarabokhoz.<\/p>\n<p>Haszn\u00e1lat el\u0151tt alaposan r\u00e1zzuk fel. Egyenletesen permetezz\u00fck le az anyagot kb. 20 cm messzir\u0151l, azut\u00e1n szok\u00e1sos m\u00f3don lehet vasalni, g\u0151z\u00f6l\u00e9s n\u00e9lk\u00fcl. Ha a permetez\u0151fej elt\u00f6m\u0151dik, akkor csavarjuk le a permetez\u0151fejet \u00e9s meleg v\u00edzben \u00f6bl\u00edts\u00fck \u00e1t. A kem\u00e9ny\u00edt\u0151 spray cs\u00fasz\u00f3s lehet a f\u00f6ld\u00f6n.<\/p>\n<p>&nbsp;<\/p>\n<p>&nbsp;<\/p>\n<p>&nbsp;<\/p>\n<p>&nbsp;<\/p>\n<p>&nbsp;<\/p>\n<p>&nbsp;<\/p>\n<p>&nbsp;<\/p>\n<p>&nbsp;<\/p>\n<p>&nbsp;<\/p>","protected":false},"excerpt":{"rendered":"<p>Best Ironing - Szak\u00e9rt\u0151 Vasal\u00e1s aj\u00e1nl\u00e1s\u00e1val. A Hipoallerg\u00e9n Vasal\u00e1sk\u00f6nny\u00edt\u0151 Spray megk\u00f6nny\u00edti a vasal\u00e1st, gyorsabb\u00e1 \u00e9s hat\u00e9konyabb\u00e1 t\u00e9ve a ruh\u00e1k sim\u00edt\u00e1s\u00e1t. Speci\u00e1lis formul\u00e1ja seg\u00edt elt\u00e1vol\u00edtani a gy\u0171r\u0151d\u00e9seket, mik\u00f6zben friss illatot hagy maga ut\u00e1n. Alkalmas minden vasalhat\u00f3 text\u00edli\u00e1ra, \u00edgy t\u00f6k\u00e9letes v\u00e1laszt\u00e1s ingekhez, \u00e1gynem\u0171kh\u00f6z \u00e9s egy\u00e9b ruhadarabokhoz. Haszn\u00e1lat el\u0151tt alaposan r\u00e1zzuk fel. Egyenletesen permetezz\u00fck le az anyagot kb. [&hellip;]<\/p>\n","protected":false},"featured_media":40945,"comment_status":"open","ping_status":"closed","template":"","meta":{"_acf_changed":false},"product_brand":[],"product_cat":[24,645,720],"product_tag":[658],"class_list":{"0":"post-40938","1":"product","2":"type-product","3":"status-publish","4":"has-post-thumbnail","6":"product_cat-altalanos-tisztito-es-felmososzer","7":"product_cat-penztar_slider","8":"product_cat-ujdonsagok","9":"product_tag-uj-termek","11":"first","12":"instock","13":"shipping-taxable","14":"purchasable","15":"product-type-simple"},"acf":[],"_links":{"self":[{"href":"https:\/\/naturcleaning.hu\/en\/wp-json\/wp\/v2\/product\/40938","targetHints":{"allow":["GET"]}}],"collection":[{"href":"https:\/\/naturcleaning.hu\/en\/wp-json\/wp\/v2\/product"}],"about":[{"href":"https:\/\/naturcleaning.hu\/en\/wp-json\/wp\/v2\/types\/product"}],"replies":[{"embeddable":true,"href":"https:\/\/naturcleaning.hu\/en\/wp-json\/wp\/v2\/comments?post=40938"}],"wp:featuredmedia":[{"embeddable":true,"href":"https:\/\/naturcleaning.hu\/en\/wp-json\/wp\/v2\/media\/40945"}],"wp:attachment":[{"href":"https:\/\/naturcleaning.hu\/en\/wp-json\/wp\/v2\/media?parent=40938"}],"wp:term":[{"taxonomy":"product_brand","embeddable":true,"href":"https:\/\/naturcleaning.hu\/en\/wp-json\/wp\/v2\/product_brand?post=40938"},{"taxonomy":"product_cat","embeddable":true,"href":"https:\/\/naturcleaning.hu\/en\/wp-json\/wp\/v2\/product_cat?post=40938"},{"taxonomy":"product_tag","embeddable":true,"href":"https:\/\/naturcleaning.hu\/en\/wp-json\/wp\/v2\/product_tag?post=40938"}],"curies":[{"name":"wp","href":"https:\/\/api.w.org\/{rel}","templated":true}]}}