{"id":409,"date":"2021-07-02T14:12:32","date_gmt":"2021-07-02T14:12:32","guid":{"rendered":"https:\/\/cudyfuture.nomaddigital.hu\/?post_type=product&#038;p=409"},"modified":"2024-12-03T09:53:00","modified_gmt":"2024-12-03T09:53:00","slug":"wash-taps-mosopor-color-25-kg","status":"publish","type":"product","link":"https:\/\/naturcleaning.hu\/en\/product\/wash-taps-mosopor-color-25-kg\/","title":{"rendered":"Wash Taps washing powder color 2.5 kg"},"content":{"rendered":"<p style=\"text-align: center\"><strong>A Naturcleaning Wash Taps color m\u00f3s\u00f3por sz\u00e1lm\u00e9lys\u00e9gig megtiszt\u00edtja a sz\u00ednes ruh\u00e1kat.<\/strong><br \/>\n<strong>Green Brand Award Winning Product<\/strong><\/p>\n<p><strong>Features:<\/strong><br \/>\n- Washing powder for colored textiles<br \/>\n- Brilliantly clean and fragrant clothes<br \/>\n- Outstanding stain removal effect<br \/>\n-Helps remove dry stains<br \/>\n-Environmentally conscious, skin-friendly detergent<br \/>\n-Of course very effective<br \/>\n-Plant ingredients<br \/>\n-Hypoallergenic<br \/>\n- Cleans effectively as low as 30 \u00b0 C<br \/>\n-phosphate-free, chlorine-free, paraben-free, cruelty-free, palm oil-free, vegan<br \/>\n-Biodegradable<br \/>\n-Hungarian product<br \/>\n-Refillable packaging<\/p>\n<p>Naturcleaning washing powder results in brilliant and hygienic cleanliness while maintaining the vibrant color of clothes. It cleans and treats stubborn stains effectively.<br \/>\nContains biodegradable surfactants. Recommended for all types of washing machines, also suitable for washing at 30, 40, 60 and 90 \u00b0 C.<br \/>\nWash Taps detergent contains a color-protecting additive and a water softener, so it cleans effectively even in water with a high iron content. It dissolves perfectly without residue.<br \/>\n<strong>Not suitable for washing wool and silk!<\/strong><br \/>\nDue to its natural based composition, it does not pollute the environment. It does not pollute our living waters as it is completely biodegradable.<\/p>","protected":false},"excerpt":{"rendered":"<p>A Naturcleaning Wash Taps color m\u00f3s\u00f3por sz\u00e1lm\u00e9lys\u00e9gig megtiszt\u00edtja a sz\u00ednes ruh\u00e1kat. Green Brand d\u00edjas term\u00e9k Jellemz\u0151i: - Mos\u00f3por sz\u00ednes text\u00edli\u00e1khoz - Ragyog\u00f3an tiszta \u00e9s illatos ruh\u00e1k - Kimagasl\u00f3 foltelt\u00e1vol\u00edt\u00f3 hat\u00e1s -Seg\u00edt elt\u00e1vol\u00edtani a besz\u00e1radt foltokat -K\u00f6rnyezettudatos, b\u0151rbar\u00e1t mos\u00f3szer -Term\u00e9szetesen hat\u00e9kony -N\u00f6v\u00e9nyi \u00f6sszetev\u0151k -Hypoallerg\u00e9n - Hat\u00e9konyan tiszt\u00edt m\u00e1r 30\u00b0C-on is -foszf\u00e1tmentes, kl\u00f3rmentes, parab\u00e9nmentes, \u00e1llatk\u00eds\u00e9rlet mentes, p\u00e1lmaolaj [&hellip;]<\/p>\n","protected":false},"featured_media":804,"comment_status":"open","ping_status":"closed","template":"","meta":{"_acf_changed":false},"product_brand":[],"product_cat":[17],"product_tag":[687],"class_list":{"0":"post-409","1":"product","2":"type-product","3":"status-publish","4":"has-post-thumbnail","6":"product_cat-mososzer","7":"product_tag-20-mosas","9":"first","10":"instock","11":"shipping-taxable","12":"purchasable","13":"product-type-simple"},"acf":[],"_links":{"self":[{"href":"https:\/\/naturcleaning.hu\/en\/wp-json\/wp\/v2\/product\/409","targetHints":{"allow":["GET"]}}],"collection":[{"href":"https:\/\/naturcleaning.hu\/en\/wp-json\/wp\/v2\/product"}],"about":[{"href":"https:\/\/naturcleaning.hu\/en\/wp-json\/wp\/v2\/types\/product"}],"replies":[{"embeddable":true,"href":"https:\/\/naturcleaning.hu\/en\/wp-json\/wp\/v2\/comments?post=409"}],"wp:featuredmedia":[{"embeddable":true,"href":"https:\/\/naturcleaning.hu\/en\/wp-json\/wp\/v2\/media\/804"}],"wp:attachment":[{"href":"https:\/\/naturcleaning.hu\/en\/wp-json\/wp\/v2\/media?parent=409"}],"wp:term":[{"taxonomy":"product_brand","embeddable":true,"href":"https:\/\/naturcleaning.hu\/en\/wp-json\/wp\/v2\/product_brand?post=409"},{"taxonomy":"product_cat","embeddable":true,"href":"https:\/\/naturcleaning.hu\/en\/wp-json\/wp\/v2\/product_cat?post=409"},{"taxonomy":"product_tag","embeddable":true,"href":"https:\/\/naturcleaning.hu\/en\/wp-json\/wp\/v2\/product_tag?post=409"}],"curies":[{"name":"wp","href":"https:\/\/api.w.org\/{rel}","templated":true}]}}