{"id":40570,"date":"2026-02-25T22:28:57","date_gmt":"2026-02-25T22:28:57","guid":{"rendered":"https:\/\/naturcleaning.hu\/?post_type=product&#038;p=40570"},"modified":"2026-02-25T22:32:07","modified_gmt":"2026-02-25T22:32:07","slug":"naturcleaning-tappancsbarat-illat-es-allergenmentes-kisallat-sampon-es-szorkondicionalo-250-ml","status":"publish","type":"product","link":"https:\/\/naturcleaning.hu\/en\/product\/naturcleaning-tappancsbarat-illat-es-allergenmentes-kisallat-sampon-es-szorkondicionalo-250-ml\/","title":{"rendered":"Naturcleaning Tappancsbar\u00e1t Illat \u00e9s allerg\u00e9nmentes Kis\u00e1llat sampon \u00e9s sz\u0151rkondicion\u00e1l\u00f3 250 ml"},"content":{"rendered":"<p>Kiv\u00e1l\u00f3an tiszt\u00edtja, hidrat\u00e1lja \u00e9s regener\u00e1lja kedvenc\u00fcnk (kutya, macska, stb.) b\u0151r\u00e9t \u00e9s a sz\u0151rzet\u00e9t. A t\u00e1pl\u00e1l\u00f3 vitaminok \u00e9s olajok gazdag kever\u00e9ke rendszeres haszn\u00e1lat mellett a sz\u0151rzetet selymes f\u00e9ny\u0171v\u00e9, puh\u00e1v\u00e1 \u00e9s k\u00f6nnyen f\u00e9s\u00fclhet\u0151v\u00e9 var\u00e1zsolja. Nem okoz b\u0151rirrit\u00e1ci\u00f3t, \u00edgy \u00e9rz\u00e9keny b\u0151r\u0171 kis\u00e1llatokn\u00e1l is alkalmazhat\u00f3.<\/p>\n<p>Felhaszn\u00e1l\u00e1si javaslat, adagol\u00e1s: Langyos v\u00edzzel nedves\u00edts\u00fck be a kutya, macska, (stb.) sz\u0151r\u00e9t, b\u0151r\u00e9t. Samponozzuk be a nedves sz\u0151rzetet habk\u00e9pz\u0151d\u00e9sig, majd a habot kev\u00e9s v\u00edzzel felh\u00edg\u00edtva d\u00f6rzs\u00f6lj\u00fck alaposan a kutya bund\u00e1j\u00e1ba. Hagyjuk hatni 3 percet, majd nagyon alaposan \u00f6bl\u00edts\u00fck ki a sampont az \u00e1llat bund\u00e1j\u00e1b\u00f3l.<br \/>\nPump\u00e1s adagol\u00f3j\u00e1nak k\u00f6sz\u00f6nhet\u0151en gazdas\u00e1gosan \u00e9s k\u00f6nnyen adagolhat\u00f3. A koncentr\u00e1tum \u00f6tsz\u00f6r\u00f6s\u00e9re h\u00edg\u00edthat\u00f3.<\/p>\n<p>T\u00e1rol\u00e1s: + 5 C\u00b0 feletti h\u0151m\u00e9rs\u00e9kleten<\/p>\n<p><strong>Can be used on:<\/strong>: minden sz\u0151rt\u00edpusra<\/p>\n<p>S\u00e9r\u00fclt b\u0151r\u00f6n nem alkalmazhat\u00f3! Szembe, f\u00fclbe, illetve ny\u00e1lkah\u00e1rty\u00e1ra jut\u00e1st el kell ker\u00fclni. A k\u00e9sz\u00edtm\u00e9ny csak el\u0151\u00edr\u00e1s szerint, k\u00fcls\u0151leg haszn\u00e1lhat\u00f3. Ha szembe vagy s\u00e9r\u00fclt b\u0151rre jut, b\u0151 v\u00edzzel azonnal le kel mosni. Szobah\u0151m\u00e9rs\u00e9kleten, napf\u00e9nyt\u0151l v\u00e9dve t\u00e1roland\u00f3. Kiz\u00e1r\u00f3lag \u00e1llateg\u00e9szs\u00e9g\u00fcgyi vagy \u00e1llat\u00e1pol\u00e1si c\u00e9lra!<\/p>","protected":false},"excerpt":{"rendered":"<p>Kiv\u00e1l\u00f3an tiszt\u00edtja, hidrat\u00e1lja \u00e9s regener\u00e1lja kedvenc\u00fcnk (kutya, macska, stb.) b\u0151r\u00e9t \u00e9s a sz\u0151rzet\u00e9t. A t\u00e1pl\u00e1l\u00f3 vitaminok \u00e9s olajok gazdag kever\u00e9ke rendszeres haszn\u00e1lat mellett a sz\u0151rzetet selymes f\u00e9ny\u0171v\u00e9, puh\u00e1v\u00e1 \u00e9s k\u00f6nnyen f\u00e9s\u00fclhet\u0151v\u00e9 var\u00e1zsolja. Nem okoz b\u0151rirrit\u00e1ci\u00f3t, \u00edgy \u00e9rz\u00e9keny b\u0151r\u0171 kis\u00e1llatokn\u00e1l is alkalmazhat\u00f3. Felhaszn\u00e1l\u00e1si javaslat, adagol\u00e1s: Langyos v\u00edzzel nedves\u00edts\u00fck be a kutya, macska, (stb.) sz\u0151r\u00e9t, b\u0151r\u00e9t. Samponozzuk [&hellip;]<\/p>\n","protected":false},"featured_media":40548,"comment_status":"open","ping_status":"closed","template":"","meta":{"_acf_changed":false},"product_brand":[],"product_cat":[645,30],"product_tag":[658],"class_list":{"0":"post-40570","1":"product","2":"type-product","3":"status-publish","4":"has-post-thumbnail","6":"product_cat-penztar_slider","7":"product_cat-tappancsbarat-termek","8":"product_tag-uj-termek","10":"first","11":"instock","12":"shipping-taxable","13":"purchasable","14":"product-type-simple"},"acf":[],"_links":{"self":[{"href":"https:\/\/naturcleaning.hu\/en\/wp-json\/wp\/v2\/product\/40570","targetHints":{"allow":["GET"]}}],"collection":[{"href":"https:\/\/naturcleaning.hu\/en\/wp-json\/wp\/v2\/product"}],"about":[{"href":"https:\/\/naturcleaning.hu\/en\/wp-json\/wp\/v2\/types\/product"}],"replies":[{"embeddable":true,"href":"https:\/\/naturcleaning.hu\/en\/wp-json\/wp\/v2\/comments?post=40570"}],"wp:featuredmedia":[{"embeddable":true,"href":"https:\/\/naturcleaning.hu\/en\/wp-json\/wp\/v2\/media\/40548"}],"wp:attachment":[{"href":"https:\/\/naturcleaning.hu\/en\/wp-json\/wp\/v2\/media?parent=40570"}],"wp:term":[{"taxonomy":"product_brand","embeddable":true,"href":"https:\/\/naturcleaning.hu\/en\/wp-json\/wp\/v2\/product_brand?post=40570"},{"taxonomy":"product_cat","embeddable":true,"href":"https:\/\/naturcleaning.hu\/en\/wp-json\/wp\/v2\/product_cat?post=40570"},{"taxonomy":"product_tag","embeddable":true,"href":"https:\/\/naturcleaning.hu\/en\/wp-json\/wp\/v2\/product_tag?post=40570"}],"curies":[{"name":"wp","href":"https:\/\/api.w.org\/{rel}","templated":true}]}}