{"id":40389,"date":"2026-02-12T22:39:02","date_gmt":"2026-02-12T22:39:02","guid":{"rendered":"https:\/\/naturcleaning.hu\/?post_type=product&#038;p=40389"},"modified":"2026-02-12T22:52:31","modified_gmt":"2026-02-12T22:52:31","slug":"naturcleaning-gyumolcs-es-zoldsegmoso-folyadek-500-ml","status":"publish","type":"product","link":"https:\/\/naturcleaning.hu\/en\/product\/naturcleaning-gyumolcs-es-zoldsegmoso-folyadek-500-ml\/","title":{"rendered":"Naturcleaning Gy\u00fcm\u00f6lcs- \u00e9s Z\u00f6lds\u00e9gmos\u00f3 folyad\u00e9k 500 ml"},"content":{"rendered":"<p>Term\u00e9szetes gy\u00fcm\u00f6lcs- \u00e9s z\u00f6lds\u00e9gmos\u00f3 folyad\u00e9k szappanf\u0171gy\u00f6k\u00e9r kivonattal \u00e9s h\u00e1rsfa vir\u00e1gv\u00edzzel. Tiszt\u00edtsd meg gy\u00fcm\u00f6lcseidet \u00e9s z\u00f6lds\u00e9geidet a term\u00e9szet erej\u00e9vel! K\u00edm\u00e9letesen habz\u00f3, n\u00f6v\u00e9nyi alap\u00fa formul\u00e1nk szappanf\u0171gy\u00f6k\u00e9r kivonattal seg\u00edt elt\u00e1vol\u00edtani a fel\u00fcleti szennyez\u0151d\u00e9seket \u00e9s maradv\u00e1nyokat, mik\u00f6zben teljesen b\u0151r- \u00e9s k\u00f6rnyezetbar\u00e1t. A h\u00e1rsfav\u00edz term\u00e9szetes antimikrob\u00e1lis tulajdons\u00e1gaival hozz\u00e1j\u00e1rul a m\u00e9g higi\u00e9nikusabb tiszt\u00edt\u00e1shoz. Term\u00e9szetes m\u00f3don seg\u00edt cs\u00f6kkenteni a fel\u00fcleteken jelen l\u00e9v\u0151 mikroorganizmusokat, mik\u00f6zben teljesen \u00e1rtalmatlan az emberre.<br \/>\nTiszta, term\u00e9szetes \u00e9s biztons\u00e1gos! Formul\u00e1nk minden \u00f6sszetev\u0151je n\u00f6v\u00e9nyi eredet\u0171 \u00e9s k\u00edm\u00e9letes \u2013 nem befoly\u00e1solj\u00e1k az \u00e9telek \u00edz\u00e9t, csak a term\u00e9szetes frissess\u00e9get adj\u00e1k vissza.<\/p>\n<p>&nbsp;<\/p>\n<p>&nbsp;<\/p>","protected":false},"excerpt":{"rendered":"<p>Term\u00e9szetes gy\u00fcm\u00f6lcs- \u00e9s z\u00f6lds\u00e9gmos\u00f3 folyad\u00e9k szappanf\u0171gy\u00f6k\u00e9r kivonattal \u00e9s h\u00e1rsfa vir\u00e1gv\u00edzzel. Tiszt\u00edtsd meg gy\u00fcm\u00f6lcseidet \u00e9s z\u00f6lds\u00e9geidet a term\u00e9szet erej\u00e9vel! K\u00edm\u00e9letesen habz\u00f3, n\u00f6v\u00e9nyi alap\u00fa formul\u00e1nk szappanf\u0171gy\u00f6k\u00e9r kivonattal seg\u00edt elt\u00e1vol\u00edtani a fel\u00fcleti szennyez\u0151d\u00e9seket \u00e9s maradv\u00e1nyokat, mik\u00f6zben teljesen b\u0151r- \u00e9s k\u00f6rnyezetbar\u00e1t. A h\u00e1rsfav\u00edz term\u00e9szetes antimikrob\u00e1lis tulajdons\u00e1gaival hozz\u00e1j\u00e1rul a m\u00e9g higi\u00e9nikusabb tiszt\u00edt\u00e1shoz. Term\u00e9szetes m\u00f3don seg\u00edt cs\u00f6kkenteni a fel\u00fcleteken jelen l\u00e9v\u0151 [&hellip;]<\/p>\n","protected":false},"featured_media":40390,"comment_status":"open","ping_status":"closed","template":"","meta":{"_acf_changed":false},"product_brand":[],"product_cat":[24,19,645,720],"product_tag":[658],"class_list":{"0":"post-40389","1":"product","2":"type-product","3":"status-publish","4":"has-post-thumbnail","6":"product_cat-altalanos-tisztito-es-felmososzer","7":"product_cat-mosogatoszer","8":"product_cat-penztar_slider","9":"product_cat-ujdonsagok","10":"product_tag-uj-termek","12":"first","13":"instock","14":"shipping-taxable","15":"purchasable","16":"product-type-simple"},"acf":[],"_links":{"self":[{"href":"https:\/\/naturcleaning.hu\/en\/wp-json\/wp\/v2\/product\/40389","targetHints":{"allow":["GET"]}}],"collection":[{"href":"https:\/\/naturcleaning.hu\/en\/wp-json\/wp\/v2\/product"}],"about":[{"href":"https:\/\/naturcleaning.hu\/en\/wp-json\/wp\/v2\/types\/product"}],"replies":[{"embeddable":true,"href":"https:\/\/naturcleaning.hu\/en\/wp-json\/wp\/v2\/comments?post=40389"}],"wp:featuredmedia":[{"embeddable":true,"href":"https:\/\/naturcleaning.hu\/en\/wp-json\/wp\/v2\/media\/40390"}],"wp:attachment":[{"href":"https:\/\/naturcleaning.hu\/en\/wp-json\/wp\/v2\/media?parent=40389"}],"wp:term":[{"taxonomy":"product_brand","embeddable":true,"href":"https:\/\/naturcleaning.hu\/en\/wp-json\/wp\/v2\/product_brand?post=40389"},{"taxonomy":"product_cat","embeddable":true,"href":"https:\/\/naturcleaning.hu\/en\/wp-json\/wp\/v2\/product_cat?post=40389"},{"taxonomy":"product_tag","embeddable":true,"href":"https:\/\/naturcleaning.hu\/en\/wp-json\/wp\/v2\/product_tag?post=40389"}],"curies":[{"name":"wp","href":"https:\/\/api.w.org\/{rel}","templated":true}]}}