{"id":40340,"date":"2026-02-09T21:10:54","date_gmt":"2026-02-09T21:10:54","guid":{"rendered":"https:\/\/naturcleaning.hu\/?post_type=product&#038;p=40340"},"modified":"2026-03-28T08:55:55","modified_gmt":"2026-03-28T08:55:55","slug":"naturcleaning-tappancsbarat-probiotikus-padlotisztito-illat-es-allergen-mentes-1l","status":"publish","type":"product","link":"https:\/\/naturcleaning.hu\/en\/product\/naturcleaning-tappancsbarat-probiotikus-padlotisztito-illat-es-allergen-mentes-1l\/","title":{"rendered":"Naturcleaning Tappancsbar\u00e1t Probiotikus Padl\u00f3tiszt\u00edt\u00f3 Illat \u00e9s Allerg\u00e9n Mentes 1L"},"content":{"rendered":"<p>Mancsok, tappancsok - felh\u0151tlen j\u00e1t\u00e9k a padl\u00f3n, boldog pillanatok. A Naturcleaning Tappancsbar\u00e1t probiotikus felmos\u00f3 gyeng\u00e9den tiszt\u00edt, mik\u00f6zben k\u00edm\u00e9li a kedvenced \u00e9rz\u00e9keny tappancsait. A hasznos bakt\u00e9riumok felmos\u00e1s ut\u00e1n is akt\u00edvak maradnak, \u00edgy a padl\u00f3 hosszabb ideig friss \u00e9s tiszta marad. Vegyszerek n\u00e9lk\u00fcl tiszt\u00edt, ez\u00e9rt t\u00f6k\u00e9letes v\u00e1laszt\u00e1s \u00e1llatbar\u00e1t otthonokba.<\/p>\n<p>Alkalmazhat\u00f3: fa padl\u00f3lap, j\u00e1r\u00f3lap, csempe, m\u00e1rv\u00e1ny, pvc<\/p>\n<p>Adagol\u00e1s: \u00d6nts\u00f6n 1-2 kupaknyi padl\u00f3tiszt\u00edt\u00f3t 5 liter langyos v\u00edzhez.<\/p>\n<p>Shake before use!<\/p>\n<p>&nbsp;<\/p>","protected":false},"excerpt":{"rendered":"<p>Mancsok, tappancsok - felh\u0151tlen j\u00e1t\u00e9k a padl\u00f3n, boldog pillanatok. A Naturcleaning Tappancsbar\u00e1t probiotikus felmos\u00f3 gyeng\u00e9den tiszt\u00edt, mik\u00f6zben k\u00edm\u00e9li a kedvenced \u00e9rz\u00e9keny tappancsait. A hasznos bakt\u00e9riumok felmos\u00e1s ut\u00e1n is akt\u00edvak maradnak, \u00edgy a padl\u00f3 hosszabb ideig friss \u00e9s tiszta marad. Vegyszerek n\u00e9lk\u00fcl tiszt\u00edt, ez\u00e9rt t\u00f6k\u00e9letes v\u00e1laszt\u00e1s \u00e1llatbar\u00e1t otthonokba. Alkalmazhat\u00f3: fa padl\u00f3lap, j\u00e1r\u00f3lap, csempe, m\u00e1rv\u00e1ny, pvc Adagol\u00e1s: [&hellip;]<\/p>\n","protected":false},"featured_media":40341,"comment_status":"open","ping_status":"closed","template":"","meta":{"_acf_changed":false},"product_brand":[],"product_cat":[24,645,30,720],"product_tag":[658],"class_list":{"0":"post-40340","1":"product","2":"type-product","3":"status-publish","4":"has-post-thumbnail","6":"product_cat-altalanos-tisztito-es-felmososzer","7":"product_cat-penztar_slider","8":"product_cat-tappancsbarat-termek","9":"product_cat-ujdonsagok","10":"product_tag-uj-termek","12":"first","13":"instock","14":"shipping-taxable","15":"purchasable","16":"product-type-simple"},"acf":[],"_links":{"self":[{"href":"https:\/\/naturcleaning.hu\/en\/wp-json\/wp\/v2\/product\/40340","targetHints":{"allow":["GET"]}}],"collection":[{"href":"https:\/\/naturcleaning.hu\/en\/wp-json\/wp\/v2\/product"}],"about":[{"href":"https:\/\/naturcleaning.hu\/en\/wp-json\/wp\/v2\/types\/product"}],"replies":[{"embeddable":true,"href":"https:\/\/naturcleaning.hu\/en\/wp-json\/wp\/v2\/comments?post=40340"}],"wp:featuredmedia":[{"embeddable":true,"href":"https:\/\/naturcleaning.hu\/en\/wp-json\/wp\/v2\/media\/40341"}],"wp:attachment":[{"href":"https:\/\/naturcleaning.hu\/en\/wp-json\/wp\/v2\/media?parent=40340"}],"wp:term":[{"taxonomy":"product_brand","embeddable":true,"href":"https:\/\/naturcleaning.hu\/en\/wp-json\/wp\/v2\/product_brand?post=40340"},{"taxonomy":"product_cat","embeddable":true,"href":"https:\/\/naturcleaning.hu\/en\/wp-json\/wp\/v2\/product_cat?post=40340"},{"taxonomy":"product_tag","embeddable":true,"href":"https:\/\/naturcleaning.hu\/en\/wp-json\/wp\/v2\/product_tag?post=40340"}],"curies":[{"name":"wp","href":"https:\/\/api.w.org\/{rel}","templated":true}]}}