{"id":403,"date":"2021-07-02T10:37:53","date_gmt":"2021-07-02T08:37:53","guid":{"rendered":"https:\/\/cudyfuture.nomaddigital.hu\/?post_type=product&#038;p=403"},"modified":"2024-12-03T09:53:12","modified_gmt":"2024-12-03T09:53:12","slug":"wash-taps-white-hipoallergen-mosogel","status":"publish","type":"product","link":"https:\/\/naturcleaning.hu\/en\/product\/wash-taps-white-hipoallergen-mosogel\/","title":{"rendered":"Wash Taps White hipoallerg\u00e9n mos\u00f3g\u00e9l 4,5 liter"},"content":{"rendered":"<p style=\"text-align: center\"><strong>Naturcleaning - Wash Taps Hypoallergenic washing gel for white clothes<\/strong><\/p>\n<p><strong>Features:<\/strong><br \/>\n-Environmentally conscious, skin-friendly detergent<br \/>\n-Of course very effective<br \/>\n-Plant ingredients<br \/>\n-Hypoallergenic<br \/>\n- Effective even at low temperatures<br \/>\n-For white clothes<br \/>\n-Can be used for both machine and hand washing<br \/>\n-It is washable and suitable for bamboo nappies<br \/>\n-phosphate-free, chlorine-free, paraben-free, cruelty-free, palm oil-free, vegan<br \/>\n-Biodegradable<br \/>\n-Economical dosing<br \/>\n-Soft towels, velvety clothes<br \/>\n- It can help preserve the bright whiteness of clothes<br \/>\n-It protects the clothes from getting grey<br \/>\n- Also recommended for cleaning wedding dresses.<br \/>\n-Hungarian product<br \/>\n-Refillable bottle<\/p>\n<p><strong>Description:<\/strong><br \/>\nNaturcleaning -Wash Taps ECO Hypoallergenic washing gel for white clothes is phosphate-free, chlorine-free, paraben-free, animal-free, palm oil-free, vegan, made from natural ingredients (corn oil, coconut oil). Contains biodegradable surfactants. They can be used for both machine and hand washing. Thanks to its special composition, which can be rinsed very well, we can wear clothes with a pleasant smell and a clean, soft touch without using a fabric softener. No white detergent residue remains in the fabric.<br \/>\nThe Detergent is recommended for white clothes. It removes impurities in a gentle\nyet effective way and saves them from turning gray in wash It neutralizes unpleasant\nodors, too.<br \/>\nNaturcleaning Hypoallergenic detergent gently cleanses, perfect for both wool and silk fabrics. It does not contain cellulase enzyme, so it is also suitable for washing bamboo nappies.<br \/>\nNaturcleaning washing gel concentrate is made from naturally occurring ingredients, so by using a little washing gel, perfect results can be achieved.<br \/>\nDue to its natural based composition, it does not pollute the environment. It does not pollute our living waters as it is completely biodegradable.<br \/>\nIt can be used successfully for washing sensitive fabrics even with cold water washing.<br \/>\nThanks to its extraordinary composition, it is also excellent for cleaning wedding dresses.<\/p>","protected":false},"excerpt":{"rendered":"<p>Naturcleaning - Wash Taps Hypoallerg\u00e9n mos\u00f3g\u00e9l feh\u00e9r ruh\u00e1khoz Jellemz\u0151i: -K\u00f6rnyezettudatos, b\u0151rk\u00edm\u00e9l\u0151 mos\u00f3szer -Term\u00e9szetesen hat\u00e9kony -N\u00f6v\u00e9nyi \u00f6sszetev\u0151k -Hypoallerg\u00e9n - Alacsony h\u0151fokon is hat\u00e9kony - Feh\u00e9r ruh\u00e1khoz -G\u00e9pi \u00e9s k\u00e9zi mos\u00e1shoz egyar\u00e1nt alkalmazhat\u00f3 -Moshat\u00f3 \u00e9s bambusz pelenk\u00e1khoz is kiv\u00e1l\u00f3 -foszf\u00e1tmentes, kl\u00f3rmentes, parab\u00e9nmentes, \u00e1llatk\u00eds\u00e9rlet mentes, p\u00e1lmaolaj mentes, veg\u00e1n -Biol\u00f3giailag leboml\u00f3 -Gazdas\u00e1gosan adagolhat\u00f3 -Puha t\u00f6r\u00fclk\u00f6z\u0151k, b\u00e1rsonyos ruh\u00e1k - Seg\u00edthet [&hellip;]<\/p>\n","protected":false},"featured_media":18463,"comment_status":"open","ping_status":"closed","template":"","meta":{"_acf_changed":false},"product_brand":[],"product_cat":[17],"product_tag":[692],"class_list":{"0":"post-403","1":"product","2":"type-product","3":"status-publish","4":"has-post-thumbnail","6":"product_cat-mososzer","7":"product_tag-60-mosas","9":"first","10":"instock","11":"shipping-taxable","12":"purchasable","13":"product-type-simple"},"acf":[],"_links":{"self":[{"href":"https:\/\/naturcleaning.hu\/en\/wp-json\/wp\/v2\/product\/403","targetHints":{"allow":["GET"]}}],"collection":[{"href":"https:\/\/naturcleaning.hu\/en\/wp-json\/wp\/v2\/product"}],"about":[{"href":"https:\/\/naturcleaning.hu\/en\/wp-json\/wp\/v2\/types\/product"}],"replies":[{"embeddable":true,"href":"https:\/\/naturcleaning.hu\/en\/wp-json\/wp\/v2\/comments?post=403"}],"wp:featuredmedia":[{"embeddable":true,"href":"https:\/\/naturcleaning.hu\/en\/wp-json\/wp\/v2\/media\/18463"}],"wp:attachment":[{"href":"https:\/\/naturcleaning.hu\/en\/wp-json\/wp\/v2\/media?parent=403"}],"wp:term":[{"taxonomy":"product_brand","embeddable":true,"href":"https:\/\/naturcleaning.hu\/en\/wp-json\/wp\/v2\/product_brand?post=403"},{"taxonomy":"product_cat","embeddable":true,"href":"https:\/\/naturcleaning.hu\/en\/wp-json\/wp\/v2\/product_cat?post=403"},{"taxonomy":"product_tag","embeddable":true,"href":"https:\/\/naturcleaning.hu\/en\/wp-json\/wp\/v2\/product_tag?post=403"}],"curies":[{"name":"wp","href":"https:\/\/api.w.org\/{rel}","templated":true}]}}