{"id":398,"date":"2021-07-02T10:34:32","date_gmt":"2021-07-02T08:34:32","guid":{"rendered":"https:\/\/cudyfuture.nomaddigital.hu\/?post_type=product&#038;p=398"},"modified":"2024-12-19T20:26:58","modified_gmt":"2024-12-19T20:26:58","slug":"wash-taps-teafa-aloe-hipoallergen-mosogel-15-liter","status":"publish","type":"product","link":"https:\/\/naturcleaning.hu\/en\/product\/wash-taps-teafa-aloe-hipoallergen-mosogel-15-liter\/","title":{"rendered":"Wash Taps Teafa-Aloe hipoallerg\u00e9n mos\u00f3g\u00e9l 4,5 L"},"content":{"rendered":"<p style=\"text-align: center\"><strong>Naturcleaning - Wash Taps Hypoallergenic washing gel with tea tree oil and aloe for colored clothes -<\/strong><br \/>\n<strong>Green Brand d\u00edjas m\u00e1rka<\/strong><\/p>\n<p><strong>Features:<\/strong><br \/>\n-Environmentally conscious, skin-friendly detergent<br \/>\n-Of course very effective<br \/>\n-Plant ingredients<br \/>\n-Hypoallergenic<br \/>\n- Effective even at low temperatures<br \/>\n-for color clothes<br \/>\n-Can be used for both machine and hand washing<br \/>\n-It is washable and suitable for bamboo nappies<br \/>\n-phosphate-free, chlorine-free, paraben-free, cruelty-free, palm oil-free, vegan<br \/>\n-Biodegradable<br \/>\n-Economical dosing<br \/>\n-Soft towels, velvety clothes<br \/>\n-Hungarian product<br \/>\n-Refillable bottle<\/p>\n<p><strong>Teatree oil:<\/strong><br \/>\n-natural fungicide product<br \/>\nantibacterial<br \/>\nantiviral<\/p>\n<p><strong>Description:<\/strong><br \/>\nA Naturcleaning -Wash Taps Teafa-Aloe Hipoallerg\u00e9n mos\u00f3g\u00e9l sz\u00ednes ruh\u00e1khoz foszf\u00e1tmentes, kl\u00f3rmentes, parab\u00e9nmentes, \u00e1llatk\u00eds\u00e9rlet mentes, p\u00e1lmaolaj mentes, veg\u00e1n, term\u00e9szetes \u00f6sszetev\u0151kb\u0151l k\u00e9sz\u00fclt (kukoricaolaj, k\u00f3kuszolaj). Biol\u00f3giailag j\u00f3l leboml\u00f3 fel\u00fcletakt\u00edv anyagokat \u00e9s kiz\u00e1r\u00f3lag \u00e9lelmiszeripari sz\u00ednez\u0151anyagot tartalmaz. G\u00e9pi \u00e9s k\u00e9zi mos\u00e1shoz egyar\u00e1nt haszn\u00e1lhat\u00f3ak. Nagyon j\u00f3l, \u00f6bl\u00edthet\u0151, speci\u00e1lis \u00f6sszet\u00e9tel\u00e9nek k\u00f6sz\u00f6nhet\u0151en \u00f6bl\u00edt\u0151 haszn\u00e1lata n\u00e9lk\u00fcl is kellemes illat\u00fa, tiszta, puha tapint\u00e1s\u00fa ruh\u00e1kat vehet\u00fcnk fel mos\u00e1s ut\u00e1n. A text\u00edli\u00e1ban nem marad feh\u00e9r mos\u00f3szermaradv\u00e1ny.<br \/>\nNaturcleaning detergent for colored clothes with tea tree oil and aloe effectively cleans the clothes all the way to the depths of the fibers and can help preserve the color of the clothes. Its high cleaning and stain cleaning power also removes stubborn stains and neutralizes unpleasant odors.<br \/>\nNaturcleaning Hypoallergenic detergent gently cleanses, perfect for both wool and silk fabrics. It does not contain cellulase enzyme, so it is also suitable for washing bamboo nappies.<br \/>\nNaturcleaning washing gel concentrate is made from naturally occurring ingredients, so by using a little washing gel, perfect results can be achieved.<br \/>\nDue to its natural based composition, it does not pollute the environment. It does not pollute our living waters as it is completely biodegradable.<br \/>\nIt can be used successfully for washing sensitive fabrics even with cold water washing.<\/p>","protected":false},"excerpt":{"rendered":"<p>Naturcleaning - Wash Taps Hypoallerg\u00e9n mos\u00f3g\u00e9l teafaolajjal \u00e9s alo\u00e9val sz\u00ednes ruh\u00e1khoz \u2013 Green Brand d\u00edjas m\u00e1rka Jellemz\u0151i: -K\u00f6rnyezettudatos, b\u0151rk\u00edm\u00e9l\u0151 mos\u00f3szer -Term\u00e9szetesen hat\u00e9kony -N\u00f6v\u00e9nyi \u00f6sszetev\u0151k -Hypoallerg\u00e9n - Alacsony h\u0151fokon is hat\u00e9kony - sz\u00ednes ruh\u00e1khoz -G\u00e9pi \u00e9s k\u00e9zi mos\u00e1shoz egyar\u00e1nt alkalmazhat\u00f3 -Moshat\u00f3 \u00e9s bambusz pelenk\u00e1khoz is kiv\u00e1l\u00f3 -foszf\u00e1tmentes, kl\u00f3rmentes, parab\u00e9nmentes, \u00e1llatk\u00eds\u00e9rlet mentes, p\u00e1lmaolaj mentes, veg\u00e1n -Biol\u00f3giailag leboml\u00f3 [&hellip;]<\/p>\n","protected":false},"featured_media":2270,"comment_status":"open","ping_status":"closed","template":"","meta":{"_acf_changed":false},"product_brand":[],"product_cat":[17],"product_tag":[692],"class_list":{"0":"post-398","1":"product","2":"type-product","3":"status-publish","4":"has-post-thumbnail","6":"product_cat-mososzer","7":"product_tag-60-mosas","9":"first","10":"instock","11":"shipping-taxable","12":"purchasable","13":"product-type-simple"},"acf":[],"_links":{"self":[{"href":"https:\/\/naturcleaning.hu\/en\/wp-json\/wp\/v2\/product\/398","targetHints":{"allow":["GET"]}}],"collection":[{"href":"https:\/\/naturcleaning.hu\/en\/wp-json\/wp\/v2\/product"}],"about":[{"href":"https:\/\/naturcleaning.hu\/en\/wp-json\/wp\/v2\/types\/product"}],"replies":[{"embeddable":true,"href":"https:\/\/naturcleaning.hu\/en\/wp-json\/wp\/v2\/comments?post=398"}],"wp:featuredmedia":[{"embeddable":true,"href":"https:\/\/naturcleaning.hu\/en\/wp-json\/wp\/v2\/media\/2270"}],"wp:attachment":[{"href":"https:\/\/naturcleaning.hu\/en\/wp-json\/wp\/v2\/media?parent=398"}],"wp:term":[{"taxonomy":"product_brand","embeddable":true,"href":"https:\/\/naturcleaning.hu\/en\/wp-json\/wp\/v2\/product_brand?post=398"},{"taxonomy":"product_cat","embeddable":true,"href":"https:\/\/naturcleaning.hu\/en\/wp-json\/wp\/v2\/product_cat?post=398"},{"taxonomy":"product_tag","embeddable":true,"href":"https:\/\/naturcleaning.hu\/en\/wp-json\/wp\/v2\/product_tag?post=398"}],"curies":[{"name":"wp","href":"https:\/\/api.w.org\/{rel}","templated":true}]}}