{"id":39681,"date":"2026-01-18T22:02:02","date_gmt":"2026-01-18T22:02:02","guid":{"rendered":"https:\/\/naturcleaning.hu\/?post_type=product&#038;p=39681"},"modified":"2026-01-25T20:52:19","modified_gmt":"2026-01-25T20:52:19","slug":"csepke-baby-allergenmentes-folttisztito-5-liter","status":"publish","type":"product","link":"https:\/\/naturcleaning.hu\/en\/product\/csepke-baby-allergenmentes-folttisztito-5-liter\/","title":{"rendered":"Csepke Baby allerg\u00e9nmentes folttiszt\u00edt\u00f3 5 liter"},"content":{"rendered":"<p>A Csepke Baby folttiszt\u00edt\u00f3 spray biztons\u00e1gosan \u00e9s hat\u00e9konyan t\u00e1vol\u00edtja el a szennyez\u0151d\u00e9seket a kisbab\u00e1d \u00e1ltal haszn\u00e1lt ruh\u00e1kr\u00f3l \u00e9s text\u00edli\u00e1kr\u00f3l. Kismama- \u00e9s babaruh\u00e1k mos\u00e1s\u00e1hoz fejlesztett\u00e9k ki. Allerg\u00e9n mentes, \u00edgy \u00fajsz\u00fcl\u00f6tt kort\u00f3l haszn\u00e1lhat\u00f3.<\/p>\n<p>N\u00f6v\u00e9nyi eredet\u0171 hat\u00f3anyag tartalm\u00e1val elt\u00fcnteti a besz\u00e1radt, \u00e9s makacs foltokat, ugyanakkor meg\u00f3vja a text\u00edli\u00e1k sz\u00edn\u00e9t.<\/p>\n<p><strong>Haszn\u00e1lata mos\u00e1s el\u0151tt aj\u00e1nlott!<\/strong> Permetezz\u00fck <strong>k\u00f6zvetlen\u00fcl a foltra<\/strong>, majd a text\u00edli\u00e1t mossuk ki a szok\u00e1sos m\u00f3don. A folttiszt\u00edt\u00f3 \u00edgy feler\u0151s\u00edti a mos\u00f3szerek tiszt\u00edt\u00f3 hat\u00e1s\u00e1t.<\/p>\n<p><strong>Suitable to remove stubborn stains.<\/strong><\/p>\n<p>Foszf\u00e1tmentes, kl\u00f3rmentes, parab\u00e9nmentes, \u00e1llatk\u00eds\u00e9rlet mentes, p\u00e1lmaolaj mentes, veg\u00e1n, term\u00e9szetes \u00f6sszetev\u0151kb\u0151l k\u00e9sz\u00fclt (kukoricaolaj, k\u00f3kuszolaj), \u00edgy a foltok elt\u00e1vol\u00edt\u00e1sa mellett <strong>\u00f3vhatjuk gyermek\u00fcnket is minden allerg\u00e9n \u00e9s k\u00e1ros vegyi anyagt\u00f3l<\/strong>. Biol\u00f3giailag j\u00f3l leboml\u00f3 fel\u00fcletakt\u00edv anyagokat tartalmaz.<\/p>","protected":false},"excerpt":{"rendered":"<p>A Csepke Baby folttiszt\u00edt\u00f3 spray biztons\u00e1gosan \u00e9s hat\u00e9konyan t\u00e1vol\u00edtja el a szennyez\u0151d\u00e9seket a kisbab\u00e1d \u00e1ltal haszn\u00e1lt ruh\u00e1kr\u00f3l \u00e9s text\u00edli\u00e1kr\u00f3l. Kismama- \u00e9s babaruh\u00e1k mos\u00e1s\u00e1hoz fejlesztett\u00e9k ki. Allerg\u00e9n mentes, \u00edgy \u00fajsz\u00fcl\u00f6tt kort\u00f3l haszn\u00e1lhat\u00f3. N\u00f6v\u00e9nyi eredet\u0171 hat\u00f3anyag tartalm\u00e1val elt\u00fcnteti a besz\u00e1radt, \u00e9s makacs foltokat, ugyanakkor meg\u00f3vja a text\u00edli\u00e1k sz\u00edn\u00e9t. Haszn\u00e1lata mos\u00e1s el\u0151tt aj\u00e1nlott! Permetezz\u00fck k\u00f6zvetlen\u00fcl a foltra, majd [&hellip;]<\/p>\n","protected":false},"featured_media":39684,"comment_status":"open","ping_status":"closed","template":"","meta":{"_acf_changed":false},"product_brand":[],"product_cat":[28,20],"product_tag":[],"class_list":{"0":"post-39681","1":"product","2":"type-product","3":"status-publish","4":"has-post-thumbnail","6":"product_cat-csepke-baby-termekek","7":"product_cat-folttisztito","9":"first","10":"instock","11":"shipping-taxable","12":"purchasable","13":"product-type-simple"},"acf":[],"_links":{"self":[{"href":"https:\/\/naturcleaning.hu\/en\/wp-json\/wp\/v2\/product\/39681","targetHints":{"allow":["GET"]}}],"collection":[{"href":"https:\/\/naturcleaning.hu\/en\/wp-json\/wp\/v2\/product"}],"about":[{"href":"https:\/\/naturcleaning.hu\/en\/wp-json\/wp\/v2\/types\/product"}],"replies":[{"embeddable":true,"href":"https:\/\/naturcleaning.hu\/en\/wp-json\/wp\/v2\/comments?post=39681"}],"wp:featuredmedia":[{"embeddable":true,"href":"https:\/\/naturcleaning.hu\/en\/wp-json\/wp\/v2\/media\/39684"}],"wp:attachment":[{"href":"https:\/\/naturcleaning.hu\/en\/wp-json\/wp\/v2\/media?parent=39681"}],"wp:term":[{"taxonomy":"product_brand","embeddable":true,"href":"https:\/\/naturcleaning.hu\/en\/wp-json\/wp\/v2\/product_brand?post=39681"},{"taxonomy":"product_cat","embeddable":true,"href":"https:\/\/naturcleaning.hu\/en\/wp-json\/wp\/v2\/product_cat?post=39681"},{"taxonomy":"product_tag","embeddable":true,"href":"https:\/\/naturcleaning.hu\/en\/wp-json\/wp\/v2\/product_tag?post=39681"}],"curies":[{"name":"wp","href":"https:\/\/api.w.org\/{rel}","templated":true}]}}