{"id":39066,"date":"2025-12-20T13:11:56","date_gmt":"2025-12-20T13:11:56","guid":{"rendered":"https:\/\/naturcleaning.hu\/?post_type=product&#038;p=39066"},"modified":"2026-04-15T15:47:39","modified_gmt":"2026-04-15T15:47:39","slug":"ginger-boost-gyogynovenyes-sport-tusfurdo","status":"publish","type":"product","link":"https:\/\/naturcleaning.hu\/en\/product\/ginger-boost-gyogynovenyes-sport-tusfurdo\/","title":{"rendered":"Natur Beauty GINGER Boost gy\u00f3gyn\u00f6v\u00e9nyes sport tusf\u00fcrd\u0151  200 ml"},"content":{"rendered":"<p>A teljes\u00edtm\u00e9ny tudatos regener\u00e1l\u00e1ssal fejl\u0151dik. \u00c9rezd a flow-t \u2013 regener\u00e1lj tudatosan.<\/p>\n<p>\u00c9breszd fel tested \u00e9s \u00e9rz\u00e9keid a\u00a0<i>Ginger Boost<\/i>\u00a0erej\u00e9vel!<\/p>\n<p>Friss\u00edt\u0151, izomserkent\u0151 \u00e9s vitaliz\u00e1l\u00f3 tusf\u00fcrd\u0151, amelyben a gy\u00f6mb\u00e9r domin\u00e1ns, er\u0151teljes hat\u00e1sa \u00e9rv\u00e9nyes\u00fcl a k\u00e1mfor, menta, rozmaring, \u00e1rnika, k\u00fasz\u00f3 fajdbogy\u00f3, csal\u00e1n, vadgesztenye, citromf\u0171, kamilla, k\u00f6r\u00f6mvir\u00e1g \u00e9s aloe vera t\u00e1mogat\u00e1s\u00e1val.<\/p>\n<p>T\u00f6k\u00e9letes v\u00e1laszt\u00e1s edz\u00e9s ut\u00e1n vagy a nap ind\u00edt\u00e1s\u00e1hoz, amikor extra energi\u00e1ra \u00e9s felfriss\u00fcl\u00e9sre v\u00e1gysz.<\/p>\n<p>Aj\u00e1nlott sportol\u00f3knak \u00e9s mindenkinek, aki akt\u00edv \u00e9letet \u00e9l.<\/p>\n<p>GINGER Boost \u2013 er\u0151teljes, \u00e9breszt\u0151 hat\u00e1s, amikor extra energi\u00e1ra van sz\u00fcks\u00e9ged<\/p>","protected":false},"excerpt":{"rendered":"<p>A teljes\u00edtm\u00e9ny tudatos regener\u00e1l\u00e1ssal fejl\u0151dik. \u00c9rezd a flow-t \u2013 regener\u00e1lj tudatosan. \u00c9breszd fel tested \u00e9s \u00e9rz\u00e9keid a\u00a0Ginger Boost\u00a0erej\u00e9vel! Friss\u00edt\u0151, izomserkent\u0151 \u00e9s vitaliz\u00e1l\u00f3 tusf\u00fcrd\u0151, amelyben a gy\u00f6mb\u00e9r domin\u00e1ns, er\u0151teljes hat\u00e1sa \u00e9rv\u00e9nyes\u00fcl a k\u00e1mfor, menta, rozmaring, \u00e1rnika, k\u00fasz\u00f3 fajdbogy\u00f3, csal\u00e1n, vadgesztenye, citromf\u0171, kamilla, k\u00f6r\u00f6mvir\u00e1g \u00e9s aloe vera t\u00e1mogat\u00e1s\u00e1val. T\u00f6k\u00e9letes v\u00e1laszt\u00e1s edz\u00e9s ut\u00e1n vagy a nap ind\u00edt\u00e1s\u00e1hoz, amikor [&hellip;]<\/p>\n","protected":false},"featured_media":39067,"comment_status":"open","ping_status":"closed","template":"","meta":{"_acf_changed":false},"product_brand":[],"product_cat":[61,21,720],"product_tag":[658],"class_list":{"0":"post-39066","1":"product","2":"type-product","3":"status-publish","4":"has-post-thumbnail","6":"product_cat-a-sportok-szerelmeseinek-crossfit-funkcionalis-fitness-sport-silk-hammock-joga","7":"product_cat-tusfurdok-szappanok-es-kozmetikumok","8":"product_cat-ujdonsagok","9":"product_tag-uj-termek","11":"first","12":"instock","13":"shipping-taxable","14":"purchasable","15":"product-type-simple"},"acf":[],"_links":{"self":[{"href":"https:\/\/naturcleaning.hu\/en\/wp-json\/wp\/v2\/product\/39066","targetHints":{"allow":["GET"]}}],"collection":[{"href":"https:\/\/naturcleaning.hu\/en\/wp-json\/wp\/v2\/product"}],"about":[{"href":"https:\/\/naturcleaning.hu\/en\/wp-json\/wp\/v2\/types\/product"}],"replies":[{"embeddable":true,"href":"https:\/\/naturcleaning.hu\/en\/wp-json\/wp\/v2\/comments?post=39066"}],"wp:featuredmedia":[{"embeddable":true,"href":"https:\/\/naturcleaning.hu\/en\/wp-json\/wp\/v2\/media\/39067"}],"wp:attachment":[{"href":"https:\/\/naturcleaning.hu\/en\/wp-json\/wp\/v2\/media?parent=39066"}],"wp:term":[{"taxonomy":"product_brand","embeddable":true,"href":"https:\/\/naturcleaning.hu\/en\/wp-json\/wp\/v2\/product_brand?post=39066"},{"taxonomy":"product_cat","embeddable":true,"href":"https:\/\/naturcleaning.hu\/en\/wp-json\/wp\/v2\/product_cat?post=39066"},{"taxonomy":"product_tag","embeddable":true,"href":"https:\/\/naturcleaning.hu\/en\/wp-json\/wp\/v2\/product_tag?post=39066"}],"curies":[{"name":"wp","href":"https:\/\/api.w.org\/{rel}","templated":true}]}}