{"id":39064,"date":"2025-12-20T13:03:54","date_gmt":"2025-12-20T13:03:54","guid":{"rendered":"https:\/\/naturcleaning.hu\/?post_type=product&#038;p=39064"},"modified":"2026-03-21T07:25:47","modified_gmt":"2026-03-21T07:25:47","slug":"crazy-flow-gyogynovenyes-sport-tusfurdo","status":"publish","type":"product","link":"https:\/\/naturcleaning.hu\/en\/product\/crazy-flow-gyogynovenyes-sport-tusfurdo\/","title":{"rendered":"Natur Beauty CRAZY FLOW \u2013 gy\u00f3gyn\u00f6v\u00e9nyes sport tusf\u00fcrd\u0151 200 ml"},"content":{"rendered":"<p>A teljes\u00edtm\u00e9ny tudatos regener\u00e1l\u00e1ssal fejl\u0151dik. \u00c9rezd a flow-t \u2013 regener\u00e1lj tudatosan.<\/p>\n<p>Friss\u00edt\u0151, izomnyugtat\u00f3 \u00e9s regener\u00e1l\u00f3 hat\u00e1s\u00fa tusf\u00fcrd\u0151 v\u00e1logatott gy\u00f3gyn\u00f6v\u00e9nyekkel: k\u00e1mfor, gy\u00f6mb\u00e9r, k\u00fasz\u00f3 fajdbogy\u00f3, csal\u00e1n, rozmaring, k\u00f6r\u00f6mvir\u00e1g, vadgesztenye, menta, \u00e1rnika, citromf\u0171, kamilla \u00e9s aloe vera kivonattal.<\/p>\n<p>Aj\u00e1nlott sportol\u00f3knak \u00e9s mindenkinek, aki akt\u00edv \u00e9letet \u00e9l.<\/p>\n<p>The\u00a0<em>Crazy Flow<\/em>\u00a0felszabad\u00edtja az \u00e9rz\u00e9keket, fel\u00e9breszti a testet, \u00e9s lend\u00fcletet ad az \u00fajrakezd\u00e9shez.<\/p>","protected":false},"excerpt":{"rendered":"<p>A teljes\u00edtm\u00e9ny tudatos regener\u00e1l\u00e1ssal fejl\u0151dik. \u00c9rezd a flow-t \u2013 regener\u00e1lj tudatosan. Friss\u00edt\u0151, izomnyugtat\u00f3 \u00e9s regener\u00e1l\u00f3 hat\u00e1s\u00fa tusf\u00fcrd\u0151 v\u00e1logatott gy\u00f3gyn\u00f6v\u00e9nyekkel: k\u00e1mfor, gy\u00f6mb\u00e9r, k\u00fasz\u00f3 fajdbogy\u00f3, csal\u00e1n, rozmaring, k\u00f6r\u00f6mvir\u00e1g, vadgesztenye, menta, \u00e1rnika, citromf\u0171, kamilla \u00e9s aloe vera kivonattal. Aj\u00e1nlott sportol\u00f3knak \u00e9s mindenkinek, aki akt\u00edv \u00e9letet \u00e9l. A\u00a0Crazy Flow\u00a0felszabad\u00edtja az \u00e9rz\u00e9keket, fel\u00e9breszti a testet, \u00e9s lend\u00fcletet ad az \u00fajrakezd\u00e9shez.<\/p>","protected":false},"featured_media":39065,"comment_status":"open","ping_status":"closed","template":"","meta":{"_acf_changed":false},"product_brand":[],"product_cat":[61,21,720],"product_tag":[658],"class_list":{"0":"post-39064","1":"product","2":"type-product","3":"status-publish","4":"has-post-thumbnail","6":"product_cat-a-sportok-szerelmeseinek-crossfit-funkcionalis-fitness-sport-silk-hammock-joga","7":"product_cat-tusfurdok-szappanok-es-kozmetikumok","8":"product_cat-ujdonsagok","9":"product_tag-uj-termek","11":"first","12":"instock","13":"shipping-taxable","14":"purchasable","15":"product-type-simple"},"acf":[],"_links":{"self":[{"href":"https:\/\/naturcleaning.hu\/en\/wp-json\/wp\/v2\/product\/39064","targetHints":{"allow":["GET"]}}],"collection":[{"href":"https:\/\/naturcleaning.hu\/en\/wp-json\/wp\/v2\/product"}],"about":[{"href":"https:\/\/naturcleaning.hu\/en\/wp-json\/wp\/v2\/types\/product"}],"replies":[{"embeddable":true,"href":"https:\/\/naturcleaning.hu\/en\/wp-json\/wp\/v2\/comments?post=39064"}],"wp:featuredmedia":[{"embeddable":true,"href":"https:\/\/naturcleaning.hu\/en\/wp-json\/wp\/v2\/media\/39065"}],"wp:attachment":[{"href":"https:\/\/naturcleaning.hu\/en\/wp-json\/wp\/v2\/media?parent=39064"}],"wp:term":[{"taxonomy":"product_brand","embeddable":true,"href":"https:\/\/naturcleaning.hu\/en\/wp-json\/wp\/v2\/product_brand?post=39064"},{"taxonomy":"product_cat","embeddable":true,"href":"https:\/\/naturcleaning.hu\/en\/wp-json\/wp\/v2\/product_cat?post=39064"},{"taxonomy":"product_tag","embeddable":true,"href":"https:\/\/naturcleaning.hu\/en\/wp-json\/wp\/v2\/product_tag?post=39064"}],"curies":[{"name":"wp","href":"https:\/\/api.w.org\/{rel}","templated":true}]}}