{"id":37880,"date":"2025-11-01T16:32:43","date_gmt":"2025-11-01T16:32:43","guid":{"rendered":"https:\/\/naturcleaning.hu\/?post_type=product&#038;p=37880"},"modified":"2026-01-18T14:51:27","modified_gmt":"2026-01-18T14:51:27","slug":"naturcleaning-teli-alom-narancs-fahej-altalanos-tisztito-spray-500-ml","status":"publish","type":"product","link":"https:\/\/naturcleaning.hu\/en\/product\/naturcleaning-teli-alom-narancs-fahej-altalanos-tisztito-spray-500-ml\/","title":{"rendered":"Naturcleaning T\u00e9li \u00c1lom Narancs-Fah\u00e9j \u00c1ltal\u00e1nos Tiszt\u00edt\u00f3 Spray 500 ml"},"content":{"rendered":"<p>A term\u00e9szet ihlette tisztas\u00e1g az otthonodban.<\/p>\n<p>K\u00f6rnyezetbar\u00e1t alapanyagokb\u00f3l k\u00e9sz\u00fclt, szegf\u0171szeg \u00e9s narancs ill\u00f3olajjal gazdag\u00edtva, hogy minden haszn\u00e1lat \u00fcnnepi hangulatot var\u00e1zsoljon.<\/p>\n<p>Hat\u00e9konyan tiszt\u00edtja a fel\u00fcleteket, mik\u00f6zben friss f\u0171szeres-citrusos illattal t\u00f6lti meg a teret. VEG\u00c1N- nem tartalmaz \u00e1llati eredet\u0171 anyagokat.<\/p>\n<p>Haszn\u00e1lhat\u00f3: Magasf\u00e9ny\u0171 b\u00fatorok \u00e9s minden moshat\u00f3 fel\u00fclet tiszt\u00edt\u00e1s\u00e1ra. A k\u00e9sz\u00edtm\u00e9nyt 25-30 cm t\u00e1vols\u00e1gr\u00f3l permetezz\u00fck a tiszt\u00edtani k\u00edv\u00e1nt fel\u00fcletre, melyet sz\u00e1raz pap\u00edrt\u00f6rl\u0151vel t\u00f6r\u00f6lj\u00fcnk le.<\/p>\n<p>&nbsp;<\/p>","protected":false},"excerpt":{"rendered":"<p>A term\u00e9szet ihlette tisztas\u00e1g az otthonodban. K\u00f6rnyezetbar\u00e1t alapanyagokb\u00f3l k\u00e9sz\u00fclt, szegf\u0171szeg \u00e9s narancs ill\u00f3olajjal gazdag\u00edtva, hogy minden haszn\u00e1lat \u00fcnnepi hangulatot var\u00e1zsoljon. Hat\u00e9konyan tiszt\u00edtja a fel\u00fcleteket, mik\u00f6zben friss f\u0171szeres-citrusos illattal t\u00f6lti meg a teret. VEG\u00c1N- nem tartalmaz \u00e1llati eredet\u0171 anyagokat. Haszn\u00e1lhat\u00f3: Magasf\u00e9ny\u0171 b\u00fatorok \u00e9s minden moshat\u00f3 fel\u00fclet tiszt\u00edt\u00e1s\u00e1ra. A k\u00e9sz\u00edtm\u00e9nyt 25-30 cm t\u00e1vols\u00e1gr\u00f3l permetezz\u00fck a tiszt\u00edtani k\u00edv\u00e1nt [&hellip;]<\/p>\n","protected":false},"featured_media":37882,"comment_status":"open","ping_status":"closed","template":"","meta":{"_acf_changed":false},"product_brand":[],"product_cat":[24,645,720],"product_tag":[658],"class_list":{"0":"post-37880","1":"product","2":"type-product","3":"status-publish","4":"has-post-thumbnail","6":"product_cat-altalanos-tisztito-es-felmososzer","7":"product_cat-penztar_slider","8":"product_cat-ujdonsagok","9":"product_tag-uj-termek","11":"first","12":"instock","13":"shipping-taxable","14":"purchasable","15":"product-type-simple"},"acf":[],"_links":{"self":[{"href":"https:\/\/naturcleaning.hu\/en\/wp-json\/wp\/v2\/product\/37880","targetHints":{"allow":["GET"]}}],"collection":[{"href":"https:\/\/naturcleaning.hu\/en\/wp-json\/wp\/v2\/product"}],"about":[{"href":"https:\/\/naturcleaning.hu\/en\/wp-json\/wp\/v2\/types\/product"}],"replies":[{"embeddable":true,"href":"https:\/\/naturcleaning.hu\/en\/wp-json\/wp\/v2\/comments?post=37880"}],"wp:featuredmedia":[{"embeddable":true,"href":"https:\/\/naturcleaning.hu\/en\/wp-json\/wp\/v2\/media\/37882"}],"wp:attachment":[{"href":"https:\/\/naturcleaning.hu\/en\/wp-json\/wp\/v2\/media?parent=37880"}],"wp:term":[{"taxonomy":"product_brand","embeddable":true,"href":"https:\/\/naturcleaning.hu\/en\/wp-json\/wp\/v2\/product_brand?post=37880"},{"taxonomy":"product_cat","embeddable":true,"href":"https:\/\/naturcleaning.hu\/en\/wp-json\/wp\/v2\/product_cat?post=37880"},{"taxonomy":"product_tag","embeddable":true,"href":"https:\/\/naturcleaning.hu\/en\/wp-json\/wp\/v2\/product_tag?post=37880"}],"curies":[{"name":"wp","href":"https:\/\/api.w.org\/{rel}","templated":true}]}}