{"id":37878,"date":"2025-11-01T16:16:37","date_gmt":"2025-11-01T16:16:37","guid":{"rendered":"https:\/\/naturcleaning.hu\/?post_type=product&#038;p=37878"},"modified":"2026-01-18T18:10:23","modified_gmt":"2026-01-18T18:10:23","slug":"naturcleaning-mosogatoszer-teli-alom-alma-fahej-500-ml","status":"publish","type":"product","link":"https:\/\/naturcleaning.hu\/en\/product\/naturcleaning-mosogatoszer-teli-alom-alma-fahej-500-ml\/","title":{"rendered":"Naturcleaning Mosogat\u00f3szer T\u00e9li \u00c1lom Alma-Fah\u00e9j 500 ml"},"content":{"rendered":"<p>A term\u00e9szet erej\u00e9vel tiszt\u00edt, \u00fcnnepi illattal var\u00e1zsol t\u00e9li hangulatot az otthonodba.<\/p>\n<p>VEG\u00c1N-nem tartalmaz \u00e1llati eredet\u0171 anyagokat. HIPOALLERG\u00c9N-olyan \u00f6sszetev\u0151ket tartalmaz, amelyek minimaliz\u00e1lj\u00e1k az allergi\u00e1s reakci\u00f3k kialakul\u00e1s\u00e1nak val\u00f3sz\u00edn\u0171s\u00e9g\u00e9t. Term\u00e9szetes n\u00f6v\u00e9nyi er\u0151vel oldja a szennyez\u0151d\u00e9seket, mik\u00f6zben v\u00e9di a b\u0151rt a kisz\u00e1rad\u00e1st\u00f3l, \u00e9s hidrat\u00e1lja kezeit. Tiszta n\u00f6v\u00e9nyi szaponinokb\u00f3l k\u00e9sz\u00fcl, ez\u00e1ltal nem hagy k\u00e1ros anyagot a fel\u00fcleteken. Biol\u00f3giailag j\u00f3l leboml\u00f3 fel\u00fcletakt\u00edv anyagokat tartalmaz.<\/p>\n<p>How to use: Put a small amount (about 1 teaspoon for 5 liters of water) in warm or hot dishwashing water. In case of heavy dirt or very greasy dishes, the dose can be increased.<\/p>\n<p><strong>Green dishes for washing dishes:<\/strong><\/p>\n<p>Warm water alone is degreasing, use only the amount of washing up liquid you need.<\/p>\n<p>To save water, do not wash in running water.<\/p>\n<p>Dilute the detergent concentrate 2-5 times to make it easier to add.<\/p>\n<p>Soak dried or burnt dishes in washing-up water, preferring mechanical cleaning.<\/p>\n<p>Do not leave washing up liquid in the bottle, rinse with water during the last use. Without rinsing, up to two dishwashing liquid  can stick to the wall of the bottle.<\/p>\n<p>&nbsp;<\/p>","protected":false},"excerpt":{"rendered":"<p>A term\u00e9szet erej\u00e9vel tiszt\u00edt, \u00fcnnepi illattal var\u00e1zsol t\u00e9li hangulatot az otthonodba. VEG\u00c1N-nem tartalmaz \u00e1llati eredet\u0171 anyagokat. HIPOALLERG\u00c9N-olyan \u00f6sszetev\u0151ket tartalmaz, amelyek minimaliz\u00e1lj\u00e1k az allergi\u00e1s reakci\u00f3k kialakul\u00e1s\u00e1nak val\u00f3sz\u00edn\u0171s\u00e9g\u00e9t. Term\u00e9szetes n\u00f6v\u00e9nyi er\u0151vel oldja a szennyez\u0151d\u00e9seket, mik\u00f6zben v\u00e9di a b\u0151rt a kisz\u00e1rad\u00e1st\u00f3l, \u00e9s hidrat\u00e1lja kezeit. Tiszta n\u00f6v\u00e9nyi szaponinokb\u00f3l k\u00e9sz\u00fcl, ez\u00e1ltal nem hagy k\u00e1ros anyagot a fel\u00fcleteken. Biol\u00f3giailag j\u00f3l leboml\u00f3 [&hellip;]<\/p>\n","protected":false},"featured_media":37879,"comment_status":"open","ping_status":"closed","template":"","meta":{"_acf_changed":false},"product_brand":[],"product_cat":[19,645,720],"product_tag":[658],"class_list":{"0":"post-37878","1":"product","2":"type-product","3":"status-publish","4":"has-post-thumbnail","6":"product_cat-mosogatoszer","7":"product_cat-penztar_slider","8":"product_cat-ujdonsagok","9":"product_tag-uj-termek","11":"first","12":"instock","13":"shipping-taxable","14":"purchasable","15":"product-type-simple"},"acf":[],"_links":{"self":[{"href":"https:\/\/naturcleaning.hu\/en\/wp-json\/wp\/v2\/product\/37878","targetHints":{"allow":["GET"]}}],"collection":[{"href":"https:\/\/naturcleaning.hu\/en\/wp-json\/wp\/v2\/product"}],"about":[{"href":"https:\/\/naturcleaning.hu\/en\/wp-json\/wp\/v2\/types\/product"}],"replies":[{"embeddable":true,"href":"https:\/\/naturcleaning.hu\/en\/wp-json\/wp\/v2\/comments?post=37878"}],"wp:featuredmedia":[{"embeddable":true,"href":"https:\/\/naturcleaning.hu\/en\/wp-json\/wp\/v2\/media\/37879"}],"wp:attachment":[{"href":"https:\/\/naturcleaning.hu\/en\/wp-json\/wp\/v2\/media?parent=37878"}],"wp:term":[{"taxonomy":"product_brand","embeddable":true,"href":"https:\/\/naturcleaning.hu\/en\/wp-json\/wp\/v2\/product_brand?post=37878"},{"taxonomy":"product_cat","embeddable":true,"href":"https:\/\/naturcleaning.hu\/en\/wp-json\/wp\/v2\/product_cat?post=37878"},{"taxonomy":"product_tag","embeddable":true,"href":"https:\/\/naturcleaning.hu\/en\/wp-json\/wp\/v2\/product_tag?post=37878"}],"curies":[{"name":"wp","href":"https:\/\/api.w.org\/{rel}","templated":true}]}}