{"id":372,"date":"2021-06-01T16:17:44","date_gmt":"2021-06-01T16:17:44","guid":{"rendered":"https:\/\/cudyfuture.nomaddigital.hu\/?post_type=product&#038;p=372"},"modified":"2025-09-14T11:02:11","modified_gmt":"2025-09-14T11:02:11","slug":"naturcleaning-sport-outdoor-hypoallergen-mosogel-1-liter","status":"publish","type":"product","link":"https:\/\/naturcleaning.hu\/en\/product\/naturcleaning-sport-outdoor-hypoallergen-mosogel-1-liter\/","title":{"rendered":"Naturcleaning sport &amp; outdoor hypoallergen wash gel 1 liter"},"content":{"rendered":"<p style=\"text-align: center\"><strong>The special formula of Naturcleaning sport &amp; outdoor hypoallergenic washing gel protects the breathable and absorbent function of the material. Thanks to the tea tree oil, it effectively frees clothes from unpleasant odours.<\/strong><br \/>\n<strong>Green Brand Award Winning Product<\/strong><\/p>\n<p>Ha szeretsz sportolni \u00e9s sok id\u0151t t\u00f6ltesz a szabadban, akkor biztosan tudod, hogy a sportruh\u00e1zat id\u0151vel nagyon megkopik \u00e9s koszol\u00f3dik.<\/p>\n<p>Az NaturCleaning mos\u00f3g\u00e9l egy ide\u00e1lis v\u00e1laszt\u00e1s sportruh\u00e1zat tiszt\u00edt\u00e1s\u00e1ra! Ez a k\u00fcl\u00f6nleges mos\u00f3g\u00e9l a sportruh\u00e1zat \u00e9s m\u00e1s akt\u00edv viseletek tiszt\u00edt\u00e1s\u00e1ra lett kifejlesztve, hogy elt\u00e1vol\u00edtsa a szennyez\u0151d\u00e9seket \u00e9s a szagokat, speci\u00e1lis formul\u00e1ja pedig seg\u00edt meg\u0151rizni a text\u00edli\u00e1t eredeti sz\u00edn\u00e9t, puhas\u00e1g\u00e1t \u00e9s funkci\u00f3j\u00e1t.<\/p>\n<p>Ez a mos\u00f3g\u00e9l 100%-ban term\u00e9szetes alapanyagokb\u00f3l k\u00e9sz\u00fclt, \u00edgy biztos lehetsz benne, hogy a b\u0151r\u00f6dnek nem okoz probl\u00e9m\u00e1t. Nem tartalmaz semmilyen kemik\u00e1li\u00e1t vagy irrit\u00e1l\u00f3 anyagot. Ez az\u00e9rt is fontos, mert a sportruh\u00e1zatunkat k\u00f6zvetlen\u00fcl a b\u0151r\u00fcnk\u00f6n viselj\u00fck, \u00e9s fontos, hogy ne irrit\u00e1ljuk a b\u0151r\u00fcnket semmi k\u00e1ros anyaggal.<\/p>\n<p>Ez a mos\u00f3g\u00e9l k\u00fcl\u00f6n\u00f6sen hat\u00e9kony a sportruh\u00e1zatn\u00e1l, mivel term\u00e9szetes enzimek \u00e9s a teafa olaj seg\u00edts\u00e9g\u00e9vel hat\u00e9konyan elt\u00e1vol\u00edtj\u00e1k a verejt\u00e9ket, a szennyez\u0151d\u00e9seket \u00e9s a kellemetlen szagokat, ami a sportol\u00e1s sor\u00e1n felgy\u00fclemlik. Ez a mos\u00f3g\u00e9l term\u00e9szetes, m\u00e9gis hat\u00e9kony tiszt\u00edt\u00e1si megold\u00e1s, amely meg\u0151rzi a sportruh\u00e1zat form\u00e1j\u00e1t, anyag\u00e1t \u00e9s sz\u00edn\u00e9t, garant\u00e1lja a teljes higi\u00e9niai tisztas\u00e1got.<\/p>\n<p>Ha olyan mos\u00f3szert keresel, amely hat\u00e9konyan tiszt\u00edtja a sportruh\u00e1zatot, val\u00f3ban term\u00e9szetes \u00e9s b\u0151rbar\u00e1t, akkor a NaturCleaning sport mos\u00f3g\u00e9l az ide\u00e1lis v\u00e1laszt\u00e1s sz\u00e1modra! Term\u00e9szetes n\u00f6v\u00e9nyi eredet\u0171 \u00f6sszet\u00e9tel\u00e9nek k\u00f6sz\u00f6nhet\u0151en nem szennyezi a k\u00f6rnyezetet. Nem terheli \u00e9l\u0151vizeinket, hiszen biol\u00f3giailag teljesen lebomlik.<\/p>\n<p><strong>Features:<\/strong><br \/>\n-Specially developed for washing functional and sportswear<br \/>\n-With teatree oil<br \/>\n-Effective against odors<br \/>\n-Cleans and cares for your clothes intensively<br \/>\n-Keeps the integrity of the fibers and the shape of functional clothing<br \/>\n-Environmentally conscious, skin-friendly detergent<br \/>\n-Of course very effective<br \/>\n-Plant ingredients<br \/>\n-Hypoallergenic<br \/>\n- Effective at 20 \u00b0 C<br \/>\n-Can be used for both machine and hand washing<br \/>\n-phosphate-free, chlorine-free, paraben-free, cruelty-free, palm oil-free, vegan<br \/>\n-Biodegradable<br \/>\n-Economical dosing<br \/>\n-Hungarian product<br \/>\n-Refillable bottle<\/p>","protected":false},"excerpt":{"rendered":"<p>A Naturcleaning sport &amp; outdoor hypoallergen mos\u00f3g\u00e9l speci\u00e1lis formul\u00e1ja v\u00e9di az anyag l\u00e9g\u00e1tereszt\u0151 \u00e9s nedvsz\u00edv\u00f3 funkci\u00f3j\u00e1t. A teafa olajnak k\u00f6sz\u00f6nhet\u0151en hat\u00e9konyan szabad\u00edtja meg a ruh\u00e1kat a kellemetlen szagokt\u00f3l. Green Brand d\u00edjas term\u00e9k Ha szeretsz sportolni \u00e9s sok id\u0151t t\u00f6ltesz a szabadban, akkor biztosan tudod, hogy a sportruh\u00e1zat id\u0151vel nagyon megkopik \u00e9s koszol\u00f3dik. Az NaturCleaning mos\u00f3g\u00e9l [&hellip;]<\/p>\n","protected":false},"featured_media":6740,"comment_status":"open","ping_status":"closed","template":"","meta":{"_acf_changed":false},"product_brand":[],"product_cat":[61,17],"product_tag":[687],"class_list":{"0":"post-372","1":"product","2":"type-product","3":"status-publish","4":"has-post-thumbnail","6":"product_cat-a-sportok-szerelmeseinek-crossfit-funkcionalis-fitness-sport-silk-hammock-joga","7":"product_cat-mososzer","8":"product_tag-20-mosas","10":"first","11":"instock","12":"shipping-taxable","13":"purchasable","14":"product-type-simple"},"acf":[],"_links":{"self":[{"href":"https:\/\/naturcleaning.hu\/en\/wp-json\/wp\/v2\/product\/372","targetHints":{"allow":["GET"]}}],"collection":[{"href":"https:\/\/naturcleaning.hu\/en\/wp-json\/wp\/v2\/product"}],"about":[{"href":"https:\/\/naturcleaning.hu\/en\/wp-json\/wp\/v2\/types\/product"}],"replies":[{"embeddable":true,"href":"https:\/\/naturcleaning.hu\/en\/wp-json\/wp\/v2\/comments?post=372"}],"wp:featuredmedia":[{"embeddable":true,"href":"https:\/\/naturcleaning.hu\/en\/wp-json\/wp\/v2\/media\/6740"}],"wp:attachment":[{"href":"https:\/\/naturcleaning.hu\/en\/wp-json\/wp\/v2\/media?parent=372"}],"wp:term":[{"taxonomy":"product_brand","embeddable":true,"href":"https:\/\/naturcleaning.hu\/en\/wp-json\/wp\/v2\/product_brand?post=372"},{"taxonomy":"product_cat","embeddable":true,"href":"https:\/\/naturcleaning.hu\/en\/wp-json\/wp\/v2\/product_cat?post=372"},{"taxonomy":"product_tag","embeddable":true,"href":"https:\/\/naturcleaning.hu\/en\/wp-json\/wp\/v2\/product_tag?post=372"}],"curies":[{"name":"wp","href":"https:\/\/api.w.org\/{rel}","templated":true}]}}