{"id":36965,"date":"2025-09-14T10:43:48","date_gmt":"2025-09-14T10:43:48","guid":{"rendered":"https:\/\/naturcleaning.hu\/?post_type=product&#038;p=36965"},"modified":"2025-10-08T09:27:07","modified_gmt":"2025-10-08T09:27:07","slug":"naturcleaning-cheer-hipoallergen-mosoparfum-szuperkoncentratum-1-liter","status":"publish","type":"product","link":"https:\/\/naturcleaning.hu\/en\/product\/naturcleaning-cheer-hipoallergen-mosoparfum-szuperkoncentratum-1-liter\/","title":{"rendered":"Naturcleaning Cheer Hipoallerg\u00e9n Mos\u00f3parf\u00fcm Szuperkoncentr\u00e1tum 1 liter"},"content":{"rendered":"<p>A Hipoallerg\u00e9n Mos\u00f3parf\u00fcm szuperkoncentr\u00e1tum hat\u00e1sosabb mint egy hagyom\u00e1nyos \u00f6bl\u00edt\u0151. Szuperkoncentr\u00e1lt \u00f6sszet\u00e9tel\u00e9nek \u00e9s v\u00e1logatott alapanyagainak k\u00f6sz\u00f6nhet\u0151en m\u00e1r 5 ml mos\u00f3parf\u00fcm is elegend\u0151 ahhoz, hogy a ruh\u00e1k extra illatosak \u00e9s puh\u00e1k legyenek. Hosszan tart\u00f3, nagyon intenz\u00edv illatot biztos\u00edt a ruh\u00e1knak.<\/p>\n<p><strong>Az elegancia \u00e9s frissess\u00e9g tal\u00e1lkoz\u00e1sa.<\/strong><\/p>\n<p>Finoman p\u00faderes, enyh\u00e9n k\u00e1v\u00e9s illata gyeng\u00e9den \u00e1tj\u00e1rja ruh\u00e1idat, \u00e9s k\u00fcl\u00f6nleges<br \/>\nhangulatot visz a mindennapokba. Hosszan tart\u00f3 illat, ami nemcsak kellemes, hanem<br \/>\nigaz\u00e1n k\u00fcl\u00f6nlegess\u00e9 teszi a tisztas\u00e1g \u00e9lm\u00e9ny\u00e9t.<\/p>\n<p><strong>Extra el\u0151ny:<\/strong> Sz\u00e1r\u00edt\u00f3g\u00e9p haszn\u00e1lata ut\u00e1n is hosszan tart\u00f3, l\u00e1gy, eleg\u00e1ns illatot biztos\u00edt,<br \/>\nhogy ruh\u00e1id minden nap k\u00fcl\u00f6nlegesek maradjanak.<\/p>\n<p>G\u00e9pi \u00e9s k\u00e9zi mos\u00e1shoz is alkalmazhat\u00f3.<\/p>\n<p data-start=\"198\" data-end=\"462\">A praktikus 1 literes flakon kis helyen elf\u00e9r, m\u00e9gis ak\u00e1r 200 mos\u00e1sra elegend\u0151. A n\u00f6v\u00e9nyi eredet\u0171, hipoallerg\u00e9n \u00f6sszetev\u0151k k\u00edm\u00e9lik a b\u0151rt, mik\u00f6zben a ruh\u00e1kat puh\u00e1v\u00e1 \u00e9s k\u00f6nnyen kezelhet\u0151v\u00e9 var\u00e1zsolj\u00e1k. T\u00f6k\u00e9letes v\u00e1laszt\u00e1s, ha nem akarsz kompromisszumot k\u00f6tni a hat\u00e9konys\u00e1g, az illat\u00e9lm\u00e9ny \u00e9s a fenntarthat\u00f3s\u00e1g k\u00f6z\u00f6tt.<\/p>\n<h4 data-start=\"469\" data-end=\"492\"><strong data-start=\"473\" data-end=\"492\">F\u0151bb jellemz\u0151k:<\/strong><\/h4>\n<p data-start=\"494\" data-end=\"1130\"><strong data-start=\"497\" data-end=\"517\">P\u00faderes, k\u00e1v\u00e9s illat<\/strong>\u00a0\u2013 Hosszan tart\u00f3 illat\u00e9lm\u00e9ny minden mos\u00e1s ut\u00e1n.<br data-start=\"564\" data-end=\"567\" \/><strong data-start=\"570\" data-end=\"589\">Selymes puhas\u00e1g<\/strong>\u00a0\u2013 Ruh\u00e1id puh\u00e1v\u00e1 \u00e9s k\u00e9nyelmess\u00e9 v\u00e1lnak.<br data-start=\"628\" data-end=\"631\" \/><strong data-start=\"634\" data-end=\"661\">Sz\u00e1r\u00edt\u00f3g\u00e9p kompatibilis<\/strong>\u00a0\u2013 Sz\u00e1r\u00edt\u00e1s ut\u00e1n is meg\u0151rzi frissess\u00e9g\u00e9t \u00e9s puhas\u00e1g\u00e1t.<br data-start=\"715\" data-end=\"718\" \/><strong data-start=\"721\" data-end=\"748\">Gazdas\u00e1gos koncentr\u00e1tum<\/strong>\u00a0\u2013\u00a0<strong data-start=\"751\" data-end=\"771\" data-is-only-node=\"\">5 ml is elegend\u0151<\/strong>\u00a0a hat\u00e9kony eredm\u00e9nyhez.<br data-start=\"795\" data-end=\"798\" \/><strong data-start=\"801\" data-end=\"839\">N\u00f6v\u00e9nyi alap\u00fa, b\u0151rbar\u00e1t \u00f6sszetev\u0151k<\/strong>\u00a0\u2013 K\u00edm\u00e9letes a b\u0151rh\u00f6z \u00e9s a term\u00e9szethez.<br data-start=\"879\" data-end=\"882\" \/><strong data-start=\"885\" data-end=\"963\">Mentes foszf\u00e1t-, kl\u00f3r-, parab\u00e9n-, p\u00e1lmaolaj- \u00e9s \u00e1llatk\u00eds\u00e9rlet-tartalmakt\u00f3l<\/strong>\u00a0\u2013 Veg\u00e1n \u00e9s term\u00e9szetes.<br data-start=\"987\" data-end=\"990\" \/><strong data-start=\"993\" data-end=\"1017\">Biol\u00f3giailag leboml\u00f3<\/strong>\u00a0\u2013 Fenntarthat\u00f3, k\u00f6rnyezetbar\u00e1t megold\u00e1s.<br data-start=\"1058\" data-end=\"1061\" \/><strong data-start=\"1064\" data-end=\"1087\">\u00dajrat\u00f6lthet\u0151 flakon<\/strong>\u00a0\u2013 Kevesebb hullad\u00e9k, tudatosabb v\u00e1laszt\u00e1s.<\/p>\n<p>&nbsp;<\/p>","protected":false},"excerpt":{"rendered":"<p>A Hipoallerg\u00e9n Mos\u00f3parf\u00fcm szuperkoncentr\u00e1tum hat\u00e1sosabb mint egy hagyom\u00e1nyos \u00f6bl\u00edt\u0151. Szuperkoncentr\u00e1lt \u00f6sszet\u00e9tel\u00e9nek \u00e9s v\u00e1logatott alapanyagainak k\u00f6sz\u00f6nhet\u0151en m\u00e1r 5 ml mos\u00f3parf\u00fcm is elegend\u0151 ahhoz, hogy a ruh\u00e1k extra illatosak \u00e9s puh\u00e1k legyenek. Hosszan tart\u00f3, nagyon intenz\u00edv illatot biztos\u00edt a ruh\u00e1knak. Az elegancia \u00e9s frissess\u00e9g tal\u00e1lkoz\u00e1sa. Finoman p\u00faderes, enyh\u00e9n k\u00e1v\u00e9s illata gyeng\u00e9den \u00e1tj\u00e1rja ruh\u00e1idat, \u00e9s k\u00fcl\u00f6nleges hangulatot visz [&hellip;]<\/p>\n","protected":false},"featured_media":37020,"comment_status":"open","ping_status":"closed","template":"","meta":{"_acf_changed":false},"product_brand":[],"product_cat":[59,18,720],"product_tag":[695,658],"class_list":{"0":"post-36965","1":"product","2":"type-product","3":"status-publish","4":"has-post-thumbnail","6":"product_cat-mosoparfum","7":"product_cat-oblito-koncentratum","8":"product_cat-ujdonsagok","9":"product_tag-200-mosas","10":"product_tag-uj-termek","12":"first","13":"instock","14":"shipping-taxable","15":"purchasable","16":"product-type-simple"},"acf":[],"_links":{"self":[{"href":"https:\/\/naturcleaning.hu\/en\/wp-json\/wp\/v2\/product\/36965","targetHints":{"allow":["GET"]}}],"collection":[{"href":"https:\/\/naturcleaning.hu\/en\/wp-json\/wp\/v2\/product"}],"about":[{"href":"https:\/\/naturcleaning.hu\/en\/wp-json\/wp\/v2\/types\/product"}],"replies":[{"embeddable":true,"href":"https:\/\/naturcleaning.hu\/en\/wp-json\/wp\/v2\/comments?post=36965"}],"wp:featuredmedia":[{"embeddable":true,"href":"https:\/\/naturcleaning.hu\/en\/wp-json\/wp\/v2\/media\/37020"}],"wp:attachment":[{"href":"https:\/\/naturcleaning.hu\/en\/wp-json\/wp\/v2\/media?parent=36965"}],"wp:term":[{"taxonomy":"product_brand","embeddable":true,"href":"https:\/\/naturcleaning.hu\/en\/wp-json\/wp\/v2\/product_brand?post=36965"},{"taxonomy":"product_cat","embeddable":true,"href":"https:\/\/naturcleaning.hu\/en\/wp-json\/wp\/v2\/product_cat?post=36965"},{"taxonomy":"product_tag","embeddable":true,"href":"https:\/\/naturcleaning.hu\/en\/wp-json\/wp\/v2\/product_tag?post=36965"}],"curies":[{"name":"wp","href":"https:\/\/api.w.org\/{rel}","templated":true}]}}